{"id":162422,"date":"2026-04-10T04:22:25","date_gmt":"2026-04-10T03:22:25","guid":{"rendered":"https:\/\/bigbuy.tupique.com\/produto\/usb-hub-kensington-k35201eu\/"},"modified":"2026-04-15T05:10:14","modified_gmt":"2026-04-15T04:10:14","slug":"usb-hub-kensington-k35201eu","status":"publish","type":"product","link":"https:\/\/bigbuy.tupique.com\/pt\/produto\/usb-hub-kensington-k35201eu\/","title":{"rendered":"Hub USB Kensington K35201EU"},"content":{"rendered":"<p>Si vous \u00eates passionn\u00e9 d&#8217;<b>informatique et d&#8217;\u00e9lectronique<\/b>, si vous \u00eates \u00e0 la pointe de la technologie et qu&#8217;aucun d\u00e9tail ne vous \u00e9chappe, achetez <b>Hub USB Kensington K35201EU<\/b> au meilleur prix.<\/p>\n<p>Le <b>K35201EU<\/b> de <b>Kensington<\/b> est un <b>hub USB<\/b> con\u00e7u pour \u00e9tendre et optimiser la connectivit\u00e9 des ordinateurs portables et stations de travail gr\u00e2ce \u00e0 une technologie avanc\u00e9e et une construction robuste en <b>noir et gris<\/b>. Cet appareil offre une interface h\u00f4te de derni\u00e8re g\u00e9n\u00e9ration avec <b>Thunderbolt 5<\/b>, garantissant un transfert de donn\u00e9es ultra-rapide et une large compatibilit\u00e9 avec les appareils modernes. Il int\u00e8gre un support pour <b>Ethernet LAN haute vitesse<\/b>, avec des d\u00e9bits allant jusqu\u2019\u00e0 <b>2500 Mbit\/s<\/b>, adapt\u00e9 aux r\u00e9seaux filaires gigabit et sup\u00e9rieurs pour des connexions stables et rapides, id\u00e9ales en environnement professionnel ou domestique \u00e0 forte demande de bande passante. Gr\u00e2ce \u00e0 sa capacit\u00e9 de <b>charge USB Power Delivery jusqu\u2019\u00e0 140 W<\/b>, ce hub permet d\u2019alimenter les portables compatibles \u00e0 forte consommation, assurant que votre \u00e9quipement reste actif durant de longues sessions sans c\u00e2bles suppl\u00e9mentaires. Il offre \u00e9galement des emplacements pour <b>cartes m\u00e9moire MicroSD (TransFlash) et SD<\/b>, facilitant le transfert direct de photos, vid\u00e9os et autres fichiers depuis des p\u00e9riph\u00e9riques externes. Son support vid\u00e9o en <b>8K Ultra HD<\/b> permet la connexion \u00e0 des moniteurs et \u00e9crans haute r\u00e9solution, \u00e9largissant les options visuelles pour montage ou divertissement. Il est compatible avec les derniers syst\u00e8mes d\u2019exploitation, incluant plusieurs versions de <b>Windows 11<\/b> et <b>Mac OS X 15.0 Sequoia<\/b>, assurant une int\u00e9gration fluide et sans complications. Le hub fonctionne sous une plage de tension d\u2019entr\u00e9e de <b>100-240 V AC<\/b> et un courant d\u2019entr\u00e9e de <b>2,5 A<\/b>, tandis que sa sortie maintient une tension stable de <b>20 V<\/b>, garantissant un fonctionnement s\u00fbr et efficace. En r\u00e9sum\u00e9, le Kensington K35201EU offre une solution compl\u00e8te et avanc\u00e9e pour les utilisateurs n\u00e9cessitant un point de connexion centralis\u00e9, capable de g\u00e9rer plusieurs appareils avec rapidit\u00e9, puissance et qualit\u00e9 dans un format compact et moderne.<\/p>\n<ul>\n<li>Type:\n<ul>\n<li>Hub USB<\/li>\n<li>Support pour Ordinateur Portable<\/li>\n<li>Dockstation<\/li>\n<li>Avec fil<\/li>\n<\/ul>\n<\/li>\n<li>Couleur: Blanc<\/li>\n<li>Mati\u00e8re: Aluminium<\/li>\n<li>Connexions:\n<ul>\n<li>RJ45<\/li>\n<li>USB 3.2 x 3<\/li>\n<li>Plug and play<\/li>\n<li>Entr\u00e9e cartes microSD<\/li>\n<li>USB<\/li>\n<li>Micro SD<\/li>\n<li>Jack 3.5 mm<\/li>\n<li>Ethernet LAN<\/li>\n<li>C\u00e2ble jack 3,3 mm<\/li>\n<\/ul>\n<\/li>\n<li>R\u00e9solution: 8K Ultra HD<\/li>\n<li>Tension:\n<ul>\n<li>100-240 V<\/li>\n<li>20 V<\/li>\n<li>100 &#8211; 240 V<\/li>\n<\/ul>\n<\/li>\n<li>Tension de sortie: 20 V<\/li>\n<li>Caract\u00e9ristiques:\n<ul>\n<li>Garantie<\/li>\n<li>Guide d&#8217;installation inclus<\/li>\n<li>Plug and play<\/li>\n<li>Carte de lecture int\u00e9gr\u00e9e<\/li>\n<\/ul>\n<\/li>\n<li>Bloc d\u2019Alimentation:\n<ul>\n<li>Avec fil<\/li>\n<li>CC<\/li>\n<\/ul>\n<\/li>\n<li>Non Inclus: Adaptateur AC<\/li>\n<li>Amp\u00e9rage: 2,5 A<\/li>\n<li>vitesse: 10\/100\/1000\/2500 Mbps<\/li>\n<\/ul>","protected":false},"excerpt":{"rendered":"<p>Si vous \u00eates passionn\u00e9 d&#8217;informatique et d&#8217;\u00e9lectronique, si vous \u00eates \u00e0 la pointe de la technologie et qu&#8217;aucun d\u00e9tail ne vous \u00e9chappe, achetez Hub USB Kensington K35201EU au meilleur prix. Le K35201EU de Kensington est un hub USB con\u00e7u pour \u00e9tendre et optimiser la connectivit\u00e9 des ordinateurs portables et stations de travail gr\u00e2ce \u00e0 une [&hellip;]<\/p>\n","protected":false},"featured_media":162413,"comment_status":"open","ping_status":"closed","template":"","meta":[],"product_brand":[997],"product_cat":[611,65,584],"product_tag":[106],"class_list":{"0":"post-162422","1":"product","2":"type-product","3":"status-publish","4":"has-post-thumbnail","6":"product_brand-brandp_910","7":"product_cat-hub-usb","8":"product_cat-informatique-electronique","9":"product_cat-informatique-reseaux-et-composants","10":"product_tag-tag_1295","12":"first","13":"instock","14":"taxable","15":"shipping-taxable","16":"purchasable","17":"product-type-simple"},"_links":{"self":[{"href":"https:\/\/bigbuy.tupique.com\/pt\/wp-json\/wp\/v2\/product\/162422","targetHints":{"allow":["GET"]}}],"collection":[{"href":"https:\/\/bigbuy.tupique.com\/pt\/wp-json\/wp\/v2\/product"}],"about":[{"href":"https:\/\/bigbuy.tupique.com\/pt\/wp-json\/wp\/v2\/types\/product"}],"replies":[{"embeddable":true,"href":"https:\/\/bigbuy.tupique.com\/pt\/wp-json\/wp\/v2\/comments?post=162422"}],"wp:featuredmedia":[{"embeddable":true,"href":"https:\/\/bigbuy.tupique.com\/pt\/wp-json\/wp\/v2\/media\/162413"}],"wp:attachment":[{"href":"https:\/\/bigbuy.tupique.com\/pt\/wp-json\/wp\/v2\/media?parent=162422"}],"wp:term":[{"taxonomy":"product_brand","embeddable":true,"href":"https:\/\/bigbuy.tupique.com\/pt\/wp-json\/wp\/v2\/product_brand?post=162422"},{"taxonomy":"product_cat","embeddable":true,"href":"https:\/\/bigbuy.tupique.com\/pt\/wp-json\/wp\/v2\/product_cat?post=162422"},{"taxonomy":"product_tag","embeddable":true,"href":"https:\/\/bigbuy.tupique.com\/pt\/wp-json\/wp\/v2\/product_tag?post=162422"}],"curies":[{"name":"wp","href":"https:\/\/api.w.org\/{rel}","templated":true}]}}