{"id":16238,"date":"2026-03-29T13:24:45","date_gmt":"2026-03-29T12:24:45","guid":{"rendered":"https:\/\/bigbuy.tupique.com\/produto\/network-storage-qnap-ts-464eu-8g-black\/"},"modified":"2026-04-15T00:46:42","modified_gmt":"2026-04-14T23:46:42","slug":"network-storage-qnap-ts-464eu-8g-black","status":"publish","type":"product","link":"https:\/\/bigbuy.tupique.com\/pt\/produto\/network-storage-qnap-ts-464eu-8g-black\/","title":{"rendered":"Stockage r\u00e9seau Qnap TS-464EU-8G Noir"},"content":{"rendered":"<p>Si vous \u00eates passionn\u00e9 d&#8217;<b>informatique et d&#8217;\u00e9lectronique<\/b>, si vous \u00eates \u00e0 la pointe de la technologie et qu&#8217;aucun d\u00e9tail ne vous \u00e9chappe, achetez <b>Stockage r\u00e9seau Qnap TS-464EU-8G Noir<\/b> au meilleur prix.<\/p>\n<p>Le <b>Qnap TS-464eU<\/b> est un <b>NAS de stockage en r\u00e9seau<\/b> haute performance con\u00e7u pour les entreprises et environnements professionnels exigeant fiabilit\u00e9, rapidit\u00e9 et polyvalence dans la gestion des donn\u00e9es. Mont\u00e9 en rack 1U avec un design compact peu profond en noir, ce mod\u00e8le int\u00e8gre un <b>processeur Intel Celeron N5095<\/b> quadric\u0153ur jusqu\u2019\u00e0 2,9 GHz, accompagn\u00e9 de <b>8 Go de RAM DDR4<\/b> extensible et compatible avec disques <b>HDD\/SSD<\/b>, garantissant des op\u00e9rations rapides et une excellente r\u00e9activit\u00e9. Il offre une connectivit\u00e9 avanc\u00e9e avec ports <b>2,5GbE<\/b> pour r\u00e9seaux haut d\u00e9bit, plusieurs interfaces <b>USB 3.2 et USB 2.0<\/b> pour un transfert efficace des fichiers et prise en charge de la sortie <b>HDMI 4K<\/b>, permettant la diffusion multim\u00e9dia et la gestion directe de machines virtuelles. Il dispose de deux emplacements <b>M.2 PCIe Gen3 NVMe<\/b> pour l\u2019acc\u00e9l\u00e9ration du cache et le stockage hi\u00e9rarchis\u00e9, am\u00e9liorant les performances lors d\u2019op\u00e9rations intensives. Propuls\u00e9 par le syst\u00e8me <b>QTS 5<\/b>, le TS-464eU int\u00e8gre des outils de s\u00e9curit\u00e9 avanc\u00e9s avec chiffrement mat\u00e9riel AES-NI, pare-feu QuFirewall et applications telles que Security Counselor et Malware Remover pour prot\u00e9ger l\u2019int\u00e9grit\u00e9 des donn\u00e9es. Il prend en charge la sauvegarde et la restauration apr\u00e8s sinistre, les instantan\u00e9s multi-versions pour contrer les ransomwares, et des utilitaires comme Hybrid Backup Sync pour la gestion compl\u00e8te des sauvegardes locales, distantes et cloud. Ce NAS permet la virtualisation de plusieurs syst\u00e8mes d\u2019exploitation via <b>Virtualization Station<\/b>, la gestion de conteneurs avec <b>Container Station<\/b> et l\u2019ex\u00e9cution native d\u2019applications Linux, devenant ainsi un centre complet pour le stockage, le d\u00e9veloppement et le d\u00e9ploiement d\u2019applications professionnelles. Il propose une gestion avanc\u00e9e des utilisateurs et des droits, l\u2019int\u00e9gration avec les services de domaine, et des solutions de collaboration r\u00e9seau efficaces gr\u00e2ce aux protocoles SMB, AFP et NFS. Le Qnap TS-464eU offre des options d\u2019extension de stockage flexibles, des syst\u00e8mes de surveillance intelligents avec QVR Elite et une interface intuitive, s\u2019imposant comme une solution robuste, \u00e9volutive et s\u00e9curis\u00e9e pour les besoins croissants en donn\u00e9es des entreprises modernes.<\/p>\n<ul>\n<li>Connexions:\n<ul>\n<li>SO-DIMM<\/li>\n<li>HDMI<\/li>\n<li>USB 2.0<\/li>\n<li>RJ45 x 2<\/li>\n<li>Ethernet LAN<\/li>\n<li>2<\/li>\n<li>USB<\/li>\n<li>RJ45<\/li>\n<li>HDMI 1.4<\/li>\n<li>USB A 3.2 Gen 2 (3.1 Gen 2) x 2<\/li>\n<\/ul>\n<\/li>\n<li>Type:\n<ul>\n<li>DDR4<\/li>\n<li>NAS<\/li>\n<li>HDD\/SSD<\/li>\n<\/ul>\n<\/li>\n<li>Fr\u00e9quence: 50-60 Hz<\/li>\n<li>Tension:\n<ul>\n<li>100-240 V<\/li>\n<li>12 V<\/li>\n<li>100 &#8211; 240 V<\/li>\n<\/ul>\n<\/li>\n<li>vitesse:\n<ul>\n<li>10 Gbit\/s<\/li>\n<li>10\/100\/1000\/2500 Mbps<\/li>\n<\/ul>\n<\/li>\n<li>M\u00e9moire RAM: 8 GB RAM<\/li>\n<li>Processeur:\n<ul>\n<li>Intel Celeron<\/li>\n<li>Intel Celeron N5095<\/li>\n<\/ul>\n<\/li>\n<li>Taille:\n<ul>\n<li>3,5&#8243;<\/li>\n<li>2,5&#8243;<\/li>\n<\/ul>\n<\/li>\n<li>Couleur: Noir<\/li>\n<li>Compatible:\n<ul>\n<li>HDD\/SSD<\/li>\n<li>PC<\/li>\n<li>Raid 0,1,5,6,10,JBOD<\/li>\n<\/ul>\n<\/li>\n<li>Caract\u00e9ristiques:\n<ul>\n<li>Interrupteur marche\/arr\u00eat<\/li>\n<li>Guide d&#8217;installation inclus<\/li>\n<li>Vibromasseur<\/li>\n<li>Etats de veille<\/li>\n<\/ul>\n<\/li>\n<li>Compartiments 3,5&#8243;: 4<\/li>\n<li>Batterie au lithium rechargeable: 100 mAh<\/li>\n<li>Fr\u00e9quence d&#8217;entr\u00e9e AC: 50-60 Hz<\/li>\n<li>Type de m\u00e9moire: DDR4<\/li>\n<li>Facteur de forme: SO-DIMM<\/li>\n<li>Bloc d\u2019Alimentation: Int\u00e9rieur<\/li>\n<li>M\u00e9moire: x 2<\/li>\n<li>Temp\u00e9rature approximative: &#8211; 20\u00baC \/ 70\u00b0C<\/li>\n<li>Technologie:\n<ul>\n<li>VT-d<\/li>\n<li>VT-x<\/li>\n<\/ul>\n<\/li>\n<li>Unit\u00e9s: 3 Unit\u00e9s<\/li>\n<li>Noyaux: 4 Noyaux<\/li>\n<li>Famille de processeurs:\n<ul>\n<li>Intel Celeron<\/li>\n<li>Intel<\/li>\n<\/ul>\n<\/li>\n<\/ul>","protected":false},"excerpt":{"rendered":"<p>Si vous \u00eates passionn\u00e9 d&#8217;informatique et d&#8217;\u00e9lectronique, si vous \u00eates \u00e0 la pointe de la technologie et qu&#8217;aucun d\u00e9tail ne vous \u00e9chappe, achetez Stockage r\u00e9seau Qnap TS-464EU-8G Noir au meilleur prix. Le Qnap TS-464eU est un NAS de stockage en r\u00e9seau haute performance con\u00e7u pour les entreprises et environnements professionnels exigeant fiabilit\u00e9, rapidit\u00e9 et polyvalence [&hellip;]<\/p>\n","protected":false},"featured_media":16236,"comment_status":"open","ping_status":"closed","template":"","meta":[],"product_brand":[646],"product_cat":[588,65,584],"product_tag":[106],"class_list":{"0":"post-16238","1":"product","2":"type-product","3":"status-publish","4":"has-post-thumbnail","6":"product_brand-brandp_4747","7":"product_cat-disques-durs","8":"product_cat-informatique-electronique","9":"product_cat-informatique-reseaux-et-composants","10":"product_tag-tag_1295","12":"first","13":"instock","14":"taxable","15":"shipping-taxable","16":"purchasable","17":"product-type-simple"},"_links":{"self":[{"href":"https:\/\/bigbuy.tupique.com\/pt\/wp-json\/wp\/v2\/product\/16238","targetHints":{"allow":["GET"]}}],"collection":[{"href":"https:\/\/bigbuy.tupique.com\/pt\/wp-json\/wp\/v2\/product"}],"about":[{"href":"https:\/\/bigbuy.tupique.com\/pt\/wp-json\/wp\/v2\/types\/product"}],"replies":[{"embeddable":true,"href":"https:\/\/bigbuy.tupique.com\/pt\/wp-json\/wp\/v2\/comments?post=16238"}],"wp:featuredmedia":[{"embeddable":true,"href":"https:\/\/bigbuy.tupique.com\/pt\/wp-json\/wp\/v2\/media\/16236"}],"wp:attachment":[{"href":"https:\/\/bigbuy.tupique.com\/pt\/wp-json\/wp\/v2\/media?parent=16238"}],"wp:term":[{"taxonomy":"product_brand","embeddable":true,"href":"https:\/\/bigbuy.tupique.com\/pt\/wp-json\/wp\/v2\/product_brand?post=16238"},{"taxonomy":"product_cat","embeddable":true,"href":"https:\/\/bigbuy.tupique.com\/pt\/wp-json\/wp\/v2\/product_cat?post=16238"},{"taxonomy":"product_tag","embeddable":true,"href":"https:\/\/bigbuy.tupique.com\/pt\/wp-json\/wp\/v2\/product_tag?post=16238"}],"curies":[{"name":"wp","href":"https:\/\/api.w.org\/{rel}","templated":true}]}}