{"id":16231,"date":"2026-03-29T13:24:38","date_gmt":"2026-03-29T12:24:38","guid":{"rendered":"https:\/\/bigbuy.tupique.com\/produto\/processor-amd-100-100000445wof\/"},"modified":"2026-04-16T09:17:23","modified_gmt":"2026-04-16T08:17:23","slug":"processor-amd-100-100000445wof","status":"publish","type":"product","link":"https:\/\/bigbuy.tupique.com\/pt\/produto\/processor-amd-100-100000445wof\/","title":{"rendered":"Processeur AMD 100-100000445WOF"},"content":{"rendered":"<p>Si vous \u00eates passionn\u00e9 d&#8217;<b>informatique et d&#8217;\u00e9lectronique<\/b>, si vous \u00eates \u00e0 la pointe de la technologie et qu&#8217;aucun d\u00e9tail ne vous \u00e9chappe, achetez <b>Processeur AMD 100-100000445WOF<\/b> au meilleur prix.<\/p>\n<ul>\n<li>Cache: 128 MB<\/li>\n<li>Compatible: DDR4-SDRAM<\/li>\n<li>Exigences: 64 bits<\/li>\n<li>puissance: 280 W<\/li>\n<li>Caract\u00e9ristiques: Adaptateur graphique non-int\u00e9gr\u00e9<\/li>\n<li>Non inclut: Adaptateur graphique discret<\/li>\n<li>Version: 4.0<\/li>\n<li>Processeur: AMD Ryzen Threadripper PRO<\/li>\n<li>Fr\u00e9quence: 4,5 GHz<\/li>\n<li>Noyaux: 32<\/li>\n<li>Carte Graphique: No<\/li>\n<li>Famille de processeurs: AMD<\/li>\n<\/ul>","protected":false},"excerpt":{"rendered":"<p>Si vous \u00eates passionn\u00e9 d&#8217;informatique et d&#8217;\u00e9lectronique, si vous \u00eates \u00e0 la pointe de la technologie et qu&#8217;aucun d\u00e9tail ne vous \u00e9chappe, achetez Processeur AMD 100-100000445WOF au meilleur prix. Cache: 128 MB Compatible: DDR4-SDRAM Exigences: 64 bits puissance: 280 W Caract\u00e9ristiques: Adaptateur graphique non-int\u00e9gr\u00e9 Non inclut: Adaptateur graphique discret Version: 4.0 Processeur: AMD Ryzen Threadripper [&hellip;]<\/p>\n","protected":false},"featured_media":16230,"comment_status":"open","ping_status":"closed","template":"","meta":[],"product_brand":[801],"product_cat":[65,584,743],"product_tag":[106],"class_list":{"0":"post-16231","1":"product","2":"type-product","3":"status-publish","4":"has-post-thumbnail","6":"product_brand-brandp_531","7":"product_cat-informatique-electronique","8":"product_cat-informatique-reseaux-et-composants","9":"product_cat-processeurs","10":"product_tag-tag_1295","12":"first","13":"instock","14":"taxable","15":"shipping-taxable","16":"purchasable","17":"product-type-simple"},"_links":{"self":[{"href":"https:\/\/bigbuy.tupique.com\/pt\/wp-json\/wp\/v2\/product\/16231","targetHints":{"allow":["GET"]}}],"collection":[{"href":"https:\/\/bigbuy.tupique.com\/pt\/wp-json\/wp\/v2\/product"}],"about":[{"href":"https:\/\/bigbuy.tupique.com\/pt\/wp-json\/wp\/v2\/types\/product"}],"replies":[{"embeddable":true,"href":"https:\/\/bigbuy.tupique.com\/pt\/wp-json\/wp\/v2\/comments?post=16231"}],"wp:featuredmedia":[{"embeddable":true,"href":"https:\/\/bigbuy.tupique.com\/pt\/wp-json\/wp\/v2\/media\/16230"}],"wp:attachment":[{"href":"https:\/\/bigbuy.tupique.com\/pt\/wp-json\/wp\/v2\/media?parent=16231"}],"wp:term":[{"taxonomy":"product_brand","embeddable":true,"href":"https:\/\/bigbuy.tupique.com\/pt\/wp-json\/wp\/v2\/product_brand?post=16231"},{"taxonomy":"product_cat","embeddable":true,"href":"https:\/\/bigbuy.tupique.com\/pt\/wp-json\/wp\/v2\/product_cat?post=16231"},{"taxonomy":"product_tag","embeddable":true,"href":"https:\/\/bigbuy.tupique.com\/pt\/wp-json\/wp\/v2\/product_tag?post=16231"}],"curies":[{"name":"wp","href":"https:\/\/api.w.org\/{rel}","templated":true}]}}