{"id":16214,"date":"2026-03-29T13:24:19","date_gmt":"2026-03-29T12:24:19","guid":{"rendered":"https:\/\/bigbuy.tupique.com\/produto\/stick-vacuum-cleaner-bissell\/"},"modified":"2026-04-16T16:22:38","modified_gmt":"2026-04-16T15:22:38","slug":"stick-vacuum-cleaner-bissell","status":"publish","type":"product","link":"https:\/\/bigbuy.tupique.com\/pt\/produto\/stick-vacuum-cleaner-bissell\/","title":{"rendered":"Aspirateur balai Bissell"},"content":{"rendered":"<p>Si vous recherchez des \u00e9lectrom\u00e9nagers pour votre maison aux meilleurs prix, ne manquez pas <b>Aspirateur balai Bissell<\/b> et une large s\u00e9lection de petits \u00e9lectrom\u00e9nagers de qualit\u00e9 !<\/p>\n<p>Le <b>Bissell Crosswave 3639N<\/b> est un <b>aspirateur balai<\/b> sans fil qui allie polyvalence et efficacit\u00e9 pour le nettoyage quotidien des surfaces dures et des tapis. Ce mod\u00e8le se distingue par sa construction l\u00e9g\u00e8re en <b>mat\u00e9riau aluminium<\/b>, facilitant sa prise en main et sa mobilit\u00e9 sans sacrifier la robustesse. Il pr\u00e9sente un design moderne et sobre disponible en <b>trois couleurs principales : blanc, noir et gris<\/b>, s\u2019adaptant \u00e0 diff\u00e9rents styles d\u2019int\u00e9rieur. Ses dimensions compactes de <b>28 cm de long<\/b> et <b>25 cm de large<\/b> permettent d\u2019acc\u00e9der facilement aux coins \u00e9troits et zones difficiles, optimisant le nettoyage. Le niveau sonore de <b>70 dB<\/b> place cet aspirateur dans une gamme standard garantissant un fonctionnement suffisamment silencieux pour un usage quotidien sans g\u00eane. Sa fonction 3-en-1 int\u00e8gre aspiration, lavage et s\u00e9chage en un seul appareil, id\u00e9al pour les foyers recherchant une solution pratique et compl\u00e8te. Le syst\u00e8me sans fil \u00e9limine les contraintes du c\u00e2ble, offrant une plus grande libert\u00e9 de mouvement pendant le nettoyage. La technologie et le design du Crosswave 3639N assurent une performance \u00e9quilibr\u00e9e sur poussi\u00e8re comme sur salet\u00e9 humide, tandis que sa taille et ses composants facilitent le rangement et l\u2019entretien. Cet aspirateur balai repr\u00e9sente un outil solide et fonctionnel pour ceux qui souhaitent un nettoyage efficace, sans complications et adapt\u00e9 au rythme quotidien.<\/p>\n<ul>\n<li>Mati\u00e8re: Aluminium<\/li>\n<li>Couleur:\n<ul>\n<li>Noir<\/li>\n<li>Blanc<\/li>\n<li>Gris<\/li>\n<\/ul>\n<\/li>\n<li>Type: Aspirateur balai<\/li>\n<li>Autonomie approx.: 25 minutes<\/li>\n<li>Produit \u00e0 brancher: Oui<\/li>\n<li>Type de prise: Prise EU<\/li>\n<li>Bloc d\u2019Alimentation: r\u00e9seau \u00e9lectrique<\/li>\n<li>Niveau sonore: 70 dB<\/li>\n<li>Fonctionne \u00e0 piles: 1 Litio Ion, incluidas<\/li>\n<li>Facteur de forme: Vertical<\/li>\n<\/ul>","protected":false},"excerpt":{"rendered":"<p>Si vous recherchez des \u00e9lectrom\u00e9nagers pour votre maison aux meilleurs prix, ne manquez pas Aspirateur balai Bissell et une large s\u00e9lection de petits \u00e9lectrom\u00e9nagers de qualit\u00e9 ! Le Bissell Crosswave 3639N est un aspirateur balai sans fil qui allie polyvalence et efficacit\u00e9 pour le nettoyage quotidien des surfaces dures et des tapis. Ce mod\u00e8le se [&hellip;]<\/p>\n","protected":false},"featured_media":16211,"comment_status":"open","ping_status":"closed","template":"","meta":[],"product_brand":[817],"product_cat":[762,239,240],"product_tag":[59,56,210],"class_list":{"0":"post-16214","1":"product","2":"type-product","3":"status-publish","4":"has-post-thumbnail","6":"product_brand-brandp_3102","7":"product_cat-aspirateurs-et-robots","8":"product_cat-maison-jardin","9":"product_cat-nettoyage-aspirateur-et-repassage","10":"product_tag-tag_1304","11":"product_tag-tag_930","12":"product_tag-tag_25","14":"first","15":"instock","16":"taxable","17":"shipping-taxable","18":"purchasable","19":"product-type-simple"},"_links":{"self":[{"href":"https:\/\/bigbuy.tupique.com\/pt\/wp-json\/wp\/v2\/product\/16214","targetHints":{"allow":["GET"]}}],"collection":[{"href":"https:\/\/bigbuy.tupique.com\/pt\/wp-json\/wp\/v2\/product"}],"about":[{"href":"https:\/\/bigbuy.tupique.com\/pt\/wp-json\/wp\/v2\/types\/product"}],"replies":[{"embeddable":true,"href":"https:\/\/bigbuy.tupique.com\/pt\/wp-json\/wp\/v2\/comments?post=16214"}],"wp:featuredmedia":[{"embeddable":true,"href":"https:\/\/bigbuy.tupique.com\/pt\/wp-json\/wp\/v2\/media\/16211"}],"wp:attachment":[{"href":"https:\/\/bigbuy.tupique.com\/pt\/wp-json\/wp\/v2\/media?parent=16214"}],"wp:term":[{"taxonomy":"product_brand","embeddable":true,"href":"https:\/\/bigbuy.tupique.com\/pt\/wp-json\/wp\/v2\/product_brand?post=16214"},{"taxonomy":"product_cat","embeddable":true,"href":"https:\/\/bigbuy.tupique.com\/pt\/wp-json\/wp\/v2\/product_cat?post=16214"},{"taxonomy":"product_tag","embeddable":true,"href":"https:\/\/bigbuy.tupique.com\/pt\/wp-json\/wp\/v2\/product_tag?post=16214"}],"curies":[{"name":"wp","href":"https:\/\/api.w.org\/{rel}","templated":true}]}}