{"id":16186,"date":"2026-03-29T13:23:46","date_gmt":"2026-03-29T12:23:46","guid":{"rendered":"https:\/\/bigbuy.tupique.com\/produto\/steam-generating-iron-philips-gc9660-30\/"},"modified":"2026-04-16T20:13:20","modified_gmt":"2026-04-16T19:13:20","slug":"steam-generating-iron-philips-gc9660-30","status":"publish","type":"product","link":"https:\/\/bigbuy.tupique.com\/pt\/produto\/steam-generating-iron-philips-gc9660-30\/","title":{"rendered":"Fer \u00e0 repasser g\u00e9n\u00e9rateur de vapeur Philips GC9660\/30"},"content":{"rendered":"<p>Si vous recherchez des \u00e9lectrom\u00e9nagers pour votre maison aux meilleurs prix, ne manquez pas <b>Fer \u00e0 repasser g\u00e9n\u00e9rateur de vapeur Philips GC9660\/30<\/b> et une large s\u00e9lection de petits \u00e9lectrom\u00e9nagers de qualit\u00e9 !<\/p>\n<p>Le <b>Philips GC9660\/30<\/b> est un <b>centre de repassage<\/b> avanc\u00e9 con\u00e7u pour offrir des r\u00e9sultats professionnels dans l\u2019entretien du linge domestique, int\u00e9grant des innovations cl\u00e9s qui font la diff\u00e9rence en efficacit\u00e9 et confort. Son r\u00e9servoir d\u2019<b>eau amovible de grande capacit\u00e9 de 1,8 litre<\/b> permet des sessions prolong\u00e9es sans interruption pour le remplissage, id\u00e9al pour les familles ou ceux qui souhaitent acc\u00e9l\u00e9rer le processus. Gr\u00e2ce \u00e0 son <b>moteur puissant de 2700 W<\/b>, cet appareil assure un chauffage ultra-rapide et une production continue de vapeur puissante, facilitant l\u2019\u00e9limination efficace des plis m\u00eame sur les tissus difficiles. Le centre se pr\u00e9sente dans une \u00e9l\u00e9gante combinaison de couleurs <b>blanc, violet et pourpre<\/b>, apportant une touche moderne qui s\u2019int\u00e8gre dans tout int\u00e9rieur. Il int\u00e8gre le <b>mode ECO<\/b> pour une consommation d\u2019\u00e9nergie optimis\u00e9e sans sacrifier la performance, ainsi que des fonctions de s\u00e9curit\u00e9 avanc\u00e9es comme l\u2019<b>arr\u00eat automatique<\/b>, qui d\u00e9sactive l\u2019appareil apr\u00e8s une p\u00e9riode d\u2019inactivit\u00e9 pour plus de tranquillit\u00e9 et d\u2019\u00e9conomie d\u2019\u00e9nergie. Les solutions Philips en centres de repassage sont reconnues pour leur fiabilit\u00e9 et leur facilit\u00e9 d\u2019utilisation, permettant un entretien simple de l\u2019\u00e9quipement et une finition impeccable sur chaque v\u00eatement, m\u00eame lors de grandes lessives. Ce mod\u00e8le offre un \u00e9quilibre remarquable entre puissance, autonomie et s\u00e9curit\u00e9, s\u2019adaptant aussi bien aux t\u00e2ches quotidiennes qu\u2019aux besoins plus exigeants. Le Philips GC9660\/30 constitue une option robuste et efficace pour ceux qui souhaitent optimiser et perfectionner leur routine de repassage domestique.<\/p>\n<ul>\n<li>Type: Fer \u00e0 repasser g\u00e9n\u00e9rateur de vapeur<\/li>\n<li>Produit \u00e0 brancher: Oui<\/li>\n<li>Bloc d\u2019Alimentation: r\u00e9seau \u00e9lectrique<\/li>\n<li>Couleur:\n<ul>\n<li>Violet<\/li>\n<li>Pourpre<\/li>\n<\/ul>\n<\/li>\n<li>Largeur: 31 cm<\/li>\n<li>Profondeur: 51 cm<\/li>\n<li>Hauteur: 35 cm<\/li>\n<li>Tension:\n<ul>\n<li>220 \u2013 240 V<\/li>\n<li>240 V<\/li>\n<li>220-240 V<\/li>\n<\/ul>\n<\/li>\n<li>Pression:\n<ul>\n<li>7.5 bar<\/li>\n<li>7,5 bar<\/li>\n<\/ul>\n<\/li>\n<li>Vapeur continue: 155 g\/min<\/li>\n<li>Longueur du c\u00e2ble: 1,8 m<\/li>\n<li>Coup de vapeur: 520 g\/min<\/li>\n<li>Caract\u00e9ristiques:\n<ul>\n<li>ECO<\/li>\n<li>Arr\u00eat Automatique<\/li>\n<li>R\u00e9servoir d&#8217;eau amovible<\/li>\n<li>Fonction de vapeur verticale<\/li>\n<li>Adapt\u00e9e \u00e0 l&#8217;eau du robinet<\/li>\n<li>Syst\u00e8me anti-calcaire automatique<\/li>\n<li>Vapeur continue<\/li>\n<\/ul>\n<\/li>\n<li>Lumi\u00e8re: Voyant lumineux<\/li>\n<li>Voyant lumineux: R\u00e9servoir d&#8217;eau<\/li>\n<li>puissance: 2700 W<\/li>\n<li>Inclut: Manuel de l&#8217;utilisateur<\/li>\n<\/ul>","protected":false},"excerpt":{"rendered":"<p>Si vous recherchez des \u00e9lectrom\u00e9nagers pour votre maison aux meilleurs prix, ne manquez pas Fer \u00e0 repasser g\u00e9n\u00e9rateur de vapeur Philips GC9660\/30 et une large s\u00e9lection de petits \u00e9lectrom\u00e9nagers de qualit\u00e9 ! Le Philips GC9660\/30 est un centre de repassage avanc\u00e9 con\u00e7u pour offrir des r\u00e9sultats professionnels dans l\u2019entretien du linge domestique, int\u00e9grant des innovations [&hellip;]<\/p>\n","protected":false},"featured_media":16185,"comment_status":"open","ping_status":"closed","template":"","meta":[],"product_brand":[315],"product_cat":[239,240,751],"product_tag":[59],"class_list":{"0":"post-16186","1":"product","2":"type-product","3":"status-publish","4":"has-post-thumbnail","6":"product_brand-brandp_571","7":"product_cat-maison-jardin","8":"product_cat-nettoyage-aspirateur-et-repassage","9":"product_cat-seche-linge-fers-a-repasser-sechoirs","10":"product_tag-tag_1304","12":"first","13":"instock","14":"taxable","15":"shipping-taxable","16":"purchasable","17":"product-type-simple"},"_links":{"self":[{"href":"https:\/\/bigbuy.tupique.com\/pt\/wp-json\/wp\/v2\/product\/16186","targetHints":{"allow":["GET"]}}],"collection":[{"href":"https:\/\/bigbuy.tupique.com\/pt\/wp-json\/wp\/v2\/product"}],"about":[{"href":"https:\/\/bigbuy.tupique.com\/pt\/wp-json\/wp\/v2\/types\/product"}],"replies":[{"embeddable":true,"href":"https:\/\/bigbuy.tupique.com\/pt\/wp-json\/wp\/v2\/comments?post=16186"}],"wp:featuredmedia":[{"embeddable":true,"href":"https:\/\/bigbuy.tupique.com\/pt\/wp-json\/wp\/v2\/media\/16185"}],"wp:attachment":[{"href":"https:\/\/bigbuy.tupique.com\/pt\/wp-json\/wp\/v2\/media?parent=16186"}],"wp:term":[{"taxonomy":"product_brand","embeddable":true,"href":"https:\/\/bigbuy.tupique.com\/pt\/wp-json\/wp\/v2\/product_brand?post=16186"},{"taxonomy":"product_cat","embeddable":true,"href":"https:\/\/bigbuy.tupique.com\/pt\/wp-json\/wp\/v2\/product_cat?post=16186"},{"taxonomy":"product_tag","embeddable":true,"href":"https:\/\/bigbuy.tupique.com\/pt\/wp-json\/wp\/v2\/product_tag?post=16186"}],"curies":[{"name":"wp","href":"https:\/\/api.w.org\/{rel}","templated":true}]}}