{"id":16184,"date":"2026-03-29T13:23:44","date_gmt":"2026-03-29T12:23:44","guid":{"rendered":"https:\/\/bigbuy.tupique.com\/produto\/puzzle-ravensburger-00-017-826\/"},"modified":"2026-04-16T20:46:39","modified_gmt":"2026-04-16T19:46:39","slug":"puzzle-ravensburger-00-017-826","status":"publish","type":"product","link":"https:\/\/bigbuy.tupique.com\/pt\/produto\/puzzle-ravensburger-00-017-826\/","title":{"rendered":"Puzzle Ravensburger 00.017.826"},"content":{"rendered":"<p>Les enfants m\u00e9ritent ce qu\u2019il y a de mieux, nous vous pr\u00e9sentons donc <b>Puzzle Ravensburger Disney Classics (40000 Pi\u00e8ces)<\/b>, id\u00e9al pour ceux qui cherchent des produits de qualit\u00e9 pour les plus petits ! Procurez-vous <b>Ravensburger<\/b> aux meilleurs prix !<\/p>\n<ul>\n<li>Nombre de pi\u00e8ces: 40000 Pi\u00e8ces<\/li>\n<li>Type: Puzzle<\/li>\n<li>Design: Disney<\/li>\n<li>\u00c2ge recommand\u00e9: + 14 Ans<\/li>\n<li>Genre:\n<ul>\n<li>tous les genres<\/li>\n<li>Dessins anim\u00e9s<\/li>\n<\/ul>\n<\/li>\n<\/ul>","protected":false},"excerpt":{"rendered":"<p>Les enfants m\u00e9ritent ce qu\u2019il y a de mieux, nous vous pr\u00e9sentons donc Puzzle Ravensburger Disney Classics (40000 Pi\u00e8ces), id\u00e9al pour ceux qui cherchent des produits de qualit\u00e9 pour les plus petits ! Procurez-vous Ravensburger aux meilleurs prix ! Nombre de pi\u00e8ces: 40000 Pi\u00e8ces Type: Puzzle Design: Disney \u00c2ge recommand\u00e9: + 14 Ans Genre: tous [&hellip;]<\/p>\n","protected":false},"featured_media":16171,"comment_status":"open","ping_status":"closed","template":"","meta":[],"product_brand":[815],"product_cat":[157,158,761],"product_tag":[57,59],"class_list":{"0":"post-16184","1":"product","2":"type-product","3":"status-publish","4":"has-post-thumbnail","6":"product_brand-brandp_1926","7":"product_cat-jouets-deguisements","8":"product_cat-jouets-et-jeux","9":"product_cat-puzzles-et-constructions","10":"product_tag-tag_1275","11":"product_tag-tag_1304","13":"first","14":"instock","15":"taxable","16":"shipping-taxable","17":"purchasable","18":"product-type-simple"},"_links":{"self":[{"href":"https:\/\/bigbuy.tupique.com\/pt\/wp-json\/wp\/v2\/product\/16184","targetHints":{"allow":["GET"]}}],"collection":[{"href":"https:\/\/bigbuy.tupique.com\/pt\/wp-json\/wp\/v2\/product"}],"about":[{"href":"https:\/\/bigbuy.tupique.com\/pt\/wp-json\/wp\/v2\/types\/product"}],"replies":[{"embeddable":true,"href":"https:\/\/bigbuy.tupique.com\/pt\/wp-json\/wp\/v2\/comments?post=16184"}],"wp:featuredmedia":[{"embeddable":true,"href":"https:\/\/bigbuy.tupique.com\/pt\/wp-json\/wp\/v2\/media\/16171"}],"wp:attachment":[{"href":"https:\/\/bigbuy.tupique.com\/pt\/wp-json\/wp\/v2\/media?parent=16184"}],"wp:term":[{"taxonomy":"product_brand","embeddable":true,"href":"https:\/\/bigbuy.tupique.com\/pt\/wp-json\/wp\/v2\/product_brand?post=16184"},{"taxonomy":"product_cat","embeddable":true,"href":"https:\/\/bigbuy.tupique.com\/pt\/wp-json\/wp\/v2\/product_cat?post=16184"},{"taxonomy":"product_tag","embeddable":true,"href":"https:\/\/bigbuy.tupique.com\/pt\/wp-json\/wp\/v2\/product_tag?post=16184"}],"curies":[{"name":"wp","href":"https:\/\/api.w.org\/{rel}","templated":true}]}}