{"id":161748,"date":"2026-04-10T03:24:35","date_gmt":"2026-04-10T02:24:35","guid":{"rendered":"https:\/\/bigbuy.tupique.com\/produto\/smartphone-nothing-2\/"},"modified":"2026-04-16T07:10:14","modified_gmt":"2026-04-16T06:10:14","slug":"smartphone-nothing-2","status":"publish","type":"product","link":"https:\/\/bigbuy.tupique.com\/pt\/produto\/smartphone-nothing-2\/","title":{"rendered":"Smartphone Nothing"},"content":{"rendered":"<p>Si vous \u00eates \u00e0 la recherche de nouvelles tendances sur le march\u00e9, nous vous pr\u00e9sentons <b>Smartphone Nothing Phone 4a 5G 6,78&#8243; Octa Core Qualcomm Snapdragon 7s Gen 4 8 GB RAM 128 GB Noir<\/b> !<\/p>\n<ul>\n<li>Produit \u00e0 brancher: Oui<\/li>\n<li>Type: Smartphone<\/li>\n<li>Bloc d\u2019Alimentation:\n<ul>\n<li>Batterie<\/li>\n<li>r\u00e9seau \u00e9lectrique<\/li>\n<\/ul>\n<\/li>\n<li>Type de prise: Prise EU<\/li>\n<li>Indice de r\u00e9parabilit\u00e9: 7.7<\/li>\n<li>Technologie: AMOLED<\/li>\n<li>Capacit\u00e9 de la batterie: 5080 MAH<\/li>\n<li>Ecran: 6,78&#8243;<\/li>\n<li>Syst\u00e8me d&#8217;exploitation: Android<\/li>\n<li>puissance: 50 W<\/li>\n<li>Connectivit\u00e9:\n<ul>\n<li>NFC<\/li>\n<li>Dual SIM<\/li>\n<li>Glonass<\/li>\n<li>BeiDou<\/li>\n<li>Galileo<\/li>\n<li>5G<\/li>\n<li>Fonction de GPS assist\u00e9e (A-GPS)<\/li>\n<li>Bluetooth<\/li>\n<\/ul>\n<\/li>\n<li>Cam\u00e9ra\/Appareil Photo:\n<ul>\n<li>32 Mp<\/li>\n<li>50 Mp<\/li>\n<\/ul>\n<\/li>\n<li>Connexions: USB-C<\/li>\n<li>Processeur:\n<ul>\n<li>Octa Core<\/li>\n<li>Qualcomm Snapdragon 7s Gen 4<\/li>\n<\/ul>\n<\/li>\n<li>M\u00e9moire RAM: 8 GB RAM<\/li>\n<li>M\u00e9moire interne: 128 GB<\/li>\n<li>Couleur: Noir<\/li>\n<li>Caract\u00e9ristiques:\n<ul>\n<li>Enregistrement vid\u00e9o<\/li>\n<li>M\u00e9moire extensible<\/li>\n<li>Ecran tactile<\/li>\n<li>Radio FM<\/li>\n<li>Cam\u00e9ra\/Appareil Photo<\/li>\n<li>MMS<\/li>\n<li>NFC<\/li>\n<li>Dual SIM<\/li>\n<li>USB<\/li>\n<li>Wi-Fi<\/li>\n<li>Manuel<\/li>\n<li>HD<\/li>\n<li>Android<\/li>\n<li>SMS<\/li>\n<li>MP3<\/li>\n<li>Connexion au r\u00e9seau mobile<\/li>\n<li>Batterie int\u00e9gr\u00e9e<\/li>\n<li>Haut-parleurs int\u00e9gr\u00e9s<\/li>\n<li>Chargement rapide<\/li>\n<li>Haute performance<\/li>\n<li>Cam\u00e9ra arri\u00e8re<\/li>\n<li>\u00c9cran avec coins arrondis<\/li>\n<\/ul>\n<\/li>\n<li>SIM: Dual SIM<\/li>\n<\/ul>","protected":false},"excerpt":{"rendered":"<p>Si vous \u00eates \u00e0 la recherche de nouvelles tendances sur le march\u00e9, nous vous pr\u00e9sentons Smartphone Nothing Phone 4a 5G 6,78&#8243; Octa Core Qualcomm Snapdragon 7s Gen 4 8 GB RAM 128 GB Noir ! Produit \u00e0 brancher: Oui Type: Smartphone Bloc d\u2019Alimentation: Batterie r\u00e9seau \u00e9lectrique Type de prise: Prise EU Indice de r\u00e9parabilit\u00e9: 7.7 [&hellip;]<\/p>\n","protected":false},"featured_media":170166,"comment_status":"open","ping_status":"closed","template":"","meta":[],"product_brand":[1339],"product_cat":[575,65,960],"product_tag":[213,566,106],"class_list":{"0":"post-161748","1":"product","2":"type-product","3":"status-publish","4":"has-post-thumbnail","6":"product_brand-brandp_6768","7":"product_cat-electronique-telephonie-et-tablettes","8":"product_cat-informatique-electronique","9":"product_cat-telephones-portables","10":"product_tag-tag_933","11":"product_tag-tag_547","12":"product_tag-tag_1295","14":"first","15":"instock","16":"taxable","17":"shipping-taxable","18":"purchasable","19":"product-type-simple"},"_links":{"self":[{"href":"https:\/\/bigbuy.tupique.com\/pt\/wp-json\/wp\/v2\/product\/161748","targetHints":{"allow":["GET"]}}],"collection":[{"href":"https:\/\/bigbuy.tupique.com\/pt\/wp-json\/wp\/v2\/product"}],"about":[{"href":"https:\/\/bigbuy.tupique.com\/pt\/wp-json\/wp\/v2\/types\/product"}],"replies":[{"embeddable":true,"href":"https:\/\/bigbuy.tupique.com\/pt\/wp-json\/wp\/v2\/comments?post=161748"}],"wp:featuredmedia":[{"embeddable":true,"href":"https:\/\/bigbuy.tupique.com\/pt\/wp-json\/wp\/v2\/media\/170166"}],"wp:attachment":[{"href":"https:\/\/bigbuy.tupique.com\/pt\/wp-json\/wp\/v2\/media?parent=161748"}],"wp:term":[{"taxonomy":"product_brand","embeddable":true,"href":"https:\/\/bigbuy.tupique.com\/pt\/wp-json\/wp\/v2\/product_brand?post=161748"},{"taxonomy":"product_cat","embeddable":true,"href":"https:\/\/bigbuy.tupique.com\/pt\/wp-json\/wp\/v2\/product_cat?post=161748"},{"taxonomy":"product_tag","embeddable":true,"href":"https:\/\/bigbuy.tupique.com\/pt\/wp-json\/wp\/v2\/product_tag?post=161748"}],"curies":[{"name":"wp","href":"https:\/\/api.w.org\/{rel}","templated":true}]}}