{"id":161715,"date":"2026-04-10T03:23:30","date_gmt":"2026-04-10T02:23:30","guid":{"rendered":"https:\/\/bigbuy.tupique.com\/produto\/hard-drive-crucial-1-tb-ssd\/"},"modified":"2026-04-16T17:00:22","modified_gmt":"2026-04-16T16:00:22","slug":"hard-drive-crucial-1-tb-ssd","status":"publish","type":"product","link":"https:\/\/bigbuy.tupique.com\/pt\/produto\/hard-drive-crucial-1-tb-ssd\/","title":{"rendered":"Disque dur Crucial 1 TB SSD"},"content":{"rendered":"<p>Si vous \u00eates \u00e0 la recherche de nouvelles tendances sur le march\u00e9, nous vous pr\u00e9sentons <b>Disque dur Crucial 1 TB SSD<\/b> !<\/p>\n<p>Le <b>SSD interne Crucial P310<\/b> est un dispositif de stockage haute performance con\u00e7u pour am\u00e9liorer les performances des PC et ordinateurs portables gr\u00e2ce \u00e0 sa technologie avanc\u00e9e. Ce <b>disque dur SSD NVMe de 1 To<\/b> offre une capacit\u00e9 id\u00e9ale pour les utilisateurs n\u00e9cessitant un grand espace pour applications, jeux et fichiers multim\u00e9dias, alliant vitesse et fiabilit\u00e9. Son format <b>M.2<\/b> facilite une installation compacte et efficace sur les appareils compatibles, tandis que l\u2019interface <b>PCI Express 4.0<\/b> permet de tirer pleinement parti des d\u00e9bits \u00e9lev\u00e9s. Avec une vitesse de lecture et d\u2019\u00e9criture allant jusqu\u2019\u00e0 <b>7100 Mo\/s<\/b> (selon le fabricant, environ 6000 Mo\/s en usage mixte), ce mod\u00e8le assure des temps de chargement r\u00e9duits et une r\u00e9activit\u00e9 rapide pour les t\u00e2ches intensives telles que le montage vid\u00e9o, le rendu ou le multit\u00e2che avanc\u00e9. De plus, le Crucial P310 int\u00e8gre une technologie avanc\u00e9e pour pr\u00e9server l\u2019int\u00e9grit\u00e9 des donn\u00e9es et une consommation \u00e9nerg\u00e9tique optimis\u00e9e, contribuant \u00e0 une meilleure efficacit\u00e9 syst\u00e8me. C\u2019est une solution fiable et moderne adapt\u00e9e aux syst\u00e8mes de derni\u00e8re g\u00e9n\u00e9ration compatibles Gen4, offrant un \u00e9quilibre entre capacit\u00e9, vitesse et compatibilit\u00e9. Pour les utilisateurs souhaitant am\u00e9liorer la vitesse et la capacit\u00e9 de stockage de leur \u00e9quipement avec un composant durable et techniquement \u00e0 jour, le Crucial P310 repr\u00e9sente une option solide et polyvalente.<\/p>\n<ul>\n<li>Disque dur:\n<ul>\n<li>1 TB<\/li>\n<li>1 TB SSD<\/li>\n<\/ul>\n<\/li>\n<li>Type: SSD<\/li>\n<li>Compatible:\n<ul>\n<li>SSD NVMe<\/li>\n<li>PC\/Notebook<\/li>\n<\/ul>\n<\/li>\n<li>Connexions:\n<ul>\n<li>M.2<\/li>\n<li>PCI Express 4.0<\/li>\n<\/ul>\n<\/li>\n<li>vitesse:\n<ul>\n<li>6000 MB\/s<\/li>\n<li>7100 mb\/s<\/li>\n<\/ul>\n<\/li>\n<\/ul>","protected":false},"excerpt":{"rendered":"<p>Si vous \u00eates \u00e0 la recherche de nouvelles tendances sur le march\u00e9, nous vous pr\u00e9sentons Disque dur Crucial 1 TB SSD ! Le SSD interne Crucial P310 est un dispositif de stockage haute performance con\u00e7u pour am\u00e9liorer les performances des PC et ordinateurs portables gr\u00e2ce \u00e0 sa technologie avanc\u00e9e. Ce disque dur SSD NVMe de [&hellip;]<\/p>\n","protected":false},"featured_media":161709,"comment_status":"open","ping_status":"closed","template":"","meta":[],"product_brand":[1100],"product_cat":[588,65,584],"product_tag":[59,106],"class_list":{"0":"post-161715","1":"product","2":"type-product","3":"status-publish","4":"has-post-thumbnail","6":"product_brand-brandp_594","7":"product_cat-disques-durs","8":"product_cat-informatique-electronique","9":"product_cat-informatique-reseaux-et-composants","10":"product_tag-tag_1304","11":"product_tag-tag_1295","13":"first","14":"instock","15":"taxable","16":"shipping-taxable","17":"purchasable","18":"product-type-simple"},"_links":{"self":[{"href":"https:\/\/bigbuy.tupique.com\/pt\/wp-json\/wp\/v2\/product\/161715","targetHints":{"allow":["GET"]}}],"collection":[{"href":"https:\/\/bigbuy.tupique.com\/pt\/wp-json\/wp\/v2\/product"}],"about":[{"href":"https:\/\/bigbuy.tupique.com\/pt\/wp-json\/wp\/v2\/types\/product"}],"replies":[{"embeddable":true,"href":"https:\/\/bigbuy.tupique.com\/pt\/wp-json\/wp\/v2\/comments?post=161715"}],"wp:featuredmedia":[{"embeddable":true,"href":"https:\/\/bigbuy.tupique.com\/pt\/wp-json\/wp\/v2\/media\/161709"}],"wp:attachment":[{"href":"https:\/\/bigbuy.tupique.com\/pt\/wp-json\/wp\/v2\/media?parent=161715"}],"wp:term":[{"taxonomy":"product_brand","embeddable":true,"href":"https:\/\/bigbuy.tupique.com\/pt\/wp-json\/wp\/v2\/product_brand?post=161715"},{"taxonomy":"product_cat","embeddable":true,"href":"https:\/\/bigbuy.tupique.com\/pt\/wp-json\/wp\/v2\/product_cat?post=161715"},{"taxonomy":"product_tag","embeddable":true,"href":"https:\/\/bigbuy.tupique.com\/pt\/wp-json\/wp\/v2\/product_tag?post=161715"}],"curies":[{"name":"wp","href":"https:\/\/api.w.org\/{rel}","templated":true}]}}