{"id":16163,"date":"2026-03-29T13:23:15","date_gmt":"2026-03-29T12:23:15","guid":{"rendered":"https:\/\/bigbuy.tupique.com\/produto\/food-processor-kenwood-kvc85-124si-silver-1200-w\/"},"modified":"2026-04-16T19:06:11","modified_gmt":"2026-04-16T18:06:11","slug":"food-processor-kenwood-kvc85-124si-silver-1200-w","status":"publish","type":"product","link":"https:\/\/bigbuy.tupique.com\/pt\/produto\/food-processor-kenwood-kvc85-124si-silver-1200-w\/","title":{"rendered":"Robot culinaire Kenwood KVC85.124SI Argent\u00e9 1200 W"},"content":{"rendered":"<p>Si vous recherchez des \u00e9lectrom\u00e9nagers pour votre maison aux meilleurs prix, ne manquez pas <b>Robot culinaire Kenwood KVC85.124SI Argent\u00e9 1200 W<\/b> et une large s\u00e9lection de petits \u00e9lectrom\u00e9nagers de qualit\u00e9 !<\/p>\n<p>Le <b>Kenwood KVC85.124SI<\/b> est un <b>robot de cuisine<\/b> multifonction sp\u00e9cialement con\u00e7u pour la p\u00e2tisserie, alliant puissance, capacit\u00e9 et pr\u00e9cision dans un seul appareil de haute qualit\u00e9. \u00c9quip\u00e9 d\u2019un moteur puissant de <b>1200 W<\/b>, il offre une performance efficace pour tous types de p\u00e2tes et pr\u00e9parations culinaires. Sa construction enti\u00e8rement m\u00e9tallique garantit durabilit\u00e9 et stabilit\u00e9 pendant l\u2019utilisation. Ce mod\u00e8le se distingue par ses deux bols de tailles diff\u00e9rentes, un de <b>5 litres<\/b> et un autre de <b>3,5 litres<\/b>, permettant de s\u2019adapter \u00e0 diverses quantit\u00e9s et recettes, facilitant aussi bien les petites que les grandes pr\u00e9parations sans changer d\u2019appareil. Int\u00e9gr\u00e9 au robot, il dispose d\u2019une balance avec une capacit\u00e9 de pes\u00e9e jusqu\u2019\u00e0 <b>6 kg<\/b>, permettant de mesurer les ingr\u00e9dients au gramme pr\u00e8s, une fonction essentielle pour r\u00e9ussir en p\u00e2tisserie. Son syst\u00e8me de mouvement plan\u00e9taire assure un p\u00e9trissage, un battage et un m\u00e9lange homog\u00e8nes et complets, aid\u00e9 par un kit d\u2019accessoires en acier inoxydable comprenant un p\u00e9trin, un fouet et un batteur en forme de K, ainsi qu\u2019un batteur flexible qui facilite l\u2019acc\u00e8s \u00e0 toutes les zones du bol. De plus, il est \u00e9quip\u00e9 d\u2019un blender thermor\u00e9sistant, adapt\u00e9 aux liquides chauds ou froids, \u00e9largissant ainsi le champ des pr\u00e9parations possibles. Le robot pr\u00e9sente un design attrayant et polyvalent en couleurs <b>noir, gris et argent\u00e9<\/b>, combinant fonctionnalit\u00e9 et style pour s\u2019int\u00e9grer dans toute cuisine moderne europ\u00e9enne avec prise standard <b>230 V EU<\/b>. En r\u00e9sum\u00e9, le Kenwood KVC85.124SI est une solution compl\u00e8te pour les passionn\u00e9s et professionnels de la p\u00e2tisserie recherchant un appareil robuste, pr\u00e9cis et adaptable \u00e0 diff\u00e9rents volumes et techniques culinaires. Sa capacit\u00e9 de travail et sa vitesse, associ\u00e9es \u00e0 sa base solide et ses accessoires de qualit\u00e9, en font un alli\u00e9 fiable pour la pr\u00e9paration de p\u00e2tes, cr\u00e8mes et m\u00e9langes vari\u00e9s en usage domestique ou semi-professionnel.<\/p>\n<ul>\n<li>Couleur:\n<ul>\n<li>Argent\u00e9<\/li>\n<li>Gris<\/li>\n<li>Noir<\/li>\n<\/ul>\n<\/li>\n<li>Produit \u00e0 brancher: Oui<\/li>\n<li>Type de prise: Prise EU<\/li>\n<li>Bloc d\u2019Alimentation: r\u00e9seau \u00e9lectrique<\/li>\n<li>puissance: 1200 W<\/li>\n<li>Tension: 230 V<\/li>\n<li>Poids: 14 Kg<\/li>\n<\/ul>","protected":false},"excerpt":{"rendered":"<p><span class=\"unit-info\">123.7980 &euro; \/ 1 l<\/span><\/p>","protected":false},"featured_media":16162,"comment_status":"open","ping_status":"closed","template":"","meta":[],"product_brand":[318],"product_cat":[60,77,724],"product_tag":[55,59,56],"class_list":{"0":"post-16163","1":"product","2":"type-product","3":"status-publish","4":"has-post-thumbnail","6":"product_brand-brandp_1023","7":"product_cat-cuisine-gourmet","8":"product_cat-petit-electromenager","9":"product_cat-robots-de-cuisine","10":"product_tag-tag_926","11":"product_tag-tag_1304","12":"product_tag-tag_930","14":"first","15":"instock","16":"taxable","17":"shipping-taxable","18":"purchasable","19":"product-type-simple"},"_links":{"self":[{"href":"https:\/\/bigbuy.tupique.com\/pt\/wp-json\/wp\/v2\/product\/16163","targetHints":{"allow":["GET"]}}],"collection":[{"href":"https:\/\/bigbuy.tupique.com\/pt\/wp-json\/wp\/v2\/product"}],"about":[{"href":"https:\/\/bigbuy.tupique.com\/pt\/wp-json\/wp\/v2\/types\/product"}],"replies":[{"embeddable":true,"href":"https:\/\/bigbuy.tupique.com\/pt\/wp-json\/wp\/v2\/comments?post=16163"}],"wp:featuredmedia":[{"embeddable":true,"href":"https:\/\/bigbuy.tupique.com\/pt\/wp-json\/wp\/v2\/media\/16162"}],"wp:attachment":[{"href":"https:\/\/bigbuy.tupique.com\/pt\/wp-json\/wp\/v2\/media?parent=16163"}],"wp:term":[{"taxonomy":"product_brand","embeddable":true,"href":"https:\/\/bigbuy.tupique.com\/pt\/wp-json\/wp\/v2\/product_brand?post=16163"},{"taxonomy":"product_cat","embeddable":true,"href":"https:\/\/bigbuy.tupique.com\/pt\/wp-json\/wp\/v2\/product_cat?post=16163"},{"taxonomy":"product_tag","embeddable":true,"href":"https:\/\/bigbuy.tupique.com\/pt\/wp-json\/wp\/v2\/product_tag?post=16163"}],"curies":[{"name":"wp","href":"https:\/\/api.w.org\/{rel}","templated":true}]}}