{"id":161527,"date":"2026-04-10T03:09:51","date_gmt":"2026-04-10T02:09:51","guid":{"rendered":"https:\/\/bigbuy.tupique.com\/produto\/smartphone-samsung-a57-sm-a576b-67-octa-core-8-gb-ram-256-gb-icy-blue-2\/"},"modified":"2026-04-16T22:59:54","modified_gmt":"2026-04-16T21:59:54","slug":"smartphone-samsung-a57-sm-a576b-67-octa-core-8-gb-ram-256-gb-icy-blue-2","status":"publish","type":"product","link":"https:\/\/bigbuy.tupique.com\/pt\/produto\/smartphone-samsung-a57-sm-a576b-67-octa-core-8-gb-ram-256-gb-icy-blue-2\/","title":{"rendered":"Smartphone Samsung A57 SM-A576B 6,7&#8243; Octa Core 8 GB RAM 256 GB Icy Blue"},"content":{"rendered":"<p>Si vous \u00eates passionn\u00e9 d&#8217;<b>informatique et d&#8217;\u00e9lectronique<\/b>, si vous \u00eates \u00e0 la pointe de la technologie et qu&#8217;aucun d\u00e9tail ne vous \u00e9chappe, achetez <b>Smartphone Samsung A57 SM-A576B 6,7&#8243; Octa Core 8 GB RAM 256 GB Icy Blue<\/b> au meilleur prix.<\/p>\n<ul>\n<li>Bloc d\u2019Alimentation:\n<ul>\n<li>r\u00e9seau \u00e9lectrique<\/li>\n<li>Batterie<\/li>\n<\/ul>\n<\/li>\n<li>Type de prise: Prise EU<\/li>\n<li>Type: Smartphone<\/li>\n<li>Produit \u00e0 brancher: Oui<\/li>\n<li>Famille de processeurs: Samsung Exynos<\/li>\n<li>Caract\u00e9ristiques:\n<ul>\n<li>Cam\u00e9ra frontale<\/li>\n<li>Enregistrement vid\u00e9o<\/li>\n<li>\u00c9cran AMOLED<\/li>\n<li>R\u00e9sistant \u00e0 l&#8217;eau et \u00e0 la poussi\u00e8re<\/li>\n<li>NFC<\/li>\n<li>Capteur d&#8217;empreintes digitales<\/li>\n<li>Dual SIM<\/li>\n<li>USB<\/li>\n<li>Wi-Fi<\/li>\n<li>HDR<\/li>\n<li>Ecran<\/li>\n<li>\u00c9cran HD<\/li>\n<li>Haut-parleurs<\/li>\n<li>Full HD<\/li>\n<li>Android<\/li>\n<li>HDR10+<\/li>\n<li>Bluetooth 4.2<\/li>\n<li>Capteurs<\/li>\n<li>Navigation<\/li>\n<li>Chargement rapide<\/li>\n<li>Gorilla Glass<\/li>\n<li>\u00c9cran avec coins arrondis<\/li>\n<li>\u00c9cran plat<\/li>\n<\/ul>\n<\/li>\n<li>Connexions:\n<ul>\n<li>USB OTG<\/li>\n<li>SIM<\/li>\n<li>USB-C 2.0<\/li>\n<li>Dual SIM<\/li>\n<li>nano SIM<\/li>\n<\/ul>\n<\/li>\n<li>Connectivit\u00e9:\n<ul>\n<li>Bluetooth<\/li>\n<li>GPS<\/li>\n<li>4G LTE<\/li>\n<li>NFC<\/li>\n<li>Dual SIM<\/li>\n<li>Glonass<\/li>\n<li>nano SIM<\/li>\n<li>BeiDou<\/li>\n<li>Galileo<\/li>\n<li>5G<\/li>\n<li>eSIM<\/li>\n<li>Wi-Fi 6 GHz<\/li>\n<li>Bluetooth 5.4<\/li>\n<\/ul>\n<\/li>\n<li>M\u00e9moire RAM: 8 GB RAM<\/li>\n<li>Ecran: 6,7&#8243;<\/li>\n<li>Processeur: Octa Core<\/li>\n<li>Cam\u00e9ra\/Appareil Photo: Triple (48 + 5 + 2 Mpx) &#8211; Selfie (8 Mpx)<\/li>\n<li>Technologie:\n<ul>\n<li>Super AMOLED<\/li>\n<li>HDR10+<\/li>\n<li>OTG<\/li>\n<li>4G\/LTE<\/li>\n<li>NFC<\/li>\n<li>Glonass<\/li>\n<\/ul>\n<\/li>\n<li>R\u00e9solution: 1080 x 2340 px<\/li>\n<li>SIM: Dual SIM<\/li>\n<li>Capacit\u00e9 de la batterie: 5000 mAh<\/li>\n<li>M\u00e9moire interne: 256 GB<\/li>\n<li>Couleur: Icy Blue<\/li>\n<li>Noyaux: 8 Noyaux<\/li>\n<li>R\u00e9solution (px): 1080 x 2400 px<\/li>\n<li>Diagonale de l&#8217;\u00e9cran (cm): 17 cm<\/li>\n<li>Syst\u00e8me d&#8217;exploitation: Android 15<\/li>\n<\/ul>","protected":false},"excerpt":{"rendered":"<p>Si vous \u00eates passionn\u00e9 d&#8217;informatique et d&#8217;\u00e9lectronique, si vous \u00eates \u00e0 la pointe de la technologie et qu&#8217;aucun d\u00e9tail ne vous \u00e9chappe, achetez Smartphone Samsung A57 SM-A576B 6,7&#8243; Octa Core 8 GB RAM 256 GB Icy Blue au meilleur prix. Bloc d\u2019Alimentation: r\u00e9seau \u00e9lectrique Batterie Type de prise: Prise EU Type: Smartphone Produit \u00e0 brancher: [&hellip;]<\/p>\n","protected":false},"featured_media":172100,"comment_status":"open","ping_status":"closed","template":"","meta":[],"product_brand":[183],"product_cat":[575,65,960],"product_tag":[213,566,106],"class_list":{"0":"post-161527","1":"product","2":"type-product","3":"status-publish","4":"has-post-thumbnail","6":"product_brand-brandp_576","7":"product_cat-electronique-telephonie-et-tablettes","8":"product_cat-informatique-electronique","9":"product_cat-telephones-portables","10":"product_tag-tag_933","11":"product_tag-tag_547","12":"product_tag-tag_1295","14":"first","15":"instock","16":"taxable","17":"shipping-taxable","18":"purchasable","19":"product-type-simple"},"_links":{"self":[{"href":"https:\/\/bigbuy.tupique.com\/pt\/wp-json\/wp\/v2\/product\/161527","targetHints":{"allow":["GET"]}}],"collection":[{"href":"https:\/\/bigbuy.tupique.com\/pt\/wp-json\/wp\/v2\/product"}],"about":[{"href":"https:\/\/bigbuy.tupique.com\/pt\/wp-json\/wp\/v2\/types\/product"}],"replies":[{"embeddable":true,"href":"https:\/\/bigbuy.tupique.com\/pt\/wp-json\/wp\/v2\/comments?post=161527"}],"wp:featuredmedia":[{"embeddable":true,"href":"https:\/\/bigbuy.tupique.com\/pt\/wp-json\/wp\/v2\/media\/172100"}],"wp:attachment":[{"href":"https:\/\/bigbuy.tupique.com\/pt\/wp-json\/wp\/v2\/media?parent=161527"}],"wp:term":[{"taxonomy":"product_brand","embeddable":true,"href":"https:\/\/bigbuy.tupique.com\/pt\/wp-json\/wp\/v2\/product_brand?post=161527"},{"taxonomy":"product_cat","embeddable":true,"href":"https:\/\/bigbuy.tupique.com\/pt\/wp-json\/wp\/v2\/product_cat?post=161527"},{"taxonomy":"product_tag","embeddable":true,"href":"https:\/\/bigbuy.tupique.com\/pt\/wp-json\/wp\/v2\/product_tag?post=161527"}],"curies":[{"name":"wp","href":"https:\/\/api.w.org\/{rel}","templated":true}]}}