{"id":16150,"date":"2026-03-29T13:22:57","date_gmt":"2026-03-29T12:22:57","guid":{"rendered":"https:\/\/bigbuy.tupique.com\/produto\/pc-speakers-steelseries\/"},"modified":"2026-05-11T20:02:40","modified_gmt":"2026-05-11T18:02:40","slug":"pc-speakers-steelseries","status":"publish","type":"product","link":"https:\/\/bigbuy.tupique.com\/pt\/produto\/pc-speakers-steelseries\/","title":{"rendered":"Haut-parleurs de PC SteelSeries"},"content":{"rendered":"<p>Si vous \u00eates passionn\u00e9 d&#8217;<b>informatique et d&#8217;\u00e9lectronique<\/b>, si vous \u00eates \u00e0 la pointe de la technologie et qu&#8217;aucun d\u00e9tail ne vous \u00e9chappe, achetez <b>Haut-parleurs de PC SteelSeries<\/b> au meilleur prix.<\/p>\n<p>Les <b>enceintes PC SteelSeries Arena 9<\/b> sont une solution avanc\u00e9e int\u00e9grant un syst\u00e8me audio surround <b>5.1<\/b> dans une unit\u00e9 compacte, con\u00e7ue pour am\u00e9liorer l\u2019exp\u00e9rience sonore sur ordinateur. Ce mod\u00e8le se distingue par sa connectivit\u00e9 multiple, offrant \u00e0 la fois une connexion <b>Bluetooth 4.2<\/b> pour la transmission audio sans fil et des options filaires, garantissant une compatibilit\u00e9 et une flexibilit\u00e9 \u00e9lev\u00e9es avec divers appareils. Sa finition en <b>noir<\/b> avec des d\u00e9tails ton sur ton apporte un design sobre et moderne, adapt\u00e9 \u00e0 tout setup gaming ou bureau professionnel. De plus, il dispose d\u2019un <b>indicateur LED<\/b> pratique facilitant la visualisation de l\u2019\u00e9tat de fonctionnement et de connexion, alliant esth\u00e9tique et fonctionnalit\u00e9. Le syst\u00e8me restitue des fr\u00e9quences dans une plage standard de <b>50 \u2013 60 Hz<\/b>, adapt\u00e9es pour reproduire clairement les sons graves et moyens, contribuant \u00e0 une exp\u00e9rience sonore \u00e9quilibr\u00e9e et fid\u00e8le \u00e0 la source. L\u2019unit\u00e9, int\u00e9grant un syst\u00e8me surround au format USB, simplifie l\u2019installation et r\u00e9duit l\u2019espace n\u00e9cessaire, \u00e9liminant le besoin de plusieurs enceintes dispers\u00e9es, ce qui est particuli\u00e8rement appr\u00e9ci\u00e9 par les utilisateurs recherchant praticit\u00e9 sans compromis sur la qualit\u00e9. Destin\u00e9es aux gamers et amateurs de son haute fid\u00e9lit\u00e9 sur PC, les enceintes SteelSeries Arena 9 offrent un design technique avec des caract\u00e9ristiques r\u00e9pondant aux exigences du jeu comme du multim\u00e9dia. Ensemble, elles repr\u00e9sentent une option polyvalente et efficace pour ceux qui veulent un syst\u00e8me audio PC combinant simplicit\u00e9, connectivit\u00e9 et exp\u00e9rience sonore immersive.<\/p>\n<ul>\n<li>Couleur: Noir<\/li>\n<li>Caract\u00e9ristiques: T\u00e9moin LED<\/li>\n<li>Connectivit\u00e9:\n<ul>\n<li>Bluetooth<\/li>\n<li>Bluetooth 4.2<\/li>\n<\/ul>\n<\/li>\n<li>Cha\u00eenes: 5.1<\/li>\n<li>Bloc d\u2019Alimentation: Avec fil<\/li>\n<li>Fr\u00e9quence: 50 &#8211; 60 Hz<\/li>\n<li>Tension: 100 &#8211; 240 V<\/li>\n<li>Utilisation recommand\u00e9e: Ordinateur Portable<\/li>\n<\/ul>","protected":false},"excerpt":{"rendered":"<p>Si vous \u00eates passionn\u00e9 d&#8217;informatique et d&#8217;\u00e9lectronique, si vous \u00eates \u00e0 la pointe de la technologie et qu&#8217;aucun d\u00e9tail ne vous \u00e9chappe, achetez Haut-parleurs de PC SteelSeries au meilleur prix. Les enceintes PC SteelSeries Arena 9 sont une solution avanc\u00e9e int\u00e9grant un syst\u00e8me audio surround 5.1 dans une unit\u00e9 compacte, con\u00e7ue pour am\u00e9liorer l\u2019exp\u00e9rience sonore [&hellip;]<\/p>\n","protected":false},"featured_media":16144,"comment_status":"open","ping_status":"closed","template":"","meta":[],"product_brand":[791],"product_cat":[617,65,581],"product_tag":[213,59,106],"class_list":{"0":"post-16150","1":"product","2":"type-product","3":"status-publish","4":"has-post-thumbnail","6":"product_brand-brandp_625","7":"product_cat-enceintes-pc","8":"product_cat-informatique-electronique","9":"product_cat-informatique-peripheriques-et-consommables","10":"product_tag-tag_933","11":"product_tag-tag_1304","12":"product_tag-tag_1295","14":"first","15":"instock","16":"taxable","17":"shipping-taxable","18":"purchasable","19":"product-type-simple"},"_links":{"self":[{"href":"https:\/\/bigbuy.tupique.com\/pt\/wp-json\/wp\/v2\/product\/16150","targetHints":{"allow":["GET"]}}],"collection":[{"href":"https:\/\/bigbuy.tupique.com\/pt\/wp-json\/wp\/v2\/product"}],"about":[{"href":"https:\/\/bigbuy.tupique.com\/pt\/wp-json\/wp\/v2\/types\/product"}],"replies":[{"embeddable":true,"href":"https:\/\/bigbuy.tupique.com\/pt\/wp-json\/wp\/v2\/comments?post=16150"}],"wp:featuredmedia":[{"embeddable":true,"href":"https:\/\/bigbuy.tupique.com\/pt\/wp-json\/wp\/v2\/media\/16144"}],"wp:attachment":[{"href":"https:\/\/bigbuy.tupique.com\/pt\/wp-json\/wp\/v2\/media?parent=16150"}],"wp:term":[{"taxonomy":"product_brand","embeddable":true,"href":"https:\/\/bigbuy.tupique.com\/pt\/wp-json\/wp\/v2\/product_brand?post=16150"},{"taxonomy":"product_cat","embeddable":true,"href":"https:\/\/bigbuy.tupique.com\/pt\/wp-json\/wp\/v2\/product_cat?post=16150"},{"taxonomy":"product_tag","embeddable":true,"href":"https:\/\/bigbuy.tupique.com\/pt\/wp-json\/wp\/v2\/product_tag?post=16150"}],"curies":[{"name":"wp","href":"https:\/\/api.w.org\/{rel}","templated":true}]}}