{"id":16088,"date":"2026-03-29T13:21:45","date_gmt":"2026-03-29T12:21:45","guid":{"rendered":"https:\/\/bigbuy.tupique.com\/produto\/bluetooth-headset-with-microphone-jabra-27599-989-899-black\/"},"modified":"2026-04-16T08:20:50","modified_gmt":"2026-04-16T07:20:50","slug":"bluetooth-headset-with-microphone-jabra-27599-989-899-black","status":"publish","type":"product","link":"https:\/\/bigbuy.tupique.com\/pt\/produto\/bluetooth-headset-with-microphone-jabra-27599-989-899-black\/","title":{"rendered":"Casques Bluetooth avec Microphone Jabra 27599-989-899 Noir"},"content":{"rendered":"<p>Si vous \u00eates passionn\u00e9 d&#8217;<b>informatique et d&#8217;\u00e9lectronique<\/b>, si vous \u00eates \u00e0 la pointe de la technologie et qu&#8217;aucun d\u00e9tail ne vous \u00e9chappe, achetez <b>Casques Bluetooth avec Microphone Jabra 27599-989-899 Noir<\/b> au meilleur prix.<\/p>\n<ul>\n<li>Couleur: Noir<\/li>\n<li>Connectivit\u00e9:\n<ul>\n<li>Bluetooth<\/li>\n<li>Sans fil<\/li>\n<\/ul>\n<\/li>\n<li>Type:\n<ul>\n<li>Casque audio<\/li>\n<li>Casques Bluetooth avec Microphone<\/li>\n<li>Sans fil<\/li>\n<li>Intra-auriculaires<\/li>\n<\/ul>\n<\/li>\n<li>Caract\u00e9ristiques:\n<ul>\n<li>Annulation de bruit<\/li>\n<li>Batterie int\u00e9gr\u00e9e<\/li>\n<li>Sans fil<\/li>\n<\/ul>\n<\/li>\n<li>Connexions: USB-C<\/li>\n<li>Type de batterie:\n<ul>\n<li>Litio Ion<\/li>\n<li>Batterie au lithium rechargeable<\/li>\n<\/ul>\n<\/li>\n<li>Port\u00e9e: 30 m<\/li>\n<li>Utilisation recommand\u00e9e: Oficina\/Centro de llamadas<\/li>\n<li>Mati\u00e8re: Plastique<\/li>\n<li>\u00c2ge recommand\u00e9: Adultes<\/li>\n<li>Composition: Cuir<\/li>\n<li>Ann\u00e9e: 2021<\/li>\n<\/ul>","protected":false},"excerpt":{"rendered":"<p>Si vous \u00eates passionn\u00e9 d&#8217;informatique et d&#8217;\u00e9lectronique, si vous \u00eates \u00e0 la pointe de la technologie et qu&#8217;aucun d\u00e9tail ne vous \u00e9chappe, achetez Casques Bluetooth avec Microphone Jabra 27599-989-899 Noir au meilleur prix. Couleur: Noir Connectivit\u00e9: Bluetooth Sans fil Type: Casque audio Casques Bluetooth avec Microphone Sans fil Intra-auriculaires Caract\u00e9ristiques: Annulation de bruit Batterie int\u00e9gr\u00e9e [&hellip;]<\/p>\n","protected":false},"featured_media":16085,"comment_status":"open","ping_status":"closed","template":"","meta":[],"product_brand":[642],"product_cat":[758,575,65],"product_tag":[566,106],"class_list":{"0":"post-16088","1":"product","2":"type-product","3":"status-publish","4":"has-post-thumbnail","6":"product_brand-brandp_3341","7":"product_cat-casque-avec-microphone","8":"product_cat-electronique-telephonie-et-tablettes","9":"product_cat-informatique-electronique","10":"product_tag-tag_547","11":"product_tag-tag_1295","13":"first","14":"instock","15":"taxable","16":"shipping-taxable","17":"purchasable","18":"product-type-simple"},"_links":{"self":[{"href":"https:\/\/bigbuy.tupique.com\/pt\/wp-json\/wp\/v2\/product\/16088","targetHints":{"allow":["GET"]}}],"collection":[{"href":"https:\/\/bigbuy.tupique.com\/pt\/wp-json\/wp\/v2\/product"}],"about":[{"href":"https:\/\/bigbuy.tupique.com\/pt\/wp-json\/wp\/v2\/types\/product"}],"replies":[{"embeddable":true,"href":"https:\/\/bigbuy.tupique.com\/pt\/wp-json\/wp\/v2\/comments?post=16088"}],"wp:featuredmedia":[{"embeddable":true,"href":"https:\/\/bigbuy.tupique.com\/pt\/wp-json\/wp\/v2\/media\/16085"}],"wp:attachment":[{"href":"https:\/\/bigbuy.tupique.com\/pt\/wp-json\/wp\/v2\/media?parent=16088"}],"wp:term":[{"taxonomy":"product_brand","embeddable":true,"href":"https:\/\/bigbuy.tupique.com\/pt\/wp-json\/wp\/v2\/product_brand?post=16088"},{"taxonomy":"product_cat","embeddable":true,"href":"https:\/\/bigbuy.tupique.com\/pt\/wp-json\/wp\/v2\/product_cat?post=16088"},{"taxonomy":"product_tag","embeddable":true,"href":"https:\/\/bigbuy.tupique.com\/pt\/wp-json\/wp\/v2\/product_tag?post=16088"}],"curies":[{"name":"wp","href":"https:\/\/api.w.org\/{rel}","templated":true}]}}