{"id":160278,"date":"2026-04-09T23:34:39","date_gmt":"2026-04-09T22:34:39","guid":{"rendered":"https:\/\/bigbuy.tupique.com\/produto\/gaming-control-logitech-991-000531\/"},"modified":"2026-04-15T05:10:01","modified_gmt":"2026-04-15T04:10:01","slug":"gaming-control-logitech-991-000531","status":"publish","type":"product","link":"https:\/\/bigbuy.tupique.com\/pt\/produto\/gaming-control-logitech-991-000531\/","title":{"rendered":"Contr\u00f4le des jeux Logitech 991-000531"},"content":{"rendered":"<p>Si vous \u00eates \u00e0 la recherche de nouvelles tendances sur le march\u00e9, nous vous pr\u00e9sentons <b>Contr\u00f4le des jeux Logitech 991-000531<\/b> !<\/p>\n<ul>\n<li>Type: Avec fil<\/li>\n<li>Couleur: Noir<\/li>\n<li>Caract\u00e9ristiques: Ergonomique<\/li>\n<li>Connexions: USB 2.0<\/li>\n<li>Bloc d\u2019Alimentation: Avec fil<\/li>\n<li>Compatible: PS4\/PS5<\/li>\n<\/ul>","protected":false},"excerpt":{"rendered":"<p>Si vous \u00eates \u00e0 la recherche de nouvelles tendances sur le march\u00e9, nous vous pr\u00e9sentons Contr\u00f4le des jeux Logitech 991-000531 ! Type: Avec fil Couleur: Noir Caract\u00e9ristiques: Ergonomique Connexions: USB 2.0 Bloc d\u2019Alimentation: Avec fil Compatible: PS4\/PS5<\/p>","protected":false},"featured_media":160275,"comment_status":"open","ping_status":"closed","template":"","meta":[],"product_brand":[647],"product_cat":[730,609,65],"product_tag":[572],"class_list":{"0":"post-160278","1":"product","2":"type-product","3":"status-publish","4":"has-post-thumbnail","6":"product_brand-brandp_561","7":"product_cat-accessoires-pour-consoles","8":"product_cat-electronique-jouets-electroniques","9":"product_cat-informatique-electronique","10":"product_tag-tag_29","12":"first","13":"instock","14":"taxable","15":"shipping-taxable","16":"purchasable","17":"product-type-simple"},"_links":{"self":[{"href":"https:\/\/bigbuy.tupique.com\/pt\/wp-json\/wp\/v2\/product\/160278","targetHints":{"allow":["GET"]}}],"collection":[{"href":"https:\/\/bigbuy.tupique.com\/pt\/wp-json\/wp\/v2\/product"}],"about":[{"href":"https:\/\/bigbuy.tupique.com\/pt\/wp-json\/wp\/v2\/types\/product"}],"replies":[{"embeddable":true,"href":"https:\/\/bigbuy.tupique.com\/pt\/wp-json\/wp\/v2\/comments?post=160278"}],"wp:featuredmedia":[{"embeddable":true,"href":"https:\/\/bigbuy.tupique.com\/pt\/wp-json\/wp\/v2\/media\/160275"}],"wp:attachment":[{"href":"https:\/\/bigbuy.tupique.com\/pt\/wp-json\/wp\/v2\/media?parent=160278"}],"wp:term":[{"taxonomy":"product_brand","embeddable":true,"href":"https:\/\/bigbuy.tupique.com\/pt\/wp-json\/wp\/v2\/product_brand?post=160278"},{"taxonomy":"product_cat","embeddable":true,"href":"https:\/\/bigbuy.tupique.com\/pt\/wp-json\/wp\/v2\/product_cat?post=160278"},{"taxonomy":"product_tag","embeddable":true,"href":"https:\/\/bigbuy.tupique.com\/pt\/wp-json\/wp\/v2\/product_tag?post=160278"}],"curies":[{"name":"wp","href":"https:\/\/api.w.org\/{rel}","templated":true}]}}