{"id":160171,"date":"2026-04-09T23:25:36","date_gmt":"2026-04-09T22:25:36","guid":{"rendered":"https:\/\/bigbuy.tupique.com\/produto\/monitor-videowall-philips-43bdl3511q-00-ips-43-direct-led\/"},"modified":"2026-05-11T19:59:20","modified_gmt":"2026-05-11T17:59:20","slug":"monitor-videowall-philips-43bdl3511q-00-ips-43-direct-led","status":"publish","type":"product","link":"https:\/\/bigbuy.tupique.com\/pt\/produto\/monitor-videowall-philips-43bdl3511q-00-ips-43-direct-led\/","title":{"rendered":"\u00c9cran Videowall Philips 43BDL3511Q\/00 IPS 43&#8243; Direct-LED"},"content":{"rendered":"<p>Si vous \u00eates passionn\u00e9 d&#8217;<b>informatique et d&#8217;\u00e9lectronique<\/b>, si vous \u00eates \u00e0 la pointe de la technologie et qu&#8217;aucun d\u00e9tail ne vous \u00e9chappe, achetez <b>\u00c9cran Videowall Philips 43BDL3511Q\/00 IPS 43&#8243; Direct-LED<\/b> au meilleur prix.<\/p>\n<p>Le <b>moniteur videowall Philips 43BDL3511Q\/00<\/b> est une solution professionnelle con\u00e7ue pour les applications de signalisation num\u00e9rique et les environnements \u00e0 usage intensif n\u00e9cessitant une qualit\u00e9 d\u2019affichage \u00e9lev\u00e9e. Ce mod\u00e8le se distingue par son <b>\u00e9cran de 43 pouces (109,2 cm)<\/b> avec technologie <b>IPS<\/b>, garantissant de larges angles de vision et une reproduction fid\u00e8le des couleurs, essentielle pour afficher des images et contenus avec nettet\u00e9 et uniformit\u00e9 sur des murs vid\u00e9o. Son panneau \u00e0 r\u00e9tro\u00e9clairage <b>D-LED<\/b> optimise la luminosit\u00e9, atteignant jusqu\u2019\u00e0 <b>400 cd\/m\u00b2<\/b>, facilitant une visualisation claire m\u00eame en environnements tr\u00e8s \u00e9clair\u00e9s. La <b>r\u00e9solution 4K Ultra HD (3840 x 2160 pixels)<\/b> assure une d\u00e9finition sup\u00e9rieure, permettant d\u2019appr\u00e9cier chaque d\u00e9tail du contenu avec pr\u00e9cision et qualit\u00e9, notamment pour les pr\u00e9sentations d\u2019entreprise, la signalisation ou les environnements \u00e9ducatifs. Il offre un temps de r\u00e9ponse de <b>8 ms<\/b>, adapt\u00e9 pour afficher des images en mouvement avec fluidit\u00e9 et sans flous g\u00eanants. Son format <b>16:9<\/b> est standard pour les contenus multim\u00e9dias, facilitant l\u2019int\u00e9gration dans diverses configurations de videowall. De plus, il int\u00e8gre des <b>haut-parleurs<\/b> et une connectivit\u00e9 via <b>USB 2.0<\/b>, permettant la lecture directe de contenus depuis des appareils externes et l\u2019ajout de son sans \u00e9quipement suppl\u00e9mentaire, augmentant sa polyvalence en installations professionnelles. Sa couleur <b>noir<\/b> offre une finition sobre et \u00e9l\u00e9gante qui s\u2019adapte \u00e0 tout espace. Ce mod\u00e8le est con\u00e7u pour un usage continu <b>18\/7<\/b>, adapt\u00e9 aux applications n\u00e9cessitant un fonctionnement prolong\u00e9 durant la journ\u00e9e de travail ou lors d\u2019\u00e9v\u00e9nements. En r\u00e9sum\u00e9, le Philips 43BDL3511Q\/00 propose un \u00e9quilibre entre pr\u00e9cision visuelle, fonctionnalit\u00e9 et durabilit\u00e9 dans un moniteur videowall r\u00e9pondant aux exigences des projets professionnels et des environnements de signalisation num\u00e9rique.<\/p>\n<ul>\n<li>Type:\n<ul>\n<li>\u00c9cran<\/li>\n<li>Moniteur Videowall<\/li>\n<\/ul>\n<\/li>\n<li>Produit \u00e0 brancher: Oui<\/li>\n<li>Type de prise: Prise EU<\/li>\n<li>R\u00e9solution (px): 3840 x 2160 px<\/li>\n<li>Diagonale de l&#8217;\u00e9cran (cm): 109,2 cm<\/li>\n<li>Technologie:\n<ul>\n<li>D-LED<\/li>\n<li>IPS<\/li>\n<\/ul>\n<\/li>\n<li>Connexions:\n<ul>\n<li>USB x 2<\/li>\n<li>USB<\/li>\n<li>USB 2.0<\/li>\n<li>RJ45<\/li>\n<li>HDMI 2.0<\/li>\n<li>Ethernet LAN<\/li>\n<li>2<\/li>\n<li>RS-232C x 1<\/li>\n<li>HDMI x 2<\/li>\n<\/ul>\n<\/li>\n<li>Bloc d\u2019Alimentation: r\u00e9seau \u00e9lectrique<\/li>\n<li>Couleur: Noir<\/li>\n<li>Temps de r\u00e9ponse: 8 ms<\/li>\n<li>Brille: 400 cd\/m\u00b2<\/li>\n<li>Tension:\n<ul>\n<li>100-240 V<\/li>\n<li>100 &#8211; 240 V<\/li>\n<\/ul>\n<\/li>\n<li>Ecran: 43&#8243;<\/li>\n<li>Classification \u00e9nerg\u00e9tique: G<\/li>\n<li>R\u00e9solution: 4K Ultra HD<\/li>\n<li>Rapport d&#8217;aspect: 16:9<\/li>\n<li>Caract\u00e9ristiques:\n<ul>\n<li>Haut-parleurs int\u00e9gr\u00e9s<\/li>\n<li>2 Haut-parleurs<\/li>\n<\/ul>\n<\/li>\n<li>Connectivit\u00e9: Infrarouges<\/li>\n<li>puissance: 20 W<\/li>\n<li>Rapport de contraste: 1200:1<\/li>\n<li>Connexion d&#8217;entr\u00e9e: DVI<\/li>\n<li>Interface: Ethernet<\/li>\n<li>Sortie audio: Oui<\/li>\n<li>VESA: 20 x 20 cm<\/li>\n<li>Fr\u00e9quence d&#8217;entr\u00e9e AC: 50-60 Hz<\/li>\n<li>Ecran tactile: Non<\/li>\n<li>Flux lumineux: 400 lm<\/li>\n<li>Angle: 178\u00ba<\/li>\n<li>Pr\u00e9cision (humidit\u00e9 relative): 20 % &#8211; 80 %<\/li>\n<li>Montage: VESA<\/li>\n<\/ul>","protected":false},"excerpt":{"rendered":"<p>Si vous \u00eates passionn\u00e9 d&#8217;informatique et d&#8217;\u00e9lectronique, si vous \u00eates \u00e0 la pointe de la technologie et qu&#8217;aucun d\u00e9tail ne vous \u00e9chappe, achetez \u00c9cran Videowall Philips 43BDL3511Q\/00 IPS 43&#8243; Direct-LED au meilleur prix. Le moniteur videowall Philips 43BDL3511Q\/00 est une solution professionnelle con\u00e7ue pour les applications de signalisation num\u00e9rique et les environnements \u00e0 usage intensif [&hellip;]<\/p>\n","protected":false},"featured_media":160168,"comment_status":"open","ping_status":"closed","template":"","meta":[],"product_brand":[315],"product_cat":[65,581,616],"product_tag":[213,106],"class_list":{"0":"post-160171","1":"product","2":"type-product","3":"status-publish","4":"has-post-thumbnail","6":"product_brand-brandp_571","7":"product_cat-informatique-electronique","8":"product_cat-informatique-peripheriques-et-consommables","9":"product_cat-moniteurs","10":"product_tag-tag_933","11":"product_tag-tag_1295","13":"first","14":"instock","15":"taxable","16":"shipping-taxable","17":"purchasable","18":"product-type-simple"},"_links":{"self":[{"href":"https:\/\/bigbuy.tupique.com\/pt\/wp-json\/wp\/v2\/product\/160171","targetHints":{"allow":["GET"]}}],"collection":[{"href":"https:\/\/bigbuy.tupique.com\/pt\/wp-json\/wp\/v2\/product"}],"about":[{"href":"https:\/\/bigbuy.tupique.com\/pt\/wp-json\/wp\/v2\/types\/product"}],"replies":[{"embeddable":true,"href":"https:\/\/bigbuy.tupique.com\/pt\/wp-json\/wp\/v2\/comments?post=160171"}],"wp:featuredmedia":[{"embeddable":true,"href":"https:\/\/bigbuy.tupique.com\/pt\/wp-json\/wp\/v2\/media\/160168"}],"wp:attachment":[{"href":"https:\/\/bigbuy.tupique.com\/pt\/wp-json\/wp\/v2\/media?parent=160171"}],"wp:term":[{"taxonomy":"product_brand","embeddable":true,"href":"https:\/\/bigbuy.tupique.com\/pt\/wp-json\/wp\/v2\/product_brand?post=160171"},{"taxonomy":"product_cat","embeddable":true,"href":"https:\/\/bigbuy.tupique.com\/pt\/wp-json\/wp\/v2\/product_cat?post=160171"},{"taxonomy":"product_tag","embeddable":true,"href":"https:\/\/bigbuy.tupique.com\/pt\/wp-json\/wp\/v2\/product_tag?post=160171"}],"curies":[{"name":"wp","href":"https:\/\/api.w.org\/{rel}","templated":true}]}}