{"id":160129,"date":"2026-04-09T23:21:42","date_gmt":"2026-04-09T22:21:42","guid":{"rendered":"https:\/\/bigbuy.tupique.com\/produto\/label-printer-brother-rj4250wbz1\/"},"modified":"2026-04-16T19:51:25","modified_gmt":"2026-04-16T18:51:25","slug":"label-printer-brother-rj4250wbz1","status":"publish","type":"product","link":"https:\/\/bigbuy.tupique.com\/pt\/produto\/label-printer-brother-rj4250wbz1\/","title":{"rendered":"Imprimante pour Etiquettes Brother RJ4250WBZ1"},"content":{"rendered":"<p>Si vous \u00eates passionn\u00e9 d&#8217;<b>informatique et d&#8217;\u00e9lectronique<\/b>, si vous \u00eates \u00e0 la pointe de la technologie et qu&#8217;aucun d\u00e9tail ne vous \u00e9chappe, achetez <b>Imprimante pour Etiquettes Brother RJ4250WBZ1<\/b> au meilleur prix.<\/p>\n<ul>\n<li>Connectivit\u00e9:\n<ul>\n<li>Wi-Fi<\/li>\n<li>Bluetooth<\/li>\n<li>WLAN<\/li>\n<\/ul>\n<\/li>\n<li>Produit \u00e0 brancher: Oui<\/li>\n<li>Type de prise: Prise EU<\/li>\n<li>Type:\n<ul>\n<li>Imprimante pour Etiquettes<\/li>\n<li>Sans fil<\/li>\n<\/ul>\n<\/li>\n<li>Bloc d\u2019Alimentation: r\u00e9seau \u00e9lectrique<\/li>\n<li>Couleur: Noir<\/li>\n<li>Caract\u00e9ristiques:\n<ul>\n<li>\u00c9cran integr\u00e9<\/li>\n<li>Guide d&#8217;installation inclus<\/li>\n<\/ul>\n<\/li>\n<li>Connexions:\n<ul>\n<li>USB 2.0<\/li>\n<li>USB<\/li>\n<\/ul>\n<\/li>\n<li>R\u00e9solution d&#8217;image maximale: 203 x 203 dpi<\/li>\n<li>M\u00e9moire interne: 256 MB<\/li>\n<li>Syst\u00e8me d&#8217;exploitation: Windows 10<\/li>\n<li>Tension de sortie: 15 V<\/li>\n<li>Technologie: Thermique<\/li>\n<li>Impression couleur: Non<\/li>\n<li>Compatible: Android, iOS<\/li>\n<li>Fr\u00e9quence d&#8217;entr\u00e9e AC: 50-60 Hz<\/li>\n<li>Tension d&#8217;entr\u00e9e AC: 110-220V<\/li>\n<li>Type de batterie: Litio Ion<\/li>\n<li>M\u00e9moire Flash: 64 MB<\/li>\n<\/ul>","protected":false},"excerpt":{"rendered":"<p>Si vous \u00eates passionn\u00e9 d&#8217;informatique et d&#8217;\u00e9lectronique, si vous \u00eates \u00e0 la pointe de la technologie et qu&#8217;aucun d\u00e9tail ne vous \u00e9chappe, achetez Imprimante pour Etiquettes Brother RJ4250WBZ1 au meilleur prix. Connectivit\u00e9: Wi-Fi Bluetooth WLAN Produit \u00e0 brancher: Oui Type de prise: Prise EU Type: Imprimante pour Etiquettes Sans fil Bloc d\u2019Alimentation: r\u00e9seau \u00e9lectrique Couleur: [&hellip;]<\/p>\n","protected":false},"featured_media":160126,"comment_status":"open","ping_status":"closed","template":"","meta":[],"product_brand":[669],"product_cat":[592,65,581],"product_tag":[210],"class_list":{"0":"post-160129","1":"product","2":"type-product","3":"status-publish","4":"has-post-thumbnail","6":"product_brand-brandp_538","7":"product_cat-imprimantes","8":"product_cat-informatique-electronique","9":"product_cat-informatique-peripheriques-et-consommables","10":"product_tag-tag_25","12":"first","13":"instock","14":"taxable","15":"shipping-taxable","16":"purchasable","17":"product-type-simple"},"_links":{"self":[{"href":"https:\/\/bigbuy.tupique.com\/pt\/wp-json\/wp\/v2\/product\/160129","targetHints":{"allow":["GET"]}}],"collection":[{"href":"https:\/\/bigbuy.tupique.com\/pt\/wp-json\/wp\/v2\/product"}],"about":[{"href":"https:\/\/bigbuy.tupique.com\/pt\/wp-json\/wp\/v2\/types\/product"}],"replies":[{"embeddable":true,"href":"https:\/\/bigbuy.tupique.com\/pt\/wp-json\/wp\/v2\/comments?post=160129"}],"wp:featuredmedia":[{"embeddable":true,"href":"https:\/\/bigbuy.tupique.com\/pt\/wp-json\/wp\/v2\/media\/160126"}],"wp:attachment":[{"href":"https:\/\/bigbuy.tupique.com\/pt\/wp-json\/wp\/v2\/media?parent=160129"}],"wp:term":[{"taxonomy":"product_brand","embeddable":true,"href":"https:\/\/bigbuy.tupique.com\/pt\/wp-json\/wp\/v2\/product_brand?post=160129"},{"taxonomy":"product_cat","embeddable":true,"href":"https:\/\/bigbuy.tupique.com\/pt\/wp-json\/wp\/v2\/product_cat?post=160129"},{"taxonomy":"product_tag","embeddable":true,"href":"https:\/\/bigbuy.tupique.com\/pt\/wp-json\/wp\/v2\/product_tag?post=160129"}],"curies":[{"name":"wp","href":"https:\/\/api.w.org\/{rel}","templated":true}]}}