{"id":16000,"date":"2026-03-29T13:19:56","date_gmt":"2026-03-29T12:19:56","guid":{"rendered":"https:\/\/bigbuy.tupique.com\/produto\/steam-iron-laurastar-000-0304-501-2200-w\/"},"modified":"2026-04-16T19:06:12","modified_gmt":"2026-04-16T18:06:12","slug":"steam-iron-laurastar-000-0304-501-2200-w","status":"publish","type":"product","link":"https:\/\/bigbuy.tupique.com\/pt\/produto\/steam-iron-laurastar-000-0304-501-2200-w\/","title":{"rendered":"Fer \u00e0 vapeur Laurastar 000.0304.501 2200 W"},"content":{"rendered":"<p>Si vous recherchez des \u00e9lectrom\u00e9nagers pour votre maison aux meilleurs prix, ne manquez pas <b>Fer \u00e0 vapeur Laurastar 000.0304.501 2200 W<\/b> et une large s\u00e9lection de petits \u00e9lectrom\u00e9nagers de qualit\u00e9 !<\/p>\n<p>La <b>centrale vapeur<\/b> Laurastar 000.0304.501 est une solution avanc\u00e9e pour l\u2019entretien du linge, id\u00e9ale pour un usage domestique intensif ou professionnel. Ce fer, propos\u00e9 en <b>noir et rouge<\/b> \u00e9l\u00e9gants, se distingue par son <b>puissant moteur de 2200 W<\/b> assurant une production continue de vapeur, facilitant l\u2019\u00e9limination des plis m\u00eame sur les tissus les plus r\u00e9sistants. Son <b>r\u00e9servoir d\u2019eau de 1,1 litre<\/b> permet de longues sessions de repassage sans recharges fr\u00e9quentes, offrant praticit\u00e9 au quotidien. Avec une <b>pression vapeur de 3,5 bars<\/b>, il p\u00e9n\u00e8tre en profondeur dans les fibres pour des r\u00e9sultats impeccables avec moins d\u2019effort. Un <b>indicateur de vapeur pr\u00eate<\/b> optimise l\u2019utilisation en signalant quand l\u2019appareil est pr\u00eat \u00e0 fonctionner \u00e0 pleine puissance, tandis que sa <b>semelle en aluminium<\/b> assure une r\u00e9partition homog\u00e8ne de la chaleur et un glissement facile, minimisant les risques d\u2019endommager les v\u00eatements. Son format compact, environ <b>30 x 28 cm<\/b>, et un poids de <b>1 kg<\/b> (poids total 5,3 kg avec la base), la rendent maniable et stable \u00e0 l\u2019usage. Elle est \u00e9quip\u00e9e d\u2019un <b>syst\u00e8me de filtration anticalcaire par cartouches<\/b> prot\u00e9geant le m\u00e9canisme interne et prolongeant la dur\u00e9e de vie de l\u2019appareil, tout en garantissant une vapeur propre. Fabriqu\u00e9e avec des mat\u00e9riaux de qualit\u00e9 comme l\u2019aluminium, elle allie durabilit\u00e9 et efficacit\u00e9 \u00e9nerg\u00e9tique (classe A), contribuant \u00e0 une consommation responsable. B\u00e9n\u00e9ficiant d\u2019une <b>garantie de 2 ans<\/b>, la Laurastar 000.0304.501 est un choix robuste et performant pour ceux qui recherchent des r\u00e9sultats professionnels au quotidien.<\/p>\n<ul>\n<li>Type: Fer \u00e0 vapeur<\/li>\n<li>Produit \u00e0 brancher: Oui<\/li>\n<li>Type de prise: Prise EU<\/li>\n<li>Couleur:\n<ul>\n<li>Rouge<\/li>\n<li>Noir<\/li>\n<li>rouge<\/li>\n<li>noir<\/li>\n<\/ul>\n<\/li>\n<li>Bloc d\u2019Alimentation: r\u00e9seau \u00e9lectrique<\/li>\n<li>Largeur:\n<ul>\n<li>30 cm<\/li>\n<li>28 cm<\/li>\n<\/ul>\n<\/li>\n<li>puissance: 2200 W<\/li>\n<li>Profondeur:\n<ul>\n<li>28 cm<\/li>\n<li>30 cm<\/li>\n<\/ul>\n<\/li>\n<li>Vapeur continue: 80 g\/min<\/li>\n<li>Longueur du c\u00e2ble: 2 m<\/li>\n<li>Capacit\u00e9:\n<ul>\n<li>1 kg<\/li>\n<li>1,1 L<\/li>\n<li>1,2 L<\/li>\n<\/ul>\n<\/li>\n<li>Mati\u00e8re: Aluminium<\/li>\n<li>Classification \u00e9nerg\u00e9tique: A<\/li>\n<li>Poids approx.: 5,3 kg<\/li>\n<\/ul>","protected":false},"excerpt":{"rendered":"<p>Si vous recherchez des \u00e9lectrom\u00e9nagers pour votre maison aux meilleurs prix, ne manquez pas Fer \u00e0 vapeur Laurastar 000.0304.501 2200 W et une large s\u00e9lection de petits \u00e9lectrom\u00e9nagers de qualit\u00e9 ! La centrale vapeur Laurastar 000.0304.501 est une solution avanc\u00e9e pour l\u2019entretien du linge, id\u00e9ale pour un usage domestique intensif ou professionnel. Ce fer, propos\u00e9 [&hellip;]<\/p>\n","protected":false},"featured_media":15999,"comment_status":"open","ping_status":"closed","template":"","meta":[],"product_brand":[810],"product_cat":[239,240,751],"product_tag":[59,56],"class_list":{"0":"post-16000","1":"product","2":"type-product","3":"status-publish","4":"has-post-thumbnail","6":"product_brand-brandp_5473","7":"product_cat-maison-jardin","8":"product_cat-nettoyage-aspirateur-et-repassage","9":"product_cat-seche-linge-fers-a-repasser-sechoirs","10":"product_tag-tag_1304","11":"product_tag-tag_930","13":"first","14":"instock","15":"taxable","16":"shipping-taxable","17":"purchasable","18":"product-type-simple"},"_links":{"self":[{"href":"https:\/\/bigbuy.tupique.com\/pt\/wp-json\/wp\/v2\/product\/16000","targetHints":{"allow":["GET"]}}],"collection":[{"href":"https:\/\/bigbuy.tupique.com\/pt\/wp-json\/wp\/v2\/product"}],"about":[{"href":"https:\/\/bigbuy.tupique.com\/pt\/wp-json\/wp\/v2\/types\/product"}],"replies":[{"embeddable":true,"href":"https:\/\/bigbuy.tupique.com\/pt\/wp-json\/wp\/v2\/comments?post=16000"}],"wp:featuredmedia":[{"embeddable":true,"href":"https:\/\/bigbuy.tupique.com\/pt\/wp-json\/wp\/v2\/media\/15999"}],"wp:attachment":[{"href":"https:\/\/bigbuy.tupique.com\/pt\/wp-json\/wp\/v2\/media?parent=16000"}],"wp:term":[{"taxonomy":"product_brand","embeddable":true,"href":"https:\/\/bigbuy.tupique.com\/pt\/wp-json\/wp\/v2\/product_brand?post=16000"},{"taxonomy":"product_cat","embeddable":true,"href":"https:\/\/bigbuy.tupique.com\/pt\/wp-json\/wp\/v2\/product_cat?post=16000"},{"taxonomy":"product_tag","embeddable":true,"href":"https:\/\/bigbuy.tupique.com\/pt\/wp-json\/wp\/v2\/product_tag?post=16000"}],"curies":[{"name":"wp","href":"https:\/\/api.w.org\/{rel}","templated":true}]}}