{"id":15986,"date":"2026-03-29T13:19:40","date_gmt":"2026-03-29T12:19:40","guid":{"rendered":"https:\/\/bigbuy.tupique.com\/produto\/babys-pushchair-red-castle-evolutwin-black\/"},"modified":"2026-04-16T20:46:39","modified_gmt":"2026-04-16T19:46:39","slug":"babys-pushchair-red-castle-evolutwin-black","status":"publish","type":"product","link":"https:\/\/bigbuy.tupique.com\/pt\/produto\/babys-pushchair-red-castle-evolutwin-black\/","title":{"rendered":"Poussette pour b\u00e9b\u00e9 RED CASTLE Evolutwin Noir"},"content":{"rendered":"<p>Les enfants m\u00e9ritent ce qu\u2019il y a de mieux, nous vous pr\u00e9sentons donc <b>Poussette pour b\u00e9b\u00e9 RED CASTLE Evolutwin Noir<\/b>, id\u00e9al pour ceux qui cherchent des produits de qualit\u00e9 pour les plus petits ! Procurez-vous <b>RED CASTLE<\/b> aux meilleurs prix !<\/p>\n<ul>\n<li>Couleur: Noir<\/li>\n<li>Caract\u00e9ristiques:\n<ul>\n<li>Pliable<\/li>\n<li>Repose-pied<\/li>\n<li>Dossier r\u00e9glable<\/li>\n<\/ul>\n<\/li>\n<li>Type:\n<ul>\n<li>5 points<\/li>\n<li>Roues solides<\/li>\n<\/ul>\n<\/li>\n<li>Genre: Unisexe<\/li>\n<\/ul>","protected":false},"excerpt":{"rendered":"<p>Les enfants m\u00e9ritent ce qu\u2019il y a de mieux, nous vous pr\u00e9sentons donc Poussette pour b\u00e9b\u00e9 RED CASTLE Evolutwin Noir, id\u00e9al pour ceux qui cherchent des produits de qualit\u00e9 pour les plus petits ! Procurez-vous RED CASTLE aux meilleurs prix ! Couleur: Noir Caract\u00e9ristiques: Pliable Repose-pied Dossier r\u00e9glable Type: 5 points Roues solides Genre: Unisexe<\/p>","protected":false},"featured_media":15985,"comment_status":"open","ping_status":"closed","template":"","meta":[],"product_brand":[809],"product_cat":[750,251,157],"product_tag":[59],"class_list":{"0":"post-15986","1":"product","2":"type-product","3":"status-publish","4":"has-post-thumbnail","6":"product_brand-brandp_6154","7":"product_cat-balades-et-voyages","8":"product_cat-bebes-et-enfants","9":"product_cat-jouets-deguisements","10":"product_tag-tag_1304","12":"first","13":"instock","14":"taxable","15":"shipping-taxable","16":"purchasable","17":"product-type-simple"},"_links":{"self":[{"href":"https:\/\/bigbuy.tupique.com\/pt\/wp-json\/wp\/v2\/product\/15986","targetHints":{"allow":["GET"]}}],"collection":[{"href":"https:\/\/bigbuy.tupique.com\/pt\/wp-json\/wp\/v2\/product"}],"about":[{"href":"https:\/\/bigbuy.tupique.com\/pt\/wp-json\/wp\/v2\/types\/product"}],"replies":[{"embeddable":true,"href":"https:\/\/bigbuy.tupique.com\/pt\/wp-json\/wp\/v2\/comments?post=15986"}],"wp:featuredmedia":[{"embeddable":true,"href":"https:\/\/bigbuy.tupique.com\/pt\/wp-json\/wp\/v2\/media\/15985"}],"wp:attachment":[{"href":"https:\/\/bigbuy.tupique.com\/pt\/wp-json\/wp\/v2\/media?parent=15986"}],"wp:term":[{"taxonomy":"product_brand","embeddable":true,"href":"https:\/\/bigbuy.tupique.com\/pt\/wp-json\/wp\/v2\/product_brand?post=15986"},{"taxonomy":"product_cat","embeddable":true,"href":"https:\/\/bigbuy.tupique.com\/pt\/wp-json\/wp\/v2\/product_cat?post=15986"},{"taxonomy":"product_tag","embeddable":true,"href":"https:\/\/bigbuy.tupique.com\/pt\/wp-json\/wp\/v2\/product_tag?post=15986"}],"curies":[{"name":"wp","href":"https:\/\/api.w.org\/{rel}","templated":true}]}}