{"id":15968,"date":"2026-03-29T13:19:20","date_gmt":"2026-03-29T12:19:20","guid":{"rendered":"https:\/\/bigbuy.tupique.com\/produto\/induction-hot-plate-hotpoint-hq5660sne-60-cm-7200-w\/"},"modified":"2026-04-16T18:35:50","modified_gmt":"2026-04-16T17:35:50","slug":"induction-hot-plate-hotpoint-hq5660sne-60-cm-7200-w","status":"publish","type":"product","link":"https:\/\/bigbuy.tupique.com\/pt\/produto\/induction-hot-plate-hotpoint-hq5660sne-60-cm-7200-w\/","title":{"rendered":"Plaque \u00e0 Induction Hotpoint HQ5660SNE 60 cm 7200 W"},"content":{"rendered":"<p>Si vous pensez r\u00e9nover votre cuisine, achetez <b>Plaque \u00e0 Induction Hotpoint HQ5660SNE 60 cm 7200 W<\/b> et d\u00b4autres <b>produits Hotpoint<\/b> !<\/p>\n<p>La <b>plaque \u00e0 induction HQ5660SNE<\/b> de <b>Hotpoint<\/b> est un appareil con\u00e7u pour offrir une cuisson efficace et s\u00fbre dans les espaces domestiques modernes. Ce mod\u00e8le dispose de <b>4 zones de cuisson<\/b>, avec une puissance totale combin\u00e9e de <b>7200 W<\/b>, incluant <b>4 boosters<\/b> pour un chauffage rapide, dont un booster particuli\u00e8rement puissant de <b>3000 W<\/b>, id\u00e9al pour acc\u00e9l\u00e9rer la cuisson et gagner du temps. Avec une <b>largeur d\u2019environ 60 cm<\/b>, elle s\u2019adapte \u00e0 la plupart des plans de travail standards, pr\u00e9sentant un design \u00e9l\u00e9gant avec un <b>rev\u00eatement en verre noir<\/b> qui facilite le nettoyage et offre une finition moderne et sophistiqu\u00e9e. Elle int\u00e8gre \u00e9galement des fonctions pratiques ax\u00e9es sur la s\u00e9curit\u00e9 et le confort, telles que le <b>verrouillage enfant<\/b> pour \u00e9viter les accidents, un <b>interrupteur marche\/arr\u00eat<\/b> ind\u00e9pendant pour chaque zone, et un <b>minuteur<\/b> permettant de contr\u00f4ler pr\u00e9cis\u00e9ment le temps de cuisson de chaque foyer, offrant pr\u00e9cision et flexibilit\u00e9 pour pr\u00e9parer plusieurs recettes simultan\u00e9ment. La plaque est fournie avec un cadre neutre et le c\u00e2ble n\u00e9cessaire \u00e0 son installation, garantissant une int\u00e9gration facile dans toute cuisine. Avec 9 niveaux de puissance, elle permet d\u2019ajuster l\u2019intensit\u00e9 de la chaleur selon les besoins culinaires, du chauffage doux aux cuissons rapides et intenses, offrant polyvalence et contr\u00f4le pr\u00e9cis. Cet ensemble de caract\u00e9ristiques fait de la HQ5660SNE une option \u00e9quilibr\u00e9e pour les utilisateurs recherchant une plaque \u00e0 induction fonctionnelle, s\u00fbre et au design attrayant pour leur domicile.<\/p>\n<ul>\n<li>Type:\n<ul>\n<li>Plaque \u00e0 Induction<\/li>\n<li>\u00c0 Gaz, 4 br\u00fbleurs<\/li>\n<li>Int\u00e9gr\u00e9<\/li>\n<\/ul>\n<\/li>\n<li>Couleur: Noir<\/li>\n<li>Largeur: 60 cm<\/li>\n<li>Niveaux de puissance: 9<\/li>\n<li>Zones de cuisson: 4<\/li>\n<li>puissance: 7200 W<\/li>\n<li>Type de prise: Prise EU<\/li>\n<li>Produit \u00e0 brancher: Oui<\/li>\n<li>Fonctions: Minuterie<\/li>\n<li>Caract\u00e9ristiques:\n<ul>\n<li>Verrouillage pour enfants<\/li>\n<li>Interrupteur marche\/arr\u00eat<\/li>\n<li>T\u00e9moin de fonctionnement LED<\/li>\n<\/ul>\n<\/li>\n<li>Bloc d\u2019Alimentation:\n<ul>\n<li>\u00c9lectrique<\/li>\n<li>C\u00e2ble \u00e9lectrique<\/li>\n<\/ul>\n<\/li>\n<li>Longueur du c\u00e2ble: 1,2 m<\/li>\n<li>Type de commande: Tactile<\/li>\n<li>Tension: 220-240 V<\/li>\n<li>Produit fragile: Oui<\/li>\n<li>Design: Sans cadre<\/li>\n<li>Inclut: Montre<\/li>\n<\/ul>","protected":false},"excerpt":{"rendered":"<p>Si vous pensez r\u00e9nover votre cuisine, achetez Plaque \u00e0 Induction Hotpoint HQ5660SNE 60 cm 7200 W et d\u00b4autres produits Hotpoint ! La plaque \u00e0 induction HQ5660SNE de Hotpoint est un appareil con\u00e7u pour offrir une cuisson efficace et s\u00fbre dans les espaces domestiques modernes. Ce mod\u00e8le dispose de 4 zones de cuisson, avec une puissance [&hellip;]<\/p>\n","protected":false},"featured_media":15967,"comment_status":"open","ping_status":"closed","template":"","meta":[],"product_brand":[793],"product_cat":[60,77,78],"product_tag":[55,59,56],"class_list":{"0":"post-15968","1":"product","2":"type-product","3":"status-publish","4":"has-post-thumbnail","6":"product_brand-brandp_5601","7":"product_cat-cuisine-gourmet","8":"product_cat-petit-electromenager","9":"product_cat-plaques-de-cuisson","10":"product_tag-tag_926","11":"product_tag-tag_1304","12":"product_tag-tag_930","14":"first","15":"instock","16":"taxable","17":"shipping-taxable","18":"purchasable","19":"product-type-simple"},"_links":{"self":[{"href":"https:\/\/bigbuy.tupique.com\/pt\/wp-json\/wp\/v2\/product\/15968","targetHints":{"allow":["GET"]}}],"collection":[{"href":"https:\/\/bigbuy.tupique.com\/pt\/wp-json\/wp\/v2\/product"}],"about":[{"href":"https:\/\/bigbuy.tupique.com\/pt\/wp-json\/wp\/v2\/types\/product"}],"replies":[{"embeddable":true,"href":"https:\/\/bigbuy.tupique.com\/pt\/wp-json\/wp\/v2\/comments?post=15968"}],"wp:featuredmedia":[{"embeddable":true,"href":"https:\/\/bigbuy.tupique.com\/pt\/wp-json\/wp\/v2\/media\/15967"}],"wp:attachment":[{"href":"https:\/\/bigbuy.tupique.com\/pt\/wp-json\/wp\/v2\/media?parent=15968"}],"wp:term":[{"taxonomy":"product_brand","embeddable":true,"href":"https:\/\/bigbuy.tupique.com\/pt\/wp-json\/wp\/v2\/product_brand?post=15968"},{"taxonomy":"product_cat","embeddable":true,"href":"https:\/\/bigbuy.tupique.com\/pt\/wp-json\/wp\/v2\/product_cat?post=15968"},{"taxonomy":"product_tag","embeddable":true,"href":"https:\/\/bigbuy.tupique.com\/pt\/wp-json\/wp\/v2\/product_tag?post=15968"}],"curies":[{"name":"wp","href":"https:\/\/api.w.org\/{rel}","templated":true}]}}