{"id":15929,"date":"2026-03-29T13:18:34","date_gmt":"2026-03-29T12:18:34","guid":{"rendered":"https:\/\/bigbuy.tupique.com\/produto\/ladiesbracelet-gucci-yba223513001\/"},"modified":"2026-04-15T00:14:20","modified_gmt":"2026-04-14T23:14:20","slug":"ladiesbracelet-gucci-yba223513001","status":"publish","type":"product","link":"https:\/\/bigbuy.tupique.com\/pt\/produto\/ladiesbracelet-gucci-yba223513001\/","title":{"rendered":"Bracelet Femme Gucci YBA223513001"},"content":{"rendered":"<p>Nous vons pr\u00e9sentons <b>Bracelet Femme Gucci YBA223513001<\/b> et une vaste gamme de bagues, bracelets, boucles d&#8217;oreilles et pendentifs etc. \u00e0 bon prix. D\u00e9couvrez d&#8217;exclusifs et \u00e9l\u00e9gants articles de bijouterie et de bijouterie fantaisie pour tous les go\u00fbts.<\/p>\n<ul>\n<li>Type: Bracelet Femme<\/li>\n<li>Couleur: Argent\u00e9<\/li>\n<li>Genre: Femme<\/li>\n<\/ul>","protected":false},"excerpt":{"rendered":"<p>Nous vons pr\u00e9sentons Bracelet Femme Gucci YBA223513001 et une vaste gamme de bagues, bracelets, boucles d&#8217;oreilles et pendentifs etc. \u00e0 bon prix. D\u00e9couvrez d&#8217;exclusifs et \u00e9l\u00e9gants articles de bijouterie et de bijouterie fantaisie pour tous les go\u00fbts. Type: Bracelet Femme Couleur: Argent\u00e9 Genre: Femme<\/p>","protected":false},"featured_media":15928,"comment_status":"open","ping_status":"closed","template":"","meta":[],"product_brand":[804],"product_cat":[547,548,552,544],"product_tag":[103,542,104,543],"class_list":{"0":"post-15929","1":"product","2":"type-product","3":"status-publish","4":"has-post-thumbnail","6":"product_brand-brandp_389","7":"product_cat-accessoires","8":"product_cat-bijoux","9":"product_cat-bracelets","10":"product_cat-mode-accessoires","11":"product_tag-tag_1261","12":"product_tag-tag_1274","13":"product_tag-tag_1279","14":"product_tag-tag_61","16":"first","17":"instock","18":"taxable","19":"shipping-taxable","20":"purchasable","21":"product-type-simple"},"_links":{"self":[{"href":"https:\/\/bigbuy.tupique.com\/pt\/wp-json\/wp\/v2\/product\/15929","targetHints":{"allow":["GET"]}}],"collection":[{"href":"https:\/\/bigbuy.tupique.com\/pt\/wp-json\/wp\/v2\/product"}],"about":[{"href":"https:\/\/bigbuy.tupique.com\/pt\/wp-json\/wp\/v2\/types\/product"}],"replies":[{"embeddable":true,"href":"https:\/\/bigbuy.tupique.com\/pt\/wp-json\/wp\/v2\/comments?post=15929"}],"wp:featuredmedia":[{"embeddable":true,"href":"https:\/\/bigbuy.tupique.com\/pt\/wp-json\/wp\/v2\/media\/15928"}],"wp:attachment":[{"href":"https:\/\/bigbuy.tupique.com\/pt\/wp-json\/wp\/v2\/media?parent=15929"}],"wp:term":[{"taxonomy":"product_brand","embeddable":true,"href":"https:\/\/bigbuy.tupique.com\/pt\/wp-json\/wp\/v2\/product_brand?post=15929"},{"taxonomy":"product_cat","embeddable":true,"href":"https:\/\/bigbuy.tupique.com\/pt\/wp-json\/wp\/v2\/product_cat?post=15929"},{"taxonomy":"product_tag","embeddable":true,"href":"https:\/\/bigbuy.tupique.com\/pt\/wp-json\/wp\/v2\/product_tag?post=15929"}],"curies":[{"name":"wp","href":"https:\/\/api.w.org\/{rel}","templated":true}]}}