{"id":15859,"date":"2026-03-29T13:17:05","date_gmt":"2026-03-29T12:17:05","guid":{"rendered":"https:\/\/bigbuy.tupique.com\/produto\/adaptor-startech-st121hdbtpw-hdmi-rj45\/"},"modified":"2026-04-15T00:14:13","modified_gmt":"2026-04-14T23:14:13","slug":"adaptor-startech-st121hdbtpw-hdmi-rj45","status":"publish","type":"product","link":"https:\/\/bigbuy.tupique.com\/pt\/produto\/adaptor-startech-st121hdbtpw-hdmi-rj45\/","title":{"rendered":"Adaptateur Startech ST121HDBTPW          HDMI RJ45"},"content":{"rendered":"<p>Si vous \u00eates passionn\u00e9 d&#8217;<b>informatique et d&#8217;\u00e9lectronique<\/b>, si vous \u00eates \u00e0 la pointe de la technologie et qu&#8217;aucun d\u00e9tail ne vous \u00e9chappe, achetez <b>Adaptateur Startech ST121HDBTPW          HDMI RJ45<\/b> au meilleur prix.<\/p>\n<ul>\n<li>Connexions:\n<ul>\n<li>HDMI<\/li>\n<li>RJ45<\/li>\n<li>SATA<\/li>\n<li>RCA<\/li>\n<\/ul>\n<\/li>\n<li>Type:\n<ul>\n<li>Prolongateur de c\u00e2ble<\/li>\n<li>Adaptateur<\/li>\n<li>Prise M\u00e2le\/Prise M\u00e2le<\/li>\n<\/ul>\n<\/li>\n<li>Couleur: Noir<\/li>\n<li>Mati\u00e8re: Aluminium<\/li>\n<li>Type de prise: Type M<\/li>\n<li>puissance: 18 W<\/li>\n<li>Tension:\n<ul>\n<li>12 V<\/li>\n<li>240 V<\/li>\n<\/ul>\n<\/li>\n<li>Ports: 4<\/li>\n<li>Haut-parleurs: 7.1<\/li>\n<li>Inclut:\n<ul>\n<li>C\u00e2ble RJ45<\/li>\n<li>Supports de montage<\/li>\n<li>Manuel de l&#8217;utilisateur<\/li>\n<\/ul>\n<\/li>\n<li>Certificat: RoHS<\/li>\n<li>Non inclut: Adaptateur AC<\/li>\n<li>Tension d&#8217;entr\u00e9e AC: 100 &#8211; 240 V<\/li>\n<li>Bloc d\u2019Alimentation: CC<\/li>\n<li>Amp\u00e9rage:\n<ul>\n<li>0,5 A<\/li>\n<li>1,5 A<\/li>\n<\/ul>\n<\/li>\n<li>Type de batterie: Litio Ion<\/li>\n<\/ul>","protected":false},"excerpt":{"rendered":"<p>Si vous \u00eates passionn\u00e9 d&#8217;informatique et d&#8217;\u00e9lectronique, si vous \u00eates \u00e0 la pointe de la technologie et qu&#8217;aucun d\u00e9tail ne vous \u00e9chappe, achetez Adaptateur Startech ST121HDBTPW HDMI RJ45 au meilleur prix. Connexions: HDMI RJ45 SATA RCA Type: Prolongateur de c\u00e2ble Adaptateur Prise M\u00e2le\/Prise M\u00e2le Couleur: Noir Mati\u00e8re: Aluminium Type de prise: Type M puissance: 18 [&hellip;]<\/p>\n","protected":false},"featured_media":15853,"comment_status":"open","ping_status":"closed","template":"","meta":[],"product_brand":[634],"product_cat":[596,589,65],"product_tag":[210],"class_list":{"0":"post-15859","1":"product","2":"type-product","3":"status-publish","4":"has-post-thumbnail","6":"product_brand-brandp_4771","7":"product_cat-cables-audio-et-video","8":"product_cat-electronique-television","9":"product_cat-informatique-electronique","10":"product_tag-tag_25","12":"first","13":"instock","14":"taxable","15":"shipping-taxable","16":"purchasable","17":"product-type-simple"},"_links":{"self":[{"href":"https:\/\/bigbuy.tupique.com\/pt\/wp-json\/wp\/v2\/product\/15859","targetHints":{"allow":["GET"]}}],"collection":[{"href":"https:\/\/bigbuy.tupique.com\/pt\/wp-json\/wp\/v2\/product"}],"about":[{"href":"https:\/\/bigbuy.tupique.com\/pt\/wp-json\/wp\/v2\/types\/product"}],"replies":[{"embeddable":true,"href":"https:\/\/bigbuy.tupique.com\/pt\/wp-json\/wp\/v2\/comments?post=15859"}],"wp:featuredmedia":[{"embeddable":true,"href":"https:\/\/bigbuy.tupique.com\/pt\/wp-json\/wp\/v2\/media\/15853"}],"wp:attachment":[{"href":"https:\/\/bigbuy.tupique.com\/pt\/wp-json\/wp\/v2\/media?parent=15859"}],"wp:term":[{"taxonomy":"product_brand","embeddable":true,"href":"https:\/\/bigbuy.tupique.com\/pt\/wp-json\/wp\/v2\/product_brand?post=15859"},{"taxonomy":"product_cat","embeddable":true,"href":"https:\/\/bigbuy.tupique.com\/pt\/wp-json\/wp\/v2\/product_cat?post=15859"},{"taxonomy":"product_tag","embeddable":true,"href":"https:\/\/bigbuy.tupique.com\/pt\/wp-json\/wp\/v2\/product_tag?post=15859"}],"curies":[{"name":"wp","href":"https:\/\/api.w.org\/{rel}","templated":true}]}}