{"id":15852,"date":"2026-03-29T13:16:54","date_gmt":"2026-03-29T12:16:54","guid":{"rendered":"https:\/\/bigbuy.tupique.com\/produto\/cart-ergotron-24-205-214-grey\/"},"modified":"2026-04-15T00:14:12","modified_gmt":"2026-04-14T23:14:12","slug":"cart-ergotron-24-205-214-grey","status":"publish","type":"product","link":"https:\/\/bigbuy.tupique.com\/pt\/produto\/cart-ergotron-24-205-214-grey\/","title":{"rendered":"Panier Ergotron 24-205-214 Gris"},"content":{"rendered":"<p>Si vous \u00eates passionn\u00e9 d&#8217;<b>informatique et d&#8217;\u00e9lectronique<\/b>, si vous \u00eates \u00e0 la pointe de la technologie et qu&#8217;aucun d\u00e9tail ne vous \u00e9chappe, achetez <b>Panier Ergotron 24-205-214 Gris<\/b> au meilleur prix.<\/p>\n<ul>\n<li>Type: Ordinateur portable &#8211; Support \u00e0 roulettes<\/li>\n<li>Caract\u00e9ristiques:\n<ul>\n<li>Plateau<\/li>\n<li>Hauteur r\u00e9glable<\/li>\n<li>4 roues pour facilit\u00e9 son d\u00e9placement<\/li>\n<li>R\u00e9glable<\/li>\n<li>Guide d&#8217;installation inclus<\/li>\n<\/ul>\n<\/li>\n<li>Ecran: 17&#8243;<\/li>\n<li>Utilisation recommand\u00e9e: Ordinateur Portable<\/li>\n<li>Couleur: Gris<\/li>\n<li>Largeur:\n<ul>\n<li>450 mm<\/li>\n<li>45 cm<\/li>\n<\/ul>\n<\/li>\n<li>Poids Max. support\u00e9: 6 Kg<\/li>\n<li>Mati\u00e8re:\n<ul>\n<li>Aluminium<\/li>\n<li>Plastique<\/li>\n<\/ul>\n<\/li>\n<li>roues: 4<\/li>\n<li>Compatible: Ordinateur Portable<\/li>\n<li>Compatible avec: Ordinateur Portable<\/li>\n<li>Poids: 15 kg<\/li>\n<li>Taille: 17,3&#8243;<\/li>\n<\/ul>","protected":false},"excerpt":{"rendered":"<p>Si vous \u00eates passionn\u00e9 d&#8217;informatique et d&#8217;\u00e9lectronique, si vous \u00eates \u00e0 la pointe de la technologie et qu&#8217;aucun d\u00e9tail ne vous \u00e9chappe, achetez Panier Ergotron 24-205-214 Gris au meilleur prix. Type: Ordinateur portable &#8211; Support \u00e0 roulettes Caract\u00e9ristiques: Plateau Hauteur r\u00e9glable 4 roues pour facilit\u00e9 son d\u00e9placement R\u00e9glable Guide d&#8217;installation inclus Ecran: 17&#8243; Utilisation recommand\u00e9e: [&hellip;]<\/p>\n","protected":false},"featured_media":15849,"comment_status":"open","ping_status":"closed","template":"","meta":[],"product_brand":[659],"product_cat":[65,581,586],"product_tag":[106],"class_list":{"0":"post-15852","1":"product","2":"type-product","3":"status-publish","4":"has-post-thumbnail","6":"product_brand-brandp_4773","7":"product_cat-informatique-electronique","8":"product_cat-informatique-peripheriques-et-consommables","9":"product_cat-supports-pour-ecrans","10":"product_tag-tag_1295","12":"first","13":"instock","14":"taxable","15":"shipping-taxable","16":"purchasable","17":"product-type-simple"},"_links":{"self":[{"href":"https:\/\/bigbuy.tupique.com\/pt\/wp-json\/wp\/v2\/product\/15852","targetHints":{"allow":["GET"]}}],"collection":[{"href":"https:\/\/bigbuy.tupique.com\/pt\/wp-json\/wp\/v2\/product"}],"about":[{"href":"https:\/\/bigbuy.tupique.com\/pt\/wp-json\/wp\/v2\/types\/product"}],"replies":[{"embeddable":true,"href":"https:\/\/bigbuy.tupique.com\/pt\/wp-json\/wp\/v2\/comments?post=15852"}],"wp:featuredmedia":[{"embeddable":true,"href":"https:\/\/bigbuy.tupique.com\/pt\/wp-json\/wp\/v2\/media\/15849"}],"wp:attachment":[{"href":"https:\/\/bigbuy.tupique.com\/pt\/wp-json\/wp\/v2\/media?parent=15852"}],"wp:term":[{"taxonomy":"product_brand","embeddable":true,"href":"https:\/\/bigbuy.tupique.com\/pt\/wp-json\/wp\/v2\/product_brand?post=15852"},{"taxonomy":"product_cat","embeddable":true,"href":"https:\/\/bigbuy.tupique.com\/pt\/wp-json\/wp\/v2\/product_cat?post=15852"},{"taxonomy":"product_tag","embeddable":true,"href":"https:\/\/bigbuy.tupique.com\/pt\/wp-json\/wp\/v2\/product_tag?post=15852"}],"curies":[{"name":"wp","href":"https:\/\/api.w.org\/{rel}","templated":true}]}}