{"id":15834,"date":"2026-03-29T13:16:33","date_gmt":"2026-03-29T12:16:33","guid":{"rendered":"https:\/\/bigbuy.tupique.com\/produto\/uninterruptible-power-supply-system-interactive-ups-apc-back-ups-pro-br900g-fr-540w\/"},"modified":"2026-04-16T16:51:35","modified_gmt":"2026-04-16T15:51:35","slug":"uninterruptible-power-supply-system-interactive-ups-apc-back-ups-pro-br900g-fr-540w","status":"publish","type":"product","link":"https:\/\/bigbuy.tupique.com\/pt\/produto\/uninterruptible-power-supply-system-interactive-ups-apc-back-ups-pro-br900g-fr-540w\/","title":{"rendered":"Syst\u00e8me d&#8217;Alimentation Sans Interruption Interactif APC Back-UPS PRO BR900G-FR 540W"},"content":{"rendered":"<p>Si vous \u00eates passionn\u00e9 d&#8217;<b>informatique et d&#8217;\u00e9lectronique<\/b>, si vous \u00eates \u00e0 la pointe de la technologie et qu&#8217;aucun d\u00e9tail ne vous \u00e9chappe, achetez <b>Syst\u00e8me d&#8217;Alimentation Sans Interruption Interactif APC Back-UPS PRO BR900G-FR 540W<\/b> au meilleur prix.<\/p>\n<p>Le <b>BR900G-FR<\/b> d\u2019APC est un <b>onduleur interactif<\/b> con\u00e7u pour offrir une protection fiable aux \u00e9quipements \u00e9lectroniques contre les coupures \u00e9lectriques. Avec une puissance de <b>540 W<\/b> et une capacit\u00e9 de <b>900 VA<\/b>, ce syst\u00e8me garantit une alimentation continue pour les appareils essentiels, \u00e9vitant la perte de donn\u00e9es et les dommages dus aux coupures ou fluctuations de courant. Sa technologie <b>VRLA<\/b> (batteries scell\u00e9es sans entretien) assure une performance stable et durable, r\u00e9duisant le besoin de maintenance. L\u2019appareil int\u00e8gre des alarmes sonores signalant l\u2019\u00e9tat du syst\u00e8me, compl\u00e9t\u00e9es par une connectivit\u00e9 <b>USB 2.0<\/b> pour la gestion et la surveillance via un logiciel d\u00e9di\u00e9, offrant un contr\u00f4le simple et efficace. Il fonctionne sous une tension standard de <b>230 V<\/b>, adapt\u00e9e \u00e0 un usage domestique et professionnel, et son format compact de <b>25 cm<\/b> facilite son int\u00e9gration dans divers espaces. Sa finition en <b>noir<\/b> lui conf\u00e8re un design discret et professionnel. Ce Back-UPS onduleur prot\u00e8ge et maintient en fonctionnement ordinateurs, routeurs et autres \u00e9quipements sensibles face aux coupures et variations \u00e9lectriques, prolongeant la dur\u00e9e de vie des appareils connect\u00e9s. Il b\u00e9n\u00e9ficie \u00e9galement d\u2019une garantie constructeur de trois ans, gage de qualit\u00e9 et fiabilit\u00e9 en environnements exigeants. En r\u00e9sum\u00e9, le <b>APC BR900G-FR<\/b> est une solution \u00e9quilibr\u00e9e pour les utilisateurs recherchant une alimentation s\u00e9curis\u00e9e, efficace et adapt\u00e9e aux installations n\u00e9cessitant un support interactif en \u00e9nergie.<\/p>\n<ul>\n<li>Type: Syst\u00e8me d&#8217;Alimentation Sans Interruption Interactif<\/li>\n<li>Produit \u00e0 brancher: Oui<\/li>\n<li>Type de prise: Prise EU<\/li>\n<li>Bloc d\u2019Alimentation: r\u00e9seau \u00e9lectrique<\/li>\n<li>Couleur:\n<ul>\n<li>Noir<\/li>\n<li>noir<\/li>\n<\/ul>\n<\/li>\n<li>Largeur:\n<ul>\n<li>10 cm<\/li>\n<li>48,3 cm<\/li>\n<li>22,9 cm<\/li>\n<\/ul>\n<\/li>\n<li>Quantit\u00e9:\n<ul>\n<li>1<\/li>\n<li>6<\/li>\n<\/ul>\n<\/li>\n<li>Fr\u00e9quence: 50\/60 Hz<\/li>\n<li>Interface: USB<\/li>\n<li>Inclut: C\u00e2ble USB<\/li>\n<li>Caract\u00e9ristiques: Alarme<\/li>\n<li>Connexions:\n<ul>\n<li>USB<\/li>\n<li>USB 2.0<\/li>\n<li>RJ45<\/li>\n<\/ul>\n<\/li>\n<li>Tension: 230 V<\/li>\n<li>Temps de charge approx.: 8 heures<\/li>\n<li>Technologie: VRLA<\/li>\n<li>Niveau sonore: 45 dB<\/li>\n<li>puissance: 540W<\/li>\n<\/ul>","protected":false},"excerpt":{"rendered":"<p>Si vous \u00eates passionn\u00e9 d&#8217;informatique et d&#8217;\u00e9lectronique, si vous \u00eates \u00e0 la pointe de la technologie et qu&#8217;aucun d\u00e9tail ne vous \u00e9chappe, achetez Syst\u00e8me d&#8217;Alimentation Sans Interruption Interactif APC Back-UPS PRO BR900G-FR 540W au meilleur prix. Le BR900G-FR d\u2019APC est un onduleur interactif con\u00e7u pour offrir une protection fiable aux \u00e9quipements \u00e9lectroniques contre les coupures [&hellip;]<\/p>\n","protected":false},"featured_media":15832,"comment_status":"open","ping_status":"closed","template":"","meta":[],"product_brand":[649],"product_cat":[65,581,603],"product_tag":[59,106],"class_list":{"0":"post-15834","1":"product","2":"type-product","3":"status-publish","4":"has-post-thumbnail","6":"product_brand-brandp_532","7":"product_cat-informatique-electronique","8":"product_cat-informatique-peripheriques-et-consommables","9":"product_cat-ups","10":"product_tag-tag_1304","11":"product_tag-tag_1295","13":"first","14":"instock","15":"taxable","16":"shipping-taxable","17":"purchasable","18":"product-type-simple"},"_links":{"self":[{"href":"https:\/\/bigbuy.tupique.com\/pt\/wp-json\/wp\/v2\/product\/15834","targetHints":{"allow":["GET"]}}],"collection":[{"href":"https:\/\/bigbuy.tupique.com\/pt\/wp-json\/wp\/v2\/product"}],"about":[{"href":"https:\/\/bigbuy.tupique.com\/pt\/wp-json\/wp\/v2\/types\/product"}],"replies":[{"embeddable":true,"href":"https:\/\/bigbuy.tupique.com\/pt\/wp-json\/wp\/v2\/comments?post=15834"}],"wp:featuredmedia":[{"embeddable":true,"href":"https:\/\/bigbuy.tupique.com\/pt\/wp-json\/wp\/v2\/media\/15832"}],"wp:attachment":[{"href":"https:\/\/bigbuy.tupique.com\/pt\/wp-json\/wp\/v2\/media?parent=15834"}],"wp:term":[{"taxonomy":"product_brand","embeddable":true,"href":"https:\/\/bigbuy.tupique.com\/pt\/wp-json\/wp\/v2\/product_brand?post=15834"},{"taxonomy":"product_cat","embeddable":true,"href":"https:\/\/bigbuy.tupique.com\/pt\/wp-json\/wp\/v2\/product_cat?post=15834"},{"taxonomy":"product_tag","embeddable":true,"href":"https:\/\/bigbuy.tupique.com\/pt\/wp-json\/wp\/v2\/product_tag?post=15834"}],"curies":[{"name":"wp","href":"https:\/\/api.w.org\/{rel}","templated":true}]}}