{"id":158201,"date":"2026-04-09T18:07:54","date_gmt":"2026-04-09T17:07:54","guid":{"rendered":"https:\/\/bigbuy.tupique.com\/produto\/washing-machine-aeg-l6fbi947p-9-kg-1400-rpm-60-cm-1400-rpm-9-kg-white\/"},"modified":"2026-04-15T17:53:58","modified_gmt":"2026-04-15T16:53:58","slug":"washing-machine-aeg-l6fbi947p-9-kg-1400-rpm-60-cm-1400-rpm-9-kg-white","status":"publish","type":"product","link":"https:\/\/bigbuy.tupique.com\/pt\/produto\/washing-machine-aeg-l6fbi947p-9-kg-1400-rpm-60-cm-1400-rpm-9-kg-white\/","title":{"rendered":"Machine \u00e0 laver AEG L6FBI947P 9 kg 1400 rpm 60 cm 1400 rpm 9 kg Blanc"},"content":{"rendered":"<p>Si vous recherchez des \u00e9lectrom\u00e9nagers pour votre maison aux meilleurs prix, ne manquez pas <b>Machine \u00e0 laver AEG L6FBI947P 9 kg 1400 rpm 60 cm 1400 rpm 9 kg Blanc<\/b> et une large s\u00e9lection de petits \u00e9lectrom\u00e9nagers de qualit\u00e9 !<\/p>\n<ul>\n<li>Classification \u00e9nerg\u00e9tique: A<\/li>\n<li>vitesse: 1400 rpm<\/li>\n<li>Capacit\u00e9: 9 kg<\/li>\n<li>Couleur: Blanc<\/li>\n<li>Langue: Espagnol<\/li>\n<li>Bloc d\u2019Alimentation: r\u00e9seau \u00e9lectrique<\/li>\n<li>Dimensions approx.: 85 x 60 x 60 cm<\/li>\n<li>Produit \u00e0 brancher: Oui<\/li>\n<li>Type de prise: Prise EU<\/li>\n<li>Type d&#8217;installation: Sous le plan de travail<\/li>\n<li>Largeur: 60 cm<\/li>\n<li>Caract\u00e9ristiques:\n<ul>\n<li>Verrouillage pour enfants<\/li>\n<li>\u00c9cran integr\u00e9<\/li>\n<\/ul>\n<\/li>\n<li>Tension d&#8217;entr\u00e9e AC: 230 V<\/li>\n<li>Pays \/ r\u00e9gion de fabrication: Espagne<\/li>\n<li>Connexions: USB<\/li>\n<li>Ports: 2<\/li>\n<li>Diagonale de l&#8217;\u00e9cran (cm): 15,2 cm<\/li>\n<\/ul>","protected":false},"excerpt":{"rendered":"<p><span class=\"unit-info\">70.7767 &euro; \/ 1 kg<\/span><\/p>","protected":false},"featured_media":158199,"comment_status":"open","ping_status":"closed","template":"","meta":[],"product_brand":[1386],"product_cat":[239,240,751],"product_tag":[],"class_list":{"0":"post-158201","1":"product","2":"type-product","3":"status-publish","4":"has-post-thumbnail","6":"product_brand-brandp_679","7":"product_cat-maison-jardin","8":"product_cat-nettoyage-aspirateur-et-repassage","9":"product_cat-seche-linge-fers-a-repasser-sechoirs","11":"first","12":"instock","13":"taxable","14":"shipping-taxable","15":"purchasable","16":"product-type-simple"},"_links":{"self":[{"href":"https:\/\/bigbuy.tupique.com\/pt\/wp-json\/wp\/v2\/product\/158201","targetHints":{"allow":["GET"]}}],"collection":[{"href":"https:\/\/bigbuy.tupique.com\/pt\/wp-json\/wp\/v2\/product"}],"about":[{"href":"https:\/\/bigbuy.tupique.com\/pt\/wp-json\/wp\/v2\/types\/product"}],"replies":[{"embeddable":true,"href":"https:\/\/bigbuy.tupique.com\/pt\/wp-json\/wp\/v2\/comments?post=158201"}],"wp:featuredmedia":[{"embeddable":true,"href":"https:\/\/bigbuy.tupique.com\/pt\/wp-json\/wp\/v2\/media\/158199"}],"wp:attachment":[{"href":"https:\/\/bigbuy.tupique.com\/pt\/wp-json\/wp\/v2\/media?parent=158201"}],"wp:term":[{"taxonomy":"product_brand","embeddable":true,"href":"https:\/\/bigbuy.tupique.com\/pt\/wp-json\/wp\/v2\/product_brand?post=158201"},{"taxonomy":"product_cat","embeddable":true,"href":"https:\/\/bigbuy.tupique.com\/pt\/wp-json\/wp\/v2\/product_cat?post=158201"},{"taxonomy":"product_tag","embeddable":true,"href":"https:\/\/bigbuy.tupique.com\/pt\/wp-json\/wp\/v2\/product_tag?post=158201"}],"curies":[{"name":"wp","href":"https:\/\/api.w.org\/{rel}","templated":true}]}}