{"id":15794,"date":"2026-03-29T13:04:14","date_gmt":"2026-03-29T12:04:14","guid":{"rendered":"https:\/\/bigbuy.tupique.com\/produto\/original-ink-cartridge-hp-w1470x-black\/"},"modified":"2026-05-11T19:58:54","modified_gmt":"2026-05-11T17:58:54","slug":"original-ink-cartridge-hp-w1470x-black","status":"publish","type":"product","link":"https:\/\/bigbuy.tupique.com\/pt\/produto\/original-ink-cartridge-hp-w1470x-black\/","title":{"rendered":"Cartouche d&#8217;encre originale HP W1470X Noir"},"content":{"rendered":"<p>Si vous \u00eates passionn\u00e9 d&#8217;<b>informatique et d&#8217;\u00e9lectronique<\/b>, si vous \u00eates \u00e0 la pointe de la technologie et qu&#8217;aucun d\u00e9tail ne vous \u00e9chappe, achetez <b>Cartouche d&#8217;encre originale HP W1470X Noir<\/b> au meilleur prix.<\/p>\n<p>Le <b>cartouche de toner original HP W1470X<\/b> est un consommable con\u00e7u sp\u00e9cifiquement pour les imprimantes laser HP, garantissant la meilleure qualit\u00e9 et performance pour l\u2019impression basique de textes et graphiques en faibles volumes. Ce cartouche de toner original de couleur <b>noir<\/b> se distingue par sa technologie laser, assurant une impression pr\u00e9cise, durable et uniforme, id\u00e9ale pour les documents professionnels ou quotidiens. Gr\u00e2ce \u00e0 la technologie innovante JetIntelligence de HP, le <b>cartouche de toner 147X haute capacit\u00e9<\/b> offre un rendement \u00e9lev\u00e9 allant jusqu\u2019\u00e0 <b>25 200 pages imprim\u00e9es<\/b>, r\u00e9duisant ainsi la fr\u00e9quence des remplacements et optimisant les co\u00fbts d\u2019impression. Fabriqu\u00e9 en <b>plastique r\u00e9sistant<\/b> et produit en Chine, ce cartouche garantit une compatibilit\u00e9 totale avec les \u00e9quipements HP, prot\u00e9geant \u00e0 la fois l\u2019imprimante et la qualit\u00e9 finale de chaque page. Sa technologie antifraude assure l\u2019authenticit\u00e9 et la constance du toner, \u00e9vitant les interf\u00e9rences et pannes pouvant affecter la production imprim\u00e9e. Livr\u00e9 en pack de <b>une unit\u00e9<\/b>, il s\u2019adresse aux utilisateurs recherchant un consommable original, fiable et capable de r\u00e9pondre aux besoins d\u2019impression dans les petits bureaux ou environnements domestiques \u00e0 usage moyen. En r\u00e9sum\u00e9, ce cartouche offre un bon \u00e9quilibre entre capacit\u00e9, qualit\u00e9 et protection technologique, garantissant des r\u00e9sultats optimaux \u00e0 chaque utilisation. Le cartouche de toner original HP W1470X est une solution fiable pour maintenir productivit\u00e9 et qualit\u00e9 dans les environnements o\u00f9 l\u2019impression laser noire est prioritaire.<\/p>\n<ul>\n<li>Compatible: HP<\/li>\n<li>Type:\n<ul>\n<li>Cartouche d&#8217;encre originale<\/li>\n<li>Original<\/li>\n<\/ul>\n<\/li>\n<li>Couleur: Noir<\/li>\n<li>Largeur: 380 mm<\/li>\n<li>Technologie: Laser<\/li>\n<li>Unit\u00e9s: 1 Unit\u00e9<\/li>\n<li>Pays \/ r\u00e9gion de fabrication: Chine<\/li>\n<li>Mat\u00e9riel: Plastique<\/li>\n<li>Temp\u00e9rature approximative: -20\u00ba \/ 40\u00ba<\/li>\n<li>Caract\u00e9ristiques: Original<\/li>\n<li>Type de batterie: Batterie au lithium rechargeable<\/li>\n<\/ul>","protected":false},"excerpt":{"rendered":"<p><span class=\"unit-info\">406.9900 &euro; \/ 1 unit<\/span><\/p>","protected":false},"featured_media":15792,"comment_status":"open","ping_status":"closed","template":"","meta":[],"product_brand":[630],"product_cat":[595,65,581],"product_tag":[213,106],"class_list":{"0":"post-15794","1":"product","2":"type-product","3":"status-publish","4":"has-post-thumbnail","6":"product_brand-brandp_909","7":"product_cat-cartouches-d-encre-originale","8":"product_cat-informatique-electronique","9":"product_cat-informatique-peripheriques-et-consommables","10":"product_tag-tag_933","11":"product_tag-tag_1295","13":"first","14":"instock","15":"taxable","16":"shipping-taxable","17":"purchasable","18":"product-type-simple"},"_links":{"self":[{"href":"https:\/\/bigbuy.tupique.com\/pt\/wp-json\/wp\/v2\/product\/15794","targetHints":{"allow":["GET"]}}],"collection":[{"href":"https:\/\/bigbuy.tupique.com\/pt\/wp-json\/wp\/v2\/product"}],"about":[{"href":"https:\/\/bigbuy.tupique.com\/pt\/wp-json\/wp\/v2\/types\/product"}],"replies":[{"embeddable":true,"href":"https:\/\/bigbuy.tupique.com\/pt\/wp-json\/wp\/v2\/comments?post=15794"}],"wp:featuredmedia":[{"embeddable":true,"href":"https:\/\/bigbuy.tupique.com\/pt\/wp-json\/wp\/v2\/media\/15792"}],"wp:attachment":[{"href":"https:\/\/bigbuy.tupique.com\/pt\/wp-json\/wp\/v2\/media?parent=15794"}],"wp:term":[{"taxonomy":"product_brand","embeddable":true,"href":"https:\/\/bigbuy.tupique.com\/pt\/wp-json\/wp\/v2\/product_brand?post=15794"},{"taxonomy":"product_cat","embeddable":true,"href":"https:\/\/bigbuy.tupique.com\/pt\/wp-json\/wp\/v2\/product_cat?post=15794"},{"taxonomy":"product_tag","embeddable":true,"href":"https:\/\/bigbuy.tupique.com\/pt\/wp-json\/wp\/v2\/product_tag?post=15794"}],"curies":[{"name":"wp","href":"https:\/\/api.w.org\/{rel}","templated":true}]}}