{"id":157857,"date":"2026-04-09T17:11:57","date_gmt":"2026-04-09T16:11:57","guid":{"rendered":"https:\/\/bigbuy.tupique.com\/produto\/smartphone-samsung-galaxy-s26-5g-sm-s947-67-qualcomm-snapdragon-8-gen-5-deca-core-12-gb-ram-256-gb-blue\/"},"modified":"2026-04-15T08:51:14","modified_gmt":"2026-04-15T07:51:14","slug":"smartphone-samsung-galaxy-s26-5g-sm-s947-67-qualcomm-snapdragon-8-gen-5-deca-core-12-gb-ram-256-gb-blue","status":"publish","type":"product","link":"https:\/\/bigbuy.tupique.com\/pt\/produto\/smartphone-samsung-galaxy-s26-5g-sm-s947-67-qualcomm-snapdragon-8-gen-5-deca-core-12-gb-ram-256-gb-blue\/","title":{"rendered":"Smartphone Samsung Galaxy S26+ 5G SM-S947 6,7&#8243; Qualcomm Snapdragon 8 Gen 5 Deca Core 12 GB RAM 256 GB Bleu"},"content":{"rendered":"<p>Si vous \u00eates \u00e0 la recherche de nouvelles tendances sur le march\u00e9, nous vous pr\u00e9sentons <b>Smartphone Samsung Galaxy S26+ 5G SM-S947 6,7&#8243; Qualcomm Snapdragon 8 Gen 5 Deca Core 12 GB RAM 256 GB Bleu<\/b> !<\/p>\n<ul>\n<li>Diagonale de l&#8217;\u00e9cran (cm): 17 cm<\/li>\n<li>Type: Smartphone<\/li>\n<li>Produit \u00e0 brancher: Oui<\/li>\n<li>Type d\u2019\u00e9cran: DYNAMIC AMOLED 2X<\/li>\n<li>Technologie: 52.1 Dynamic AMOLED 2X<\/li>\n<li>Capacit\u00e9 de la batterie: 4900 mAh<\/li>\n<li>Ecran: 6,7&#8243;<\/li>\n<li>Syst\u00e8me d&#8217;exploitation: Android<\/li>\n<li>puissance: 45 W<\/li>\n<li>Connectivit\u00e9:\n<ul>\n<li>NFC<\/li>\n<li>Dual SIM<\/li>\n<li>Glonass<\/li>\n<li>BeiDou<\/li>\n<li>Galileo<\/li>\n<li>5G<\/li>\n<li>Fonction de GPS assist\u00e9e (A-GPS)<\/li>\n<\/ul>\n<\/li>\n<li>Cam\u00e9ra\/Appareil Photo:\n<ul>\n<li>12 mpx<\/li>\n<li>50 Mp<\/li>\n<\/ul>\n<\/li>\n<li>Connexions: USB-C<\/li>\n<li>Processeur:\n<ul>\n<li>Qualcomm Snapdragon 8 Gen 5<\/li>\n<li>Deca Core<\/li>\n<\/ul>\n<\/li>\n<li>M\u00e9moire RAM: 12 GB RAM<\/li>\n<li>M\u00e9moire interne: 256 GB<\/li>\n<li>Couleur: Bleu<\/li>\n<\/ul>","protected":false},"excerpt":{"rendered":"<p>Si vous \u00eates \u00e0 la recherche de nouvelles tendances sur le march\u00e9, nous vous pr\u00e9sentons Smartphone Samsung Galaxy S26+ 5G SM-S947 6,7&#8243; Qualcomm Snapdragon 8 Gen 5 Deca Core 12 GB RAM 256 GB Bleu ! Diagonale de l&#8217;\u00e9cran (cm): 17 cm Type: Smartphone Produit \u00e0 brancher: Oui Type d\u2019\u00e9cran: DYNAMIC AMOLED 2X Technologie: 52.1 [&hellip;]<\/p>\n","protected":false},"featured_media":158248,"comment_status":"open","ping_status":"closed","template":"","meta":[],"product_brand":[183],"product_cat":[575,65,960],"product_tag":[213,566,106],"class_list":{"0":"post-157857","1":"product","2":"type-product","3":"status-publish","4":"has-post-thumbnail","6":"product_brand-brandp_576","7":"product_cat-electronique-telephonie-et-tablettes","8":"product_cat-informatique-electronique","9":"product_cat-telephones-portables","10":"product_tag-tag_933","11":"product_tag-tag_547","12":"product_tag-tag_1295","14":"first","15":"instock","16":"taxable","17":"shipping-taxable","18":"purchasable","19":"product-type-simple"},"_links":{"self":[{"href":"https:\/\/bigbuy.tupique.com\/pt\/wp-json\/wp\/v2\/product\/157857","targetHints":{"allow":["GET"]}}],"collection":[{"href":"https:\/\/bigbuy.tupique.com\/pt\/wp-json\/wp\/v2\/product"}],"about":[{"href":"https:\/\/bigbuy.tupique.com\/pt\/wp-json\/wp\/v2\/types\/product"}],"replies":[{"embeddable":true,"href":"https:\/\/bigbuy.tupique.com\/pt\/wp-json\/wp\/v2\/comments?post=157857"}],"wp:featuredmedia":[{"embeddable":true,"href":"https:\/\/bigbuy.tupique.com\/pt\/wp-json\/wp\/v2\/media\/158248"}],"wp:attachment":[{"href":"https:\/\/bigbuy.tupique.com\/pt\/wp-json\/wp\/v2\/media?parent=157857"}],"wp:term":[{"taxonomy":"product_brand","embeddable":true,"href":"https:\/\/bigbuy.tupique.com\/pt\/wp-json\/wp\/v2\/product_brand?post=157857"},{"taxonomy":"product_cat","embeddable":true,"href":"https:\/\/bigbuy.tupique.com\/pt\/wp-json\/wp\/v2\/product_cat?post=157857"},{"taxonomy":"product_tag","embeddable":true,"href":"https:\/\/bigbuy.tupique.com\/pt\/wp-json\/wp\/v2\/product_tag?post=157857"}],"curies":[{"name":"wp","href":"https:\/\/api.w.org\/{rel}","templated":true}]}}