{"id":15778,"date":"2026-03-29T13:03:53","date_gmt":"2026-03-29T12:03:53","guid":{"rendered":"https:\/\/bigbuy.tupique.com\/produto\/hand-mixer-kenwood-kvl4170s-1200-w\/"},"modified":"2026-04-16T19:06:13","modified_gmt":"2026-04-16T18:06:13","slug":"hand-mixer-kenwood-kvl4170s-1200-w","status":"publish","type":"product","link":"https:\/\/bigbuy.tupique.com\/pt\/produto\/hand-mixer-kenwood-kvl4170s-1200-w\/","title":{"rendered":"Batteur \u00e0 fouet Kenwood KVL4170S 1200 W"},"content":{"rendered":"<p>Si vous recherchez des \u00e9lectrom\u00e9nagers pour votre maison aux meilleurs prix, ne manquez pas <b>Batteur \u00e0 fouet Kenwood KVL4170S 1200 W<\/b> et une large s\u00e9lection de petits \u00e9lectrom\u00e9nagers de qualit\u00e9 !<\/p>\n<p>La <b>Kenwood KVL4170S<\/b> est un batteur sur socle professionnel qui allie puissance et polyvalence pour r\u00e9pondre aux exigences les plus \u00e9lev\u00e9es en cuisine. Ce mod\u00e8le se distingue par son moteur puissant de <b>1200 W<\/b>, garantissant une performance optimale pour p\u00e9trir, m\u00e9langer et battre tous types de p\u00e2tes et pr\u00e9parations. Sa structure robuste est fabriqu\u00e9e avec des mat\u00e9riaux de haute qualit\u00e9, incluant <b>acier inoxydable<\/b> et <b>aluminium<\/b>, assurant durabilit\u00e9 et r\u00e9sistance sup\u00e9rieures, ainsi qu\u2019un design \u00e9l\u00e9gant en tons <b>noir et gris<\/b> qui s\u2019int\u00e8gre facilement dans tout espace culinaire. La Kenwood KVL4170S dispose d\u2019un bol grande capacit\u00e9 de <b>6,7 litres<\/b>, permettant de travailler de grandes quantit\u00e9s d\u2019ingr\u00e9dients, id\u00e9al pour la p\u00e2tisserie en volume. Gr\u00e2ce \u00e0 son design professionnel et ses accessoires, ce robot ne fonctionne pas seulement comme <b>batteur sur socle<\/b>, mais inclut \u00e9galement un kit complet pour p\u00e2tisserie et un hachoir m\u00e9tallique, augmentant ses possibilit\u00e9s et facilitant la pr\u00e9paration de p\u00e2tes, m\u00e9langes et autres ingr\u00e9dients efficacement. La prise standard europ\u00e9enne garantit compatibilit\u00e9 et s\u00e9curit\u00e9 pour un usage domestique et professionnel en Espagne et en Europe. La Kenwood KVL4170S est, en somme, une solution compl\u00e8te pour ceux qui recherchent un \u00e9quipement fiable, puissant et multifonction, con\u00e7u pour obtenir des r\u00e9sultats de qualit\u00e9 professionnelle dans des recettes n\u00e9cessitant pr\u00e9cision et constance.<\/p>\n<ul>\n<li>Capacit\u00e9: 6,7 l<\/li>\n<li>Produit \u00e0 brancher: Oui<\/li>\n<li>Type de prise: Prise EU<\/li>\n<li>Mati\u00e8re:\n<ul>\n<li>Acier inoxydable<\/li>\n<li>Aluminium<\/li>\n<\/ul>\n<\/li>\n<li>Type: Batteur \u00e0 fouet<\/li>\n<li>Bloc d\u2019Alimentation: r\u00e9seau \u00e9lectrique<\/li>\n<li>Couleur:\n<ul>\n<li>Gris<\/li>\n<li>Noir<\/li>\n<\/ul>\n<\/li>\n<li>Vitesse: Variable<\/li>\n<li>Inclut:\n<ul>\n<li>Tiges de m\u00e9lange<\/li>\n<li>Tiges de p\u00e9trissage<\/li>\n<\/ul>\n<\/li>\n<li>Dimensions approx.:\n<ul>\n<li>28 cm<\/li>\n<li>38,5 cm<\/li>\n<li>34,5 cm<\/li>\n<\/ul>\n<\/li>\n<li>puissance: 1200 W<\/li>\n<\/ul>","protected":false},"excerpt":{"rendered":"<p>Si vous recherchez des \u00e9lectrom\u00e9nagers pour votre maison aux meilleurs prix, ne manquez pas Batteur \u00e0 fouet Kenwood KVL4170S 1200 W et une large s\u00e9lection de petits \u00e9lectrom\u00e9nagers de qualit\u00e9 ! La Kenwood KVL4170S est un batteur sur socle professionnel qui allie puissance et polyvalence pour r\u00e9pondre aux exigences les plus \u00e9lev\u00e9es en cuisine. Ce [&hellip;]<\/p>\n","protected":false},"featured_media":15770,"comment_status":"open","ping_status":"closed","template":"","meta":[],"product_brand":[318],"product_cat":[735,60,77],"product_tag":[55,59,56],"class_list":{"0":"post-15778","1":"product","2":"type-product","3":"status-publish","4":"has-post-thumbnail","6":"product_brand-brandp_1023","7":"product_cat-batteurs","8":"product_cat-cuisine-gourmet","9":"product_cat-petit-electromenager","10":"product_tag-tag_926","11":"product_tag-tag_1304","12":"product_tag-tag_930","14":"first","15":"instock","16":"taxable","17":"shipping-taxable","18":"purchasable","19":"product-type-simple"},"_links":{"self":[{"href":"https:\/\/bigbuy.tupique.com\/pt\/wp-json\/wp\/v2\/product\/15778","targetHints":{"allow":["GET"]}}],"collection":[{"href":"https:\/\/bigbuy.tupique.com\/pt\/wp-json\/wp\/v2\/product"}],"about":[{"href":"https:\/\/bigbuy.tupique.com\/pt\/wp-json\/wp\/v2\/types\/product"}],"replies":[{"embeddable":true,"href":"https:\/\/bigbuy.tupique.com\/pt\/wp-json\/wp\/v2\/comments?post=15778"}],"wp:featuredmedia":[{"embeddable":true,"href":"https:\/\/bigbuy.tupique.com\/pt\/wp-json\/wp\/v2\/media\/15770"}],"wp:attachment":[{"href":"https:\/\/bigbuy.tupique.com\/pt\/wp-json\/wp\/v2\/media?parent=15778"}],"wp:term":[{"taxonomy":"product_brand","embeddable":true,"href":"https:\/\/bigbuy.tupique.com\/pt\/wp-json\/wp\/v2\/product_brand?post=15778"},{"taxonomy":"product_cat","embeddable":true,"href":"https:\/\/bigbuy.tupique.com\/pt\/wp-json\/wp\/v2\/product_cat?post=15778"},{"taxonomy":"product_tag","embeddable":true,"href":"https:\/\/bigbuy.tupique.com\/pt\/wp-json\/wp\/v2\/product_tag?post=15778"}],"curies":[{"name":"wp","href":"https:\/\/api.w.org\/{rel}","templated":true}]}}