{"id":157516,"date":"2026-04-09T16:25:26","date_gmt":"2026-04-09T15:25:26","guid":{"rendered":"https:\/\/bigbuy.tupique.com\/produto\/sink-with-one-basin-teka-115000054-steel\/"},"modified":"2026-04-15T07:38:12","modified_gmt":"2026-04-15T06:38:12","slug":"sink-with-one-basin-teka-115000054-steel","status":"publish","type":"product","link":"https:\/\/bigbuy.tupique.com\/pt\/produto\/sink-with-one-basin-teka-115000054-steel\/","title":{"rendered":"\u00c9vier simple Teka 115000054 Acier"},"content":{"rendered":"<p>Si vous pensez r\u00e9nover votre cuisine, achetez <b>\u00c9vier simple Teka 115000054 Acier<\/b> et d\u00b4autres <b>produits Teka<\/b> !<\/p>\n<ul>\n<li>Mati\u00e8re:\n<ul>\n<li>Acier inoxydable<\/li>\n<li>Acier<\/li>\n<\/ul>\n<\/li>\n<li>Forme: Rectangulaire<\/li>\n<li>Utilisation recommand\u00e9e: Anti-reflux<\/li>\n<li>Couleur: Acier<\/li>\n<li>N\u00e9cessite un montage: Oui<\/li>\n<li>Largeur: 44 cm<\/li>\n<li>Profondeur: 20 cm<\/li>\n<\/ul>","protected":false},"excerpt":{"rendered":"<p>Si vous pensez r\u00e9nover votre cuisine, achetez \u00c9vier simple Teka 115000054 Acier et d\u00b4autres produits Teka ! Mati\u00e8re: Acier inoxydable Acier Forme: Rectangulaire Utilisation recommand\u00e9e: Anti-reflux Couleur: Acier N\u00e9cessite un montage: Oui Largeur: 44 cm Profondeur: 20 cm<\/p>","protected":false},"featured_media":157506,"comment_status":"open","ping_status":"closed","template":"","meta":[],"product_brand":[667],"product_cat":[60,61,779],"product_tag":[210],"class_list":{"0":"post-157516","1":"product","2":"type-product","3":"status-publish","4":"has-post-thumbnail","6":"product_brand-brandp_1172","7":"product_cat-cuisine-gourmet","8":"product_cat-equipement-de-cuisine","9":"product_cat-eviers","10":"product_tag-tag_25","12":"first","13":"instock","14":"taxable","15":"shipping-taxable","16":"purchasable","17":"product-type-simple"},"_links":{"self":[{"href":"https:\/\/bigbuy.tupique.com\/pt\/wp-json\/wp\/v2\/product\/157516","targetHints":{"allow":["GET"]}}],"collection":[{"href":"https:\/\/bigbuy.tupique.com\/pt\/wp-json\/wp\/v2\/product"}],"about":[{"href":"https:\/\/bigbuy.tupique.com\/pt\/wp-json\/wp\/v2\/types\/product"}],"replies":[{"embeddable":true,"href":"https:\/\/bigbuy.tupique.com\/pt\/wp-json\/wp\/v2\/comments?post=157516"}],"wp:featuredmedia":[{"embeddable":true,"href":"https:\/\/bigbuy.tupique.com\/pt\/wp-json\/wp\/v2\/media\/157506"}],"wp:attachment":[{"href":"https:\/\/bigbuy.tupique.com\/pt\/wp-json\/wp\/v2\/media?parent=157516"}],"wp:term":[{"taxonomy":"product_brand","embeddable":true,"href":"https:\/\/bigbuy.tupique.com\/pt\/wp-json\/wp\/v2\/product_brand?post=157516"},{"taxonomy":"product_cat","embeddable":true,"href":"https:\/\/bigbuy.tupique.com\/pt\/wp-json\/wp\/v2\/product_cat?post=157516"},{"taxonomy":"product_tag","embeddable":true,"href":"https:\/\/bigbuy.tupique.com\/pt\/wp-json\/wp\/v2\/product_tag?post=157516"}],"curies":[{"name":"wp","href":"https:\/\/api.w.org\/{rel}","templated":true}]}}