{"id":15735,"date":"2026-03-29T13:02:51","date_gmt":"2026-03-29T12:02:51","guid":{"rendered":"https:\/\/bigbuy.tupique.com\/produto\/mens-watch-tissot-gent-xl-3x3-street-basketball-special-pack-2-straps-o-45-mm\/"},"modified":"2026-04-15T00:14:04","modified_gmt":"2026-04-14T23:14:04","slug":"mens-watch-tissot-gent-xl-3x3-street-basketball-special-pack-2-straps-o-45-mm","status":"publish","type":"product","link":"https:\/\/bigbuy.tupique.com\/pt\/produto\/mens-watch-tissot-gent-xl-3x3-street-basketball-special-pack-2-straps-o-45-mm\/","title":{"rendered":"Montre Homme Tissot GENT XL 3X3 STREET BASKETBALL &#8211; SPECIAL PACK. 2 STRAPS (\u00d8 45 mm)"},"content":{"rendered":"<p>Si vous aimez suivre les derni\u00e8res tendances en mati\u00e8re de mode et accessoires, achetez <b>Montre Homme Tissot GENT XL 3X3 STREET BASKETBALL &#8211; SPECIAL PACK. 2 STRAPS (\u00d8 45 mm)<\/b> au meilleur prix.<\/p>\n<ul>\n<li>Fonctions: Date<\/li>\n<li>Genre: Homme<\/li>\n<li>Mat\u00e9riau du bracelet: Cuir<\/li>\n<li>Imperm\u00e9abilit\u00e9: 10 atm<\/li>\n<li>Verre: Saphir<\/li>\n<li>Inclut: Le coffret de la marque est inclus<\/li>\n<li>Type de mouvement: Quartz suisse<\/li>\n<li>Diam\u00e8tre du bo\u00eetier de la montre: \u00d8 45 mm<\/li>\n<li>Liens suppl\u00e9mentaires: Non<\/li>\n<li>Type de montre: Montre-bracelet<\/li>\n<\/ul>","protected":false},"excerpt":{"rendered":"<p>Si vous aimez suivre les derni\u00e8res tendances en mati\u00e8re de mode et accessoires, achetez Montre Homme Tissot GENT XL 3X3 STREET BASKETBALL &#8211; SPECIAL PACK. 2 STRAPS (\u00d8 45 mm) au meilleur prix. Fonctions: Date Genre: Homme Mat\u00e9riau du bracelet: Cuir Imperm\u00e9abilit\u00e9: 10 atm Verre: Saphir Inclut: Le coffret de la marque est inclus Type [&hellip;]<\/p>\n","protected":false},"featured_media":15732,"comment_status":"open","ping_status":"closed","template":"","meta":[],"product_brand":[794],"product_cat":[544,574,545],"product_tag":[103,543],"class_list":{"0":"post-15735","1":"product","2":"type-product","3":"status-publish","4":"has-post-thumbnail","6":"product_brand-brandp_1719","7":"product_cat-mode-accessoires","8":"product_cat-montres-homme","9":"product_cat-montres-bracelets","10":"product_tag-tag_1261","11":"product_tag-tag_61","13":"first","14":"instock","15":"taxable","16":"shipping-taxable","17":"purchasable","18":"product-type-simple"},"_links":{"self":[{"href":"https:\/\/bigbuy.tupique.com\/pt\/wp-json\/wp\/v2\/product\/15735","targetHints":{"allow":["GET"]}}],"collection":[{"href":"https:\/\/bigbuy.tupique.com\/pt\/wp-json\/wp\/v2\/product"}],"about":[{"href":"https:\/\/bigbuy.tupique.com\/pt\/wp-json\/wp\/v2\/types\/product"}],"replies":[{"embeddable":true,"href":"https:\/\/bigbuy.tupique.com\/pt\/wp-json\/wp\/v2\/comments?post=15735"}],"wp:featuredmedia":[{"embeddable":true,"href":"https:\/\/bigbuy.tupique.com\/pt\/wp-json\/wp\/v2\/media\/15732"}],"wp:attachment":[{"href":"https:\/\/bigbuy.tupique.com\/pt\/wp-json\/wp\/v2\/media?parent=15735"}],"wp:term":[{"taxonomy":"product_brand","embeddable":true,"href":"https:\/\/bigbuy.tupique.com\/pt\/wp-json\/wp\/v2\/product_brand?post=15735"},{"taxonomy":"product_cat","embeddable":true,"href":"https:\/\/bigbuy.tupique.com\/pt\/wp-json\/wp\/v2\/product_cat?post=15735"},{"taxonomy":"product_tag","embeddable":true,"href":"https:\/\/bigbuy.tupique.com\/pt\/wp-json\/wp\/v2\/product_tag?post=15735"}],"curies":[{"name":"wp","href":"https:\/\/api.w.org\/{rel}","templated":true}]}}