{"id":15721,"date":"2026-03-29T13:02:33","date_gmt":"2026-03-29T12:02:33","guid":{"rendered":"https:\/\/bigbuy.tupique.com\/produto\/mens-watch-frederique-constant-horological\/"},"modified":"2026-04-15T00:14:03","modified_gmt":"2026-04-14T23:14:03","slug":"mens-watch-frederique-constant-horological","status":"publish","type":"product","link":"https:\/\/bigbuy.tupique.com\/pt\/produto\/mens-watch-frederique-constant-horological\/","title":{"rendered":"Montre Homme Frederique Constant HOROLOGICAL"},"content":{"rendered":"<p>Si vous aimez suivre les derni\u00e8res tendances en mati\u00e8re de mode et accessoires, achetez <b>Montre Homme Frederique Constant HOROLOGICAL<\/b> au meilleur prix.<\/p>\n<ul>\n<li>Fonctions: Multifonction<\/li>\n<li>Genre: Homme<\/li>\n<li>Mat\u00e9riau du bracelet: Cuir<\/li>\n<li>Imperm\u00e9abilit\u00e9: 5 atm<\/li>\n<li>Type: Montre intelligente<\/li>\n<li>Verre: Saphir<\/li>\n<li>Inclut: Le coffret de la marque est inclus<\/li>\n<li>Type de mouvement: Quartz<\/li>\n<li>Liens suppl\u00e9mentaires: Non<\/li>\n<li>Type de montre: Montre-bracelet<\/li>\n<\/ul>","protected":false},"excerpt":{"rendered":"<p>Si vous aimez suivre les derni\u00e8res tendances en mati\u00e8re de mode et accessoires, achetez Montre Homme Frederique Constant HOROLOGICAL au meilleur prix. Fonctions: Multifonction Genre: Homme Mat\u00e9riau du bracelet: Cuir Imperm\u00e9abilit\u00e9: 5 atm Type: Montre intelligente Verre: Saphir Inclut: Le coffret de la marque est inclus Type de mouvement: Quartz Liens suppl\u00e9mentaires: Non Type de [&hellip;]<\/p>\n","protected":false},"featured_media":15717,"comment_status":"open","ping_status":"closed","template":"","meta":[],"product_brand":[795],"product_cat":[544,574,545],"product_tag":[103,543],"class_list":{"0":"post-15721","1":"product","2":"type-product","3":"status-publish","4":"has-post-thumbnail","6":"product_brand-brandp_6826","7":"product_cat-mode-accessoires","8":"product_cat-montres-homme","9":"product_cat-montres-bracelets","10":"product_tag-tag_1261","11":"product_tag-tag_61","13":"first","14":"instock","15":"taxable","16":"shipping-taxable","17":"purchasable","18":"product-type-simple"},"_links":{"self":[{"href":"https:\/\/bigbuy.tupique.com\/pt\/wp-json\/wp\/v2\/product\/15721","targetHints":{"allow":["GET"]}}],"collection":[{"href":"https:\/\/bigbuy.tupique.com\/pt\/wp-json\/wp\/v2\/product"}],"about":[{"href":"https:\/\/bigbuy.tupique.com\/pt\/wp-json\/wp\/v2\/types\/product"}],"replies":[{"embeddable":true,"href":"https:\/\/bigbuy.tupique.com\/pt\/wp-json\/wp\/v2\/comments?post=15721"}],"wp:featuredmedia":[{"embeddable":true,"href":"https:\/\/bigbuy.tupique.com\/pt\/wp-json\/wp\/v2\/media\/15717"}],"wp:attachment":[{"href":"https:\/\/bigbuy.tupique.com\/pt\/wp-json\/wp\/v2\/media?parent=15721"}],"wp:term":[{"taxonomy":"product_brand","embeddable":true,"href":"https:\/\/bigbuy.tupique.com\/pt\/wp-json\/wp\/v2\/product_brand?post=15721"},{"taxonomy":"product_cat","embeddable":true,"href":"https:\/\/bigbuy.tupique.com\/pt\/wp-json\/wp\/v2\/product_cat?post=15721"},{"taxonomy":"product_tag","embeddable":true,"href":"https:\/\/bigbuy.tupique.com\/pt\/wp-json\/wp\/v2\/product_tag?post=15721"}],"curies":[{"name":"wp","href":"https:\/\/api.w.org\/{rel}","templated":true}]}}