{"id":15609,"date":"2026-03-29T12:59:43","date_gmt":"2026-03-29T11:59:43","guid":{"rendered":"https:\/\/bigbuy.tupique.com\/produto\/dehumidifier-delonghi-dd230p-30-l\/"},"modified":"2026-04-16T17:25:13","modified_gmt":"2026-04-16T16:25:13","slug":"dehumidifier-delonghi-dd230p-30-l","status":"publish","type":"product","link":"https:\/\/bigbuy.tupique.com\/pt\/produto\/dehumidifier-delonghi-dd230p-30-l\/","title":{"rendered":"D\u00e9shumidificateur DeLonghi DD230P 30 L"},"content":{"rendered":"<p>Si vous recherchez des \u00e9lectrom\u00e9nagers pour votre maison aux meilleurs prix, ne manquez pas <b>D\u00e9shumidificateur DeLonghi DD230P 30 L<\/b> et une large s\u00e9lection de petits \u00e9lectrom\u00e9nagers de qualit\u00e9 !<\/p>\n<p>Le <b>d\u00e9shumidificateur<\/b> <b>DELONGHI DD230P<\/b> est un appareil con\u00e7u pour contr\u00f4ler efficacement l\u2019humidit\u00e9 ambiante dans les espaces int\u00e9rieurs, contribuant \u00e0 am\u00e9liorer le confort et \u00e0 pr\u00e9venir les probl\u00e8mes li\u00e9s \u00e0 l\u2019exc\u00e8s d\u2019humidit\u00e9 tels que la moisissure ou les mauvaises odeurs. Ce mod\u00e8le pr\u00e9sente une finition en <b>blanc<\/b>, lui conf\u00e9rant un aspect neutre et facile \u00e0 int\u00e9grer dans n\u2019importe quelle pi\u00e8ce. Son corps est fabriqu\u00e9 avec des mat\u00e9riaux r\u00e9sistants et l\u00e9gers, combinant <b>PVC<\/b> et <b>ABS<\/b>, deux plastiques tr\u00e8s durables qui assurent la robustesse de l\u2019appareil et facilitent son entretien. Avec une <b>capacit\u00e9 d\u2019extraction de 30 litres par jour<\/b>, ce d\u00e9shumidificateur convient aux pi\u00e8ces de taille moyenne \u00e0 grande, offrant une performance efficace pour r\u00e9duire l\u2019humidit\u00e9 relative et am\u00e9liorer la qualit\u00e9 de l\u2019air. Gr\u00e2ce \u00e0 son design compact et fonctionnel, le DD230P est une solution pratique pour les foyers, bureaux ou espaces n\u00e9cessitant un environnement plus sec sans effort. Son fonctionnement silencieux et son contr\u00f4le pr\u00e9cis en font un appareil fiable pour une utilisation continue. En r\u00e9sum\u00e9, le DELONGHI DD230P assure une gestion efficace de l\u2019humidit\u00e9 avec un bon \u00e9quilibre entre capacit\u00e9, esth\u00e9tique et r\u00e9sistance des mat\u00e9riaux, se positionnant comme une option solide dans sa cat\u00e9gorie.<\/p>\n<ul>\n<li>Couleur: Blanc<\/li>\n<li>Type: D\u00e9shumidificateur<\/li>\n<li>Mat\u00e9riel: Plastique<\/li>\n<li>Capacit\u00e9: 30 L<\/li>\n<li>Poids approx.: 2 Kg<\/li>\n<\/ul>","protected":false},"excerpt":{"rendered":"<p><span class=\"unit-info\">15.4663 &euro; \/ 1 l<\/span><\/p>","protected":false},"featured_media":15605,"comment_status":"open","ping_status":"closed","template":"","meta":[],"product_brand":[299],"product_cat":[732,733,239],"product_tag":[59,208,210],"class_list":{"0":"post-15609","1":"product","2":"type-product","3":"status-publish","4":"has-post-thumbnail","6":"product_brand-brandp_5487","7":"product_cat-climatisation-et-chauffage","8":"product_cat-humidificateurs","9":"product_cat-maison-jardin","10":"product_tag-tag_1304","11":"product_tag-tag_587","12":"product_tag-tag_25","14":"first","15":"instock","16":"taxable","17":"shipping-taxable","18":"purchasable","19":"product-type-simple"},"_links":{"self":[{"href":"https:\/\/bigbuy.tupique.com\/pt\/wp-json\/wp\/v2\/product\/15609","targetHints":{"allow":["GET"]}}],"collection":[{"href":"https:\/\/bigbuy.tupique.com\/pt\/wp-json\/wp\/v2\/product"}],"about":[{"href":"https:\/\/bigbuy.tupique.com\/pt\/wp-json\/wp\/v2\/types\/product"}],"replies":[{"embeddable":true,"href":"https:\/\/bigbuy.tupique.com\/pt\/wp-json\/wp\/v2\/comments?post=15609"}],"wp:featuredmedia":[{"embeddable":true,"href":"https:\/\/bigbuy.tupique.com\/pt\/wp-json\/wp\/v2\/media\/15605"}],"wp:attachment":[{"href":"https:\/\/bigbuy.tupique.com\/pt\/wp-json\/wp\/v2\/media?parent=15609"}],"wp:term":[{"taxonomy":"product_brand","embeddable":true,"href":"https:\/\/bigbuy.tupique.com\/pt\/wp-json\/wp\/v2\/product_brand?post=15609"},{"taxonomy":"product_cat","embeddable":true,"href":"https:\/\/bigbuy.tupique.com\/pt\/wp-json\/wp\/v2\/product_cat?post=15609"},{"taxonomy":"product_tag","embeddable":true,"href":"https:\/\/bigbuy.tupique.com\/pt\/wp-json\/wp\/v2\/product_tag?post=15609"}],"curies":[{"name":"wp","href":"https:\/\/api.w.org\/{rel}","templated":true}]}}