{"id":15568,"date":"2026-03-29T12:58:49","date_gmt":"2026-03-29T11:58:49","guid":{"rendered":"https:\/\/bigbuy.tupique.com\/produto\/keyboard-steelseries-apex-pro-mini-black-wireless-backlighted-ldc-azerty\/"},"modified":"2026-05-11T20:02:39","modified_gmt":"2026-05-11T18:02:39","slug":"keyboard-steelseries-apex-pro-mini-black-wireless-backlighted-ldc-azerty","status":"publish","type":"product","link":"https:\/\/bigbuy.tupique.com\/pt\/produto\/keyboard-steelseries-apex-pro-mini-black-wireless-backlighted-ldc-azerty\/","title":{"rendered":"Clavier SteelSeries Apex Pro Mini Noir Sans fil R\u00e9tro-\u00e9clair\u00e9 LDC AZERTY"},"content":{"rendered":"<p>Retournez au bureau sans rien oublier ! Achetez <b>Clavier SteelSeries Apex Pro Mini Noir Sans fil R\u00e9tro-\u00e9clair\u00e9 LDC AZERTY<\/b> et faites envie \u00e0 vos coll\u00e8gues!<\/p>\n<p>Le <b>Apex Pro Mini<\/b> de SteelSeries est un <b>clavier<\/b> gaming compact et avanc\u00e9 con\u00e7u pour les joueurs recherchant pr\u00e9cision et rapidit\u00e9 dans un format r\u00e9duit. Il pr\u00e9sente un design en <b>noir<\/b> avec une disposition <b>AZERTY fran\u00e7aise<\/b>, id\u00e9al pour les utilisateurs n\u00e9cessitant cette configuration sp\u00e9cifique. Ce mod\u00e8le se distingue par sa connexion <b>USB-C<\/b>, garantissant une transmission de donn\u00e9es rapide et stable pour une exp\u00e9rience sans interruption. \u00c9quip\u00e9 de switchs <b>Omnipoint<\/b>, il offre une r\u00e9ponse m\u00e9canique personnalis\u00e9e, configurable pour enregistrer chaque pression avec une rapidit\u00e9 et une sensibilit\u00e9 exceptionnelles, tout en prolongeant la durabilit\u00e9 des touches. Sa nature <b>sans fil<\/b> ajoute polyvalence et confort en supprimant les c\u00e2bles, conservant un design \u00e9pur\u00e9 et adaptable \u00e0 tout espace de jeu. Le clavier est <b>r\u00e9tro\u00e9clair\u00e9<\/b> avec un \u00e9clairage r\u00e9glable, permettant une bonne visibilit\u00e9 des touches en faible luminosit\u00e9 et favorisant la personnalisation esth\u00e9tique de la station de jeu. Malgr\u00e9 son format compact, il supprime le pav\u00e9 num\u00e9rique pour maximiser l\u2019espace et faciliter l\u2019acc\u00e8s rapide aux commandes essentielles. Les <b>touches programmables<\/b> \u00e9largissent les options de configuration pour adapter le clavier aux styles et pr\u00e9f\u00e9rences individuelles, particuli\u00e8rement utile pour les gamers et utilisateurs avanc\u00e9s souhaitant optimiser leur flux de travail ou performance en jeu. De plus, sa construction m\u00e9canique assure une r\u00e9ponse tactile pr\u00e9cise et durable, adapt\u00e9e aux longues sessions intensives. En r\u00e9sum\u00e9, le <b>SteelSeries Apex Pro Mini Wireless FR<\/b> combine technologie de pointe, design compact et fonctionnalit\u00e9s avanc\u00e9es, se positionnant comme un outil efficace pour les joueurs valorisant rapidit\u00e9, personnalisation et qualit\u00e9 dans un clavier gaming haut de gamme.<\/p>\n<ul>\n<li>Couleur: Noir<\/li>\n<li>Caract\u00e9ristiques:\n<ul>\n<li>Sans fil<\/li>\n<li>R\u00e9tro-\u00e9clair\u00e9 LDC<\/li>\n<li>R\u00e9glable<\/li>\n<li>R\u00e9tro-\u00e9clair\u00e9<\/li>\n<li>Illumination RGB<\/li>\n<\/ul>\n<\/li>\n<li>Clavier: AZERTY<\/li>\n<li>Autonomie approx.: 40 heures<\/li>\n<li>Type:\n<ul>\n<li>Clavier<\/li>\n<li>Clavier pour jeu<\/li>\n<\/ul>\n<\/li>\n<li>Type de batterie:\n<ul>\n<li>Int\u00e9gr\u00e9e<\/li>\n<li>Rechargeable<\/li>\n<\/ul>\n<\/li>\n<li>R\u00e9tro-\u00e9clair\u00e9: RGB LED<\/li>\n<li>Non inclut:\n<ul>\n<li>Clavier num\u00e9rique<\/li>\n<li>Souris<\/li>\n<\/ul>\n<\/li>\n<li>Utilisation recommand\u00e9e: Jeu<\/li>\n<\/ul>","protected":false},"excerpt":{"rendered":"<p>Retournez au bureau sans rien oublier ! Achetez Clavier SteelSeries Apex Pro Mini Noir Sans fil R\u00e9tro-\u00e9clair\u00e9 LDC AZERTY et faites envie \u00e0 vos coll\u00e8gues! Le Apex Pro Mini de SteelSeries est un clavier gaming compact et avanc\u00e9 con\u00e7u pour les joueurs recherchant pr\u00e9cision et rapidit\u00e9 dans un format r\u00e9duit. Il pr\u00e9sente un design en [&hellip;]<\/p>\n","protected":false},"featured_media":15567,"comment_status":"open","ping_status":"closed","template":"","meta":[],"product_brand":[791],"product_cat":[729,65,581],"product_tag":[213,59,106],"class_list":{"0":"post-15568","1":"product","2":"type-product","3":"status-publish","4":"has-post-thumbnail","6":"product_brand-brandp_625","7":"product_cat-claviers","8":"product_cat-informatique-electronique","9":"product_cat-informatique-peripheriques-et-consommables","10":"product_tag-tag_933","11":"product_tag-tag_1304","12":"product_tag-tag_1295","14":"first","15":"instock","16":"taxable","17":"shipping-taxable","18":"purchasable","19":"product-type-simple"},"_links":{"self":[{"href":"https:\/\/bigbuy.tupique.com\/pt\/wp-json\/wp\/v2\/product\/15568","targetHints":{"allow":["GET"]}}],"collection":[{"href":"https:\/\/bigbuy.tupique.com\/pt\/wp-json\/wp\/v2\/product"}],"about":[{"href":"https:\/\/bigbuy.tupique.com\/pt\/wp-json\/wp\/v2\/types\/product"}],"replies":[{"embeddable":true,"href":"https:\/\/bigbuy.tupique.com\/pt\/wp-json\/wp\/v2\/comments?post=15568"}],"wp:featuredmedia":[{"embeddable":true,"href":"https:\/\/bigbuy.tupique.com\/pt\/wp-json\/wp\/v2\/media\/15567"}],"wp:attachment":[{"href":"https:\/\/bigbuy.tupique.com\/pt\/wp-json\/wp\/v2\/media?parent=15568"}],"wp:term":[{"taxonomy":"product_brand","embeddable":true,"href":"https:\/\/bigbuy.tupique.com\/pt\/wp-json\/wp\/v2\/product_brand?post=15568"},{"taxonomy":"product_cat","embeddable":true,"href":"https:\/\/bigbuy.tupique.com\/pt\/wp-json\/wp\/v2\/product_cat?post=15568"},{"taxonomy":"product_tag","embeddable":true,"href":"https:\/\/bigbuy.tupique.com\/pt\/wp-json\/wp\/v2\/product_tag?post=15568"}],"curies":[{"name":"wp","href":"https:\/\/api.w.org\/{rel}","templated":true}]}}