{"id":15566,"date":"2026-03-29T12:58:47","date_gmt":"2026-03-29T11:58:47","guid":{"rendered":"https:\/\/bigbuy.tupique.com\/produto\/mixer-kneader-with-bowl-kenwood-kmx750bk-1000-w\/"},"modified":"2026-04-16T19:06:13","modified_gmt":"2026-04-16T18:06:13","slug":"mixer-kneader-with-bowl-kenwood-kmx750bk-1000-w","status":"publish","type":"product","link":"https:\/\/bigbuy.tupique.com\/pt\/produto\/mixer-kneader-with-bowl-kenwood-kmx750bk-1000-w\/","title":{"rendered":"Robot P\u00e2tissier avec Bol Kenwood KMX750BK 1000 W"},"content":{"rendered":"<p>Si vous recherchez des \u00e9lectrom\u00e9nagers pour votre maison aux meilleurs prix, ne manquez pas <b>Robot P\u00e2tissier avec Bol Kenwood KMX750BK 1000 W<\/b> et une large s\u00e9lection de petits \u00e9lectrom\u00e9nagers de qualit\u00e9 !<\/p>\n<p>Le <b>robot p\u00e2tissier Kenwood KMX750BK<\/b> est un <b>batteur-p\u00e9trin avec bol<\/b> con\u00e7u pour offrir une performance professionnelle et une grande polyvalence en cuisine domestique. Avec une <b>puissance de 1000 W<\/b>, ce mod\u00e8le permet de travailler efficacement et rapidement des p\u00e2tes denses ou l\u00e9g\u00e8res, facilitant la pr\u00e9paration d\u2019une large vari\u00e9t\u00e9 de recettes. Son <b>bol en acier inoxydable d\u2019une capacit\u00e9 de 5 litres<\/b> assure un espace suffisant pour p\u00e9trir des quantit\u00e9s importantes, id\u00e9al pour les familles ou les amateurs de p\u00e2tisserie maison r\u00e9guliers. La finition en <b>noir<\/b>, associ\u00e9e \u00e0 un corps en <b>m\u00e9tal r\u00e9sistant<\/b>, apporte robustesse et durabilit\u00e9, ainsi qu\u2019un design \u00e9l\u00e9gant qui s\u2019int\u00e8gre facilement dans toute cuisine moderne. Son moteur puissant et constant garantit un m\u00e9lange homog\u00e8ne et optimal, tandis que la structure m\u00e9tallique assure stabilit\u00e9 et s\u00e9curit\u00e9 lors de l\u2019utilisation. De plus, le robot Kenwood KMX750BK fonctionne sous une alimentation standard de <b>220 V<\/b>, adapt\u00e9e \u00e0 tout foyer europ\u00e9en, et est con\u00e7u pour supporter un usage prolong\u00e9 sans perte de performance. Cet appareil se positionne comme un outil fiable et efficace pour ceux qui recherchent une solution compl\u00e8te en batteurs-p\u00e9trins, alliant puissance, capacit\u00e9 et qualit\u00e9 des mat\u00e9riaux dans un produit polyvalent et facile \u00e0 utiliser au quotidien.<\/p>\n<ul>\n<li>Type: Mixeur\/m\u00e9langeur de p\u00e2te<\/li>\n<li>Produit \u00e0 brancher: Oui<\/li>\n<li>Type de prise: Prise EU<\/li>\n<li>Bloc d\u2019Alimentation: r\u00e9seau \u00e9lectrique<\/li>\n<li>Couleur:\n<ul>\n<li>Noir<\/li>\n<li>noir<\/li>\n<\/ul>\n<\/li>\n<li>puissance: 1000 W<\/li>\n<li>Vitesse: 6<\/li>\n<li>Inclut:\n<ul>\n<li>Tiges de m\u00e9lange<\/li>\n<li>Tiges de p\u00e9trissage<\/li>\n<\/ul>\n<\/li>\n<li>Capacit\u00e9: 5 L<\/li>\n<li>Mati\u00e8re: M\u00e9tal<\/li>\n<li>Tension: 220 V<\/li>\n<\/ul>","protected":false},"excerpt":{"rendered":"<p><span class=\"unit-info\">77.3980 &euro; \/ 1 l<\/span><\/p>","protected":false},"featured_media":15564,"comment_status":"open","ping_status":"closed","template":"","meta":[],"product_brand":[318],"product_cat":[60,77,728],"product_tag":[55,59,56],"class_list":{"0":"post-15566","1":"product","2":"type-product","3":"status-publish","4":"has-post-thumbnail","6":"product_brand-brandp_1023","7":"product_cat-cuisine-gourmet","8":"product_cat-petit-electromenager","9":"product_cat-petrisseurs","10":"product_tag-tag_926","11":"product_tag-tag_1304","12":"product_tag-tag_930","14":"first","15":"instock","16":"taxable","17":"shipping-taxable","18":"purchasable","19":"product-type-simple"},"_links":{"self":[{"href":"https:\/\/bigbuy.tupique.com\/pt\/wp-json\/wp\/v2\/product\/15566","targetHints":{"allow":["GET"]}}],"collection":[{"href":"https:\/\/bigbuy.tupique.com\/pt\/wp-json\/wp\/v2\/product"}],"about":[{"href":"https:\/\/bigbuy.tupique.com\/pt\/wp-json\/wp\/v2\/types\/product"}],"replies":[{"embeddable":true,"href":"https:\/\/bigbuy.tupique.com\/pt\/wp-json\/wp\/v2\/comments?post=15566"}],"wp:featuredmedia":[{"embeddable":true,"href":"https:\/\/bigbuy.tupique.com\/pt\/wp-json\/wp\/v2\/media\/15564"}],"wp:attachment":[{"href":"https:\/\/bigbuy.tupique.com\/pt\/wp-json\/wp\/v2\/media?parent=15566"}],"wp:term":[{"taxonomy":"product_brand","embeddable":true,"href":"https:\/\/bigbuy.tupique.com\/pt\/wp-json\/wp\/v2\/product_brand?post=15566"},{"taxonomy":"product_cat","embeddable":true,"href":"https:\/\/bigbuy.tupique.com\/pt\/wp-json\/wp\/v2\/product_cat?post=15566"},{"taxonomy":"product_tag","embeddable":true,"href":"https:\/\/bigbuy.tupique.com\/pt\/wp-json\/wp\/v2\/product_tag?post=15566"}],"curies":[{"name":"wp","href":"https:\/\/api.w.org\/{rel}","templated":true}]}}