{"id":155647,"date":"2026-04-09T11:44:34","date_gmt":"2026-04-09T10:44:34","guid":{"rendered":"https:\/\/bigbuy.tupique.com\/produto\/hard-drive-synology-hat3320-8t-35-8-tb-hdd\/"},"modified":"2026-04-15T08:51:09","modified_gmt":"2026-04-15T07:51:09","slug":"hard-drive-synology-hat3320-8t-35-8-tb-hdd","status":"publish","type":"product","link":"https:\/\/bigbuy.tupique.com\/pt\/produto\/hard-drive-synology-hat3320-8t-35-8-tb-hdd\/","title":{"rendered":"Disque dur Synology HAT3320-8T 3,5&#8243; 8 TB HDD"},"content":{"rendered":"<p>Si vous \u00eates passionn\u00e9 d&#8217;<b>informatique et d&#8217;\u00e9lectronique<\/b>, si vous \u00eates \u00e0 la pointe de la technologie et qu&#8217;aucun d\u00e9tail ne vous \u00e9chappe, achetez <b>Disque dur Synology HAT3320-8T 3,5&#8243; 8 TB HDD<\/b> au meilleur prix.<\/p>\n<p>Le <b>Disque Dur Synology HAT3320-8T<\/b> est un <b>disque dur HDD<\/b> haute capacit\u00e9 con\u00e7u pour offrir un stockage fiable et des performances constantes en environnements professionnels et domestiques. Avec un format de <b>3,5 pouces<\/b>, ce disque SATA III supporte une vitesse de transfert jusqu\u2019\u00e0 <b>6 Gbps<\/b>, garantissant une connexion rapide et stable avec les syst\u00e8mes compatibles. Sa capacit\u00e9 de <b>8 To<\/b> permet de stocker de grands volumes de donn\u00e9es, id\u00e9al pour les sauvegardes, fichiers multim\u00e9dias ou projets n\u00e9cessitant beaucoup d\u2019espace. Il fonctionne \u00e0 une vitesse de rotation de <b>7200 tr\/min<\/b>, offrant un bon \u00e9quilibre entre acc\u00e8s rapide aux donn\u00e9es et durabilit\u00e9 du mat\u00e9riel. De plus, il est con\u00e7u pour fonctionner dans une large plage de temp\u00e9ratures, de <b>-40\u00baC \u00e0 70\u00baC<\/b>, assurant r\u00e9sistance et stabilit\u00e9 en conditions exigeantes ou pour des syst\u00e8mes \u00e0 forte charge continue. Ce mod\u00e8le fait partie du catalogue Synology, reconnu pour ses solutions de stockage en r\u00e9seau (NAS), garantissant une qualit\u00e9 de fabrication adapt\u00e9e \u00e0 l\u2019int\u00e9gration avec des syst\u00e8mes avanc\u00e9s n\u00e9cessitant fiabilit\u00e9 et performance durable. L\u2019interface <b>SATA III<\/b> \u00e0 6 Gbps est compatible avec la plupart des ordinateurs et serveurs actuels, facilitant une mise \u00e0 niveau simple et efficace. En r\u00e9sum\u00e9, le Synology HAT3320-8T est un composant robuste combinant grande capacit\u00e9, vitesse d\u2019op\u00e9ration et fiabilit\u00e9 thermique, adapt\u00e9 aux utilisateurs recherchant une solution de disque dur puissante et durable pour leurs installations de stockage num\u00e9rique.<\/p>\n<ul>\n<li>Technologie: Magn\u00e9tique<\/li>\n<li>Connexions:\n<ul>\n<li>SATA<\/li>\n<li>Sata III<\/li>\n<\/ul>\n<\/li>\n<li>Disque dur:\n<ul>\n<li>8 TB<\/li>\n<li>8 TB HDD<\/li>\n<\/ul>\n<\/li>\n<li>Vitesse de rotation: 7200 rpm<\/li>\n<li>Type: HDD<\/li>\n<li>Taille: 3,5&#8243;<\/li>\n<li>Temp\u00e9rature approximative: -40\u00ba \/ 70\u00ba<\/li>\n<li>vitesse: 6 Gbps<\/li>\n<\/ul>","protected":false},"excerpt":{"rendered":"<p>Si vous \u00eates passionn\u00e9 d&#8217;informatique et d&#8217;\u00e9lectronique, si vous \u00eates \u00e0 la pointe de la technologie et qu&#8217;aucun d\u00e9tail ne vous \u00e9chappe, achetez Disque dur Synology HAT3320-8T 3,5&#8243; 8 TB HDD au meilleur prix. Le Disque Dur Synology HAT3320-8T est un disque dur HDD haute capacit\u00e9 con\u00e7u pour offrir un stockage fiable et des performances [&hellip;]<\/p>\n","protected":false},"featured_media":155638,"comment_status":"open","ping_status":"closed","template":"","meta":[],"product_brand":[990],"product_cat":[588,65,584],"product_tag":[106],"class_list":{"0":"post-155647","1":"product","2":"type-product","3":"status-publish","4":"has-post-thumbnail","6":"product_brand-brandp_653","7":"product_cat-disques-durs","8":"product_cat-informatique-electronique","9":"product_cat-informatique-reseaux-et-composants","10":"product_tag-tag_1295","12":"first","13":"instock","14":"taxable","15":"shipping-taxable","16":"purchasable","17":"product-type-simple"},"_links":{"self":[{"href":"https:\/\/bigbuy.tupique.com\/pt\/wp-json\/wp\/v2\/product\/155647","targetHints":{"allow":["GET"]}}],"collection":[{"href":"https:\/\/bigbuy.tupique.com\/pt\/wp-json\/wp\/v2\/product"}],"about":[{"href":"https:\/\/bigbuy.tupique.com\/pt\/wp-json\/wp\/v2\/types\/product"}],"replies":[{"embeddable":true,"href":"https:\/\/bigbuy.tupique.com\/pt\/wp-json\/wp\/v2\/comments?post=155647"}],"wp:featuredmedia":[{"embeddable":true,"href":"https:\/\/bigbuy.tupique.com\/pt\/wp-json\/wp\/v2\/media\/155638"}],"wp:attachment":[{"href":"https:\/\/bigbuy.tupique.com\/pt\/wp-json\/wp\/v2\/media?parent=155647"}],"wp:term":[{"taxonomy":"product_brand","embeddable":true,"href":"https:\/\/bigbuy.tupique.com\/pt\/wp-json\/wp\/v2\/product_brand?post=155647"},{"taxonomy":"product_cat","embeddable":true,"href":"https:\/\/bigbuy.tupique.com\/pt\/wp-json\/wp\/v2\/product_cat?post=155647"},{"taxonomy":"product_tag","embeddable":true,"href":"https:\/\/bigbuy.tupique.com\/pt\/wp-json\/wp\/v2\/product_tag?post=155647"}],"curies":[{"name":"wp","href":"https:\/\/api.w.org\/{rel}","templated":true}]}}