{"id":15521,"date":"2026-03-29T12:57:52","date_gmt":"2026-03-29T11:57:52","guid":{"rendered":"https:\/\/bigbuy.tupique.com\/produto\/perforating-hammer-bosch-gbh-professional-wireless-18-v\/"},"modified":"2026-04-16T16:51:35","modified_gmt":"2026-04-16T15:51:35","slug":"perforating-hammer-bosch-gbh-professional-wireless-18-v","status":"publish","type":"product","link":"https:\/\/bigbuy.tupique.com\/pt\/produto\/perforating-hammer-bosch-gbh-professional-wireless-18-v\/","title":{"rendered":"Marteau perforateur BOSCH GBH Professional Sans fil 18 V"},"content":{"rendered":"<p>Si vous aimez prendre soin de chaque d\u00e9tail de votre maison et d&#8217;\u00eatre \u00e0 la derni\u00e8re mode en mati\u00e8re de produits qui vous rendront la vie plus facile, achetez <b>Marteau perforateur BOSCH GBH Professional Sans fil 18 V<\/b> au meilleur prix.<\/p>\n<p>Le <b>GBH Professional<\/b> de BOSCH est un <b>marteau perforateur<\/b> con\u00e7u pour les professionnels exigeant efficacit\u00e9 maximale, libert\u00e9 de mouvement et durabilit\u00e9 dans des environnements difficiles. Dot\u00e9 d\u2019un <b>moteur sans balais<\/b> et aliment\u00e9 par une <b>batterie rechargeable 18 V<\/b>, ce mod\u00e8le associe la puissance et la performance de la gamme avanc\u00e9e BOSCH aux avantages d\u2019un syst\u00e8me sans fil, facilitant le travail dans des zones difficiles d\u2019acc\u00e8s ou sans prise \u00e9lectrique. Sa conception robuste en <b>bleu et noir<\/b> assure r\u00e9sistance et visibilit\u00e9 sur le chantier, tandis que le syst\u00e8me SDS Max garantit la compatibilit\u00e9 avec une large gamme d\u2019accessoires et permet des changements de forets rapides et sans outil. Parmi ses fonctionnalit\u00e9s, on retrouve une <b>lampe LED int\u00e9gr\u00e9e<\/b> pour une meilleure visibilit\u00e9 dans les zones sombres, un d\u00e9marrage progressif et un interrupteur verrouillable pour les op\u00e9rations de burinage prolong\u00e9es, assurant contr\u00f4le et confort lors d\u2019un usage continu. Il int\u00e8gre une interface utilisateur intuitive et la connectivit\u00e9 Bluetooth pour acc\u00e9der aux informations sur l\u2019\u00e9tat de la machine et personnaliser les r\u00e9glages via l\u2019application Bosch Toolbox, ajoutant un niveau suppl\u00e9mentaire d\u2019intelligence et de gestion professionnelle. L\u2019ensemble est propos\u00e9 dans une structure compacte et l\u00e9g\u00e8re pour sa cat\u00e9gorie, optimisant le rapport poids\/performance et r\u00e9duisant la fatigue m\u00eame lors d\u2019utilisations intensives. Le BOSCH GBH Professional est un outil fiable et avanc\u00e9, destin\u00e9 \u00e0 ceux qui recherchent performance, mobilit\u00e9 et contr\u00f4le pour les travaux de per\u00e7age et de burinage exigeants.<\/p>\n<ul>\n<li>Type: Sans fil<\/li>\n<li>Couleur:\n<ul>\n<li>Noir<\/li>\n<li>Bleu<\/li>\n<\/ul>\n<\/li>\n<li>Tension: 18 V<\/li>\n<li>Produit \u00e0 brancher: Oui<\/li>\n<li>Type de prise: Prise EU<\/li>\n<li>Bloc d\u2019Alimentation:\n<ul>\n<li>r\u00e9seau \u00e9lectrique<\/li>\n<li>Batterie<\/li>\n<li>Batterie rechargeable<\/li>\n<\/ul>\n<\/li>\n<li>Caract\u00e9ristiques: Lumi\u00e8re LED<\/li>\n<li>Moteur: Sans brosse<\/li>\n<li>Volume sonore: 101 dB<\/li>\n<li>Inclut: Housse de transport<\/li>\n<\/ul>","protected":false},"excerpt":{"rendered":"<p>Si vous aimez prendre soin de chaque d\u00e9tail de votre maison et d&#8217;\u00eatre \u00e0 la derni\u00e8re mode en mati\u00e8re de produits qui vous rendront la vie plus facile, achetez Marteau perforateur BOSCH GBH Professional Sans fil 18 V au meilleur prix. Le GBH Professional de BOSCH est un marteau perforateur con\u00e7u pour les professionnels exigeant [&hellip;]<\/p>\n","protected":false},"featured_media":15519,"comment_status":"open","ping_status":"closed","template":"","meta":[],"product_brand":[162],"product_cat":[613,239],"product_tag":[59,210],"class_list":{"0":"post-15521","1":"product","2":"type-product","3":"status-publish","4":"has-post-thumbnail","6":"product_brand-brandp_959","7":"product_cat-bricolage-et-materiel","8":"product_cat-maison-jardin","9":"product_tag-tag_1304","10":"product_tag-tag_25","12":"first","13":"instock","14":"taxable","15":"shipping-taxable","16":"purchasable","17":"product-type-simple"},"_links":{"self":[{"href":"https:\/\/bigbuy.tupique.com\/pt\/wp-json\/wp\/v2\/product\/15521","targetHints":{"allow":["GET"]}}],"collection":[{"href":"https:\/\/bigbuy.tupique.com\/pt\/wp-json\/wp\/v2\/product"}],"about":[{"href":"https:\/\/bigbuy.tupique.com\/pt\/wp-json\/wp\/v2\/types\/product"}],"replies":[{"embeddable":true,"href":"https:\/\/bigbuy.tupique.com\/pt\/wp-json\/wp\/v2\/comments?post=15521"}],"wp:featuredmedia":[{"embeddable":true,"href":"https:\/\/bigbuy.tupique.com\/pt\/wp-json\/wp\/v2\/media\/15519"}],"wp:attachment":[{"href":"https:\/\/bigbuy.tupique.com\/pt\/wp-json\/wp\/v2\/media?parent=15521"}],"wp:term":[{"taxonomy":"product_brand","embeddable":true,"href":"https:\/\/bigbuy.tupique.com\/pt\/wp-json\/wp\/v2\/product_brand?post=15521"},{"taxonomy":"product_cat","embeddable":true,"href":"https:\/\/bigbuy.tupique.com\/pt\/wp-json\/wp\/v2\/product_cat?post=15521"},{"taxonomy":"product_tag","embeddable":true,"href":"https:\/\/bigbuy.tupique.com\/pt\/wp-json\/wp\/v2\/product_tag?post=15521"}],"curies":[{"name":"wp","href":"https:\/\/api.w.org\/{rel}","templated":true}]}}