{"id":15491,"date":"2026-03-29T12:57:13","date_gmt":"2026-03-29T11:57:13","guid":{"rendered":"https:\/\/bigbuy.tupique.com\/produto\/food-processor-kenwood-kvc3110s\/"},"modified":"2026-04-16T19:06:14","modified_gmt":"2026-04-16T18:06:14","slug":"food-processor-kenwood-kvc3110s","status":"publish","type":"product","link":"https:\/\/bigbuy.tupique.com\/pt\/produto\/food-processor-kenwood-kvc3110s\/","title":{"rendered":"Robot culinaire Kenwood KVC3110S"},"content":{"rendered":"<p>Si vous recherchez des \u00e9lectrom\u00e9nagers pour votre maison aux meilleurs prix, ne manquez pas <b>Robot culinaire Kenwood KVC3110S<\/b> et une large s\u00e9lection de petits \u00e9lectrom\u00e9nagers de qualit\u00e9 !<\/p>\n<p>Le <b>robot de cuisine Kenwood KVC3110S<\/b> est un appareil robuste et polyvalent con\u00e7u pour r\u00e9pondre aux besoins de la cuisine moderne, particuli\u00e8rement adapt\u00e9 \u00e0 la p\u00e2tisserie et aux pr\u00e9parations culinaires exigeantes. \u00c9quip\u00e9 d\u2019une <b>puissance de 1000 W<\/b>, ce robot permet d\u2019obtenir des r\u00e9sultats constants et efficaces pour m\u00e9langer, p\u00e9trir et battre divers ingr\u00e9dients. Son corps est en <b>acier inoxydable<\/b>, assurant une meilleure durabilit\u00e9 et r\u00e9sistance \u00e0 l\u2019usure quotidienne, tout en offrant un design \u00e9l\u00e9gant en tons <b>gris et argent\u00e9<\/b> qui s\u2019int\u00e8gre facilement dans toute cuisine. La capacit\u00e9 de son bol est de <b>4,6 litres<\/b>, id\u00e9ale pour pr\u00e9parer des quantit\u00e9s g\u00e9n\u00e9reuses pour les familles ou petits \u00e9v\u00e9nements sans compromettre la qualit\u00e9 ni la texture des m\u00e9langes. De plus, ce mod\u00e8le propose deux niveaux de puissance (1000 W et 1500 W), permettant d\u2019adapter la vitesse et la force du moteur selon le type de recette, des m\u00e9langes l\u00e9gers aux p\u00e2tes plus denses. Ses dimensions approximatives, avec une largeur de <b>28 cm<\/b> et une profondeur de <b>30 cm<\/b>, en font un appareil maniable alliant puissance et praticit\u00e9 pour un usage quotidien. Le Kenwood KVC3110S inclut un kit complet m\u00e9tallis\u00e9 pour p\u00e2tisserie ainsi qu\u2019un bol blender, outils qui \u00e9tendent ses possibilit\u00e9s en cuisine, permettant de mixer ou m\u00e9langer avec pr\u00e9cision des ingr\u00e9dients liquides ou semi-solides. Son design allie fonctionnalit\u00e9 et facilit\u00e9 d\u2019entretien gr\u00e2ce aux mat\u00e9riaux utilis\u00e9s. Ce mod\u00e8le s\u2019adresse \u00e0 ceux qui recherchent un robot fiable, puissant et r\u00e9sistant, capable de g\u00e9rer aussi bien des pr\u00e9parations simples que complexes. En r\u00e9sum\u00e9, le Kenwood KVC3110S est un outil technique et robuste con\u00e7u pour optimiser le travail culinaire avec un bon \u00e9quilibre entre performance et durabilit\u00e9.<\/p>\n<ul>\n<li>Capacit\u00e9: 4,6 L<\/li>\n<li>Produit \u00e0 brancher: Oui<\/li>\n<li>Type de prise: Prise EU<\/li>\n<li>Bloc d\u2019Alimentation: r\u00e9seau \u00e9lectrique<\/li>\n<li>Couleur:\n<ul>\n<li>Gris<\/li>\n<li>Argent\u00e9<\/li>\n<\/ul>\n<\/li>\n<li>Mati\u00e8re: Acier inoxydable<\/li>\n<li>puissance:\n<ul>\n<li>1000 W<\/li>\n<li>1500 W<\/li>\n<\/ul>\n<\/li>\n<li>Tension: 220 V<\/li>\n<\/ul>","protected":false},"excerpt":{"rendered":"<p>Si vous recherchez des \u00e9lectrom\u00e9nagers pour votre maison aux meilleurs prix, ne manquez pas Robot culinaire Kenwood KVC3110S et une large s\u00e9lection de petits \u00e9lectrom\u00e9nagers de qualit\u00e9 ! Le robot de cuisine Kenwood KVC3110S est un appareil robuste et polyvalent con\u00e7u pour r\u00e9pondre aux besoins de la cuisine moderne, particuli\u00e8rement adapt\u00e9 \u00e0 la p\u00e2tisserie et [&hellip;]<\/p>\n","protected":false},"featured_media":15489,"comment_status":"open","ping_status":"closed","template":"","meta":[],"product_brand":[318],"product_cat":[60,77,724],"product_tag":[55,59,56],"class_list":{"0":"post-15491","1":"product","2":"type-product","3":"status-publish","4":"has-post-thumbnail","6":"product_brand-brandp_1023","7":"product_cat-cuisine-gourmet","8":"product_cat-petit-electromenager","9":"product_cat-robots-de-cuisine","10":"product_tag-tag_926","11":"product_tag-tag_1304","12":"product_tag-tag_930","14":"first","15":"instock","16":"taxable","17":"shipping-taxable","18":"purchasable","19":"product-type-simple"},"_links":{"self":[{"href":"https:\/\/bigbuy.tupique.com\/pt\/wp-json\/wp\/v2\/product\/15491","targetHints":{"allow":["GET"]}}],"collection":[{"href":"https:\/\/bigbuy.tupique.com\/pt\/wp-json\/wp\/v2\/product"}],"about":[{"href":"https:\/\/bigbuy.tupique.com\/pt\/wp-json\/wp\/v2\/types\/product"}],"replies":[{"embeddable":true,"href":"https:\/\/bigbuy.tupique.com\/pt\/wp-json\/wp\/v2\/comments?post=15491"}],"wp:featuredmedia":[{"embeddable":true,"href":"https:\/\/bigbuy.tupique.com\/pt\/wp-json\/wp\/v2\/media\/15489"}],"wp:attachment":[{"href":"https:\/\/bigbuy.tupique.com\/pt\/wp-json\/wp\/v2\/media?parent=15491"}],"wp:term":[{"taxonomy":"product_brand","embeddable":true,"href":"https:\/\/bigbuy.tupique.com\/pt\/wp-json\/wp\/v2\/product_brand?post=15491"},{"taxonomy":"product_cat","embeddable":true,"href":"https:\/\/bigbuy.tupique.com\/pt\/wp-json\/wp\/v2\/product_cat?post=15491"},{"taxonomy":"product_tag","embeddable":true,"href":"https:\/\/bigbuy.tupique.com\/pt\/wp-json\/wp\/v2\/product_tag?post=15491"}],"curies":[{"name":"wp","href":"https:\/\/api.w.org\/{rel}","templated":true}]}}