{"id":15239,"date":"2026-03-29T12:42:59","date_gmt":"2026-03-29T11:42:59","guid":{"rendered":"https:\/\/bigbuy.tupique.com\/produto\/cabinet-switch-d-link-dgs-1026mp-24-x-poe-2-x-sfp\/"},"modified":"2026-04-15T00:12:56","modified_gmt":"2026-04-14T23:12:56","slug":"cabinet-switch-d-link-dgs-1026mp-24-x-poe-2-x-sfp","status":"publish","type":"product","link":"https:\/\/bigbuy.tupique.com\/pt\/produto\/cabinet-switch-d-link-dgs-1026mp-24-x-poe-2-x-sfp\/","title":{"rendered":"Commutateur R\u00e9seau Armoire D-Link DGS-1026MP           24 x PoE 2 x SFP"},"content":{"rendered":"<p>Si vous \u00eates passionn\u00e9 d&#8217;<b>informatique et d&#8217;\u00e9lectronique<\/b>, si vous \u00eates \u00e0 la pointe de la technologie et qu&#8217;aucun d\u00e9tail ne vous \u00e9chappe, achetez <b>Commutateur R\u00e9seau Armoire D-Link DGS-1026MP           24 x PoE 2 x SFP<\/b> au meilleur prix.<\/p>\n<ul>\n<li>consommation d&#8217;\u00e9nergie: 444 W<\/li>\n<li>\u00d8 13 cm: x 2<\/li>\n<li>Dimensions approx.: 44 x 25 x 4,4 cm<\/li>\n<li>Poids approx.: 3,1 Kg<\/li>\n<li>Type: Commutateur R\u00e9seau Armoire<\/li>\n<li>Largeur: 44 cm<\/li>\n<li>Produit \u00e0 brancher: Oui<\/li>\n<li>Connexions:\n<ul>\n<li>PoE x 24<\/li>\n<li>RJ45<\/li>\n<li>2<\/li>\n<li>Ethernet LAN<\/li>\n<li>RJ45 x 24<\/li>\n<li>SFP<\/li>\n<\/ul>\n<\/li>\n<li>Type de prise: Prise EU<\/li>\n<li>Ports: 24<\/li>\n<li>Couleur:\n<ul>\n<li>Noir<\/li>\n<li>Gris<\/li>\n<li>noir<\/li>\n<\/ul>\n<\/li>\n<li>Bloc d\u2019Alimentation:\n<ul>\n<li>r\u00e9seau \u00e9lectrique<\/li>\n<li>Incluses<\/li>\n<\/ul>\n<\/li>\n<li>Tension:\n<ul>\n<li>100-240 V<\/li>\n<li>240 V<\/li>\n<li>100 &#8211; 240 V<\/li>\n<\/ul>\n<\/li>\n<li>Ventillateur: 2<\/li>\n<li>Fr\u00e9quence:\n<ul>\n<li>50-60 Hz<\/li>\n<li>50 &#8211; 60 Hz<\/li>\n<\/ul>\n<\/li>\n<li>Mati\u00e8re:\n<ul>\n<li>M\u00e9tal<\/li>\n<li>Plastique<\/li>\n<li>Argent<\/li>\n<\/ul>\n<\/li>\n<li>puissance:\n<ul>\n<li>30 W<\/li>\n<li>370 W<\/li>\n<\/ul>\n<\/li>\n<li>vitesse: 1 Gbps<\/li>\n<li>Amp\u00e9rage: 1 A<\/li>\n<li>Fr\u00e9quence d&#8217;entr\u00e9e AC: 50-60 Hz<\/li>\n<li>Plage d&#8217;humidit\u00e9 de travail: 10 % &#8211; 90 %<\/li>\n<li>Temp\u00e9rature approximative: -40\u00ba \/ 70\u00ba<\/li>\n<\/ul>\n<p><\/p>\n<p>D-Link DGS-1026MP. Type de commutateur: Non-g\u00e9r\u00e9. Type de port Ethernet RJ-45 de commutation de base: Gigabit Ethernet (10\/100\/1000), Quantit\u00e9 de ports Ethernet RJ-45 de commutation de base: 24, Nombre de modules SFP install\u00e9s: 1. R\u00e9pertoire MAC: 8192 entr\u00e9es, Capacit\u00e9 de commutation: 52 Gbit\/s. Standards r\u00e9seau: IEEE 802.3,IEEE 802.3ab,IEEE 802.3af,IEEE 802.3at,IEEE 802.3az,IEEE 802.3u,IEEE 802.3x,IEEE 802.3z. Connexion Ethernet, supportant l&#8217;alimentation via ce port (PoE)<\/p>\n<p><\/p>\n<ul>\n<li>Type de commutateur: Non-g\u00e9r\u00e9<\/li>\n<li>Quantit\u00e9 de ports Ethernet RJ-45 de commutation de base: 24<\/li>\n<li>Type de port Ethernet RJ-45 de commutation de base: Gigabit Ethernet (10\/100\/1000)<\/li>\n<li>Nombre de modules SFP install\u00e9s: 1<\/li>\n<li>Quantit\u00e9 de ports Combo SFP: 2<\/li>\n<li>Standards r\u00e9seau: IEEE 802.3,IEEE 802.3ab,IEEE 802.3af,IEEE 802.3at,IEEE 802.3az,IEEE 802.3u,IEEE 802.3x,IEEE 802.3z<\/li>\n<li>Auto MDI\/MDI-X: Oui<\/li>\n<li>R\u00e9pertoire MAC: 8192 entr\u00e9es<\/li>\n<li>Capacit\u00e9 de commutation: 52 Gbit\/s<\/li>\n<li>D\u00e9bit: 38,69 Mpps<\/li>\n<li>Enregistrement-et-r\u00e9\u00e9mission: Oui<\/li>\n<li>Couleur du produit: Noir, Gris<\/li>\n<li>Voyants: Activit\u00e9, Liaison, PoE, \u00c9nergie, Coupure de courant, Vitesse<\/li>\n<li>Nombre de ventilateurs: 2 ventilateur(s)<\/li>\n<li>S\u00e9curit\u00e9: UL\/CSA 60950-1, EN 60950-1, IEC 60950-1<\/li>\n<li>Certification: FCC Class A<br \/>\nCE<br \/>\nCCC<br \/>\nRoHS<br \/>\nVCCI<br \/>\nBSMI<br \/>\nRCM<\/li>\n<li>Taille du buffer: 512 Ko<\/li>\n<li>Temps moyen entre pannes: 205975 h<\/li>\n<li>Hauteur du carton d&#8217;exp\u00e9dition: 41 cm<\/li>\n<li>Largeur du carton d&#8217;exp\u00e9dition: 20,5 cm<\/li>\n<li>Longueur du carton d&#8217;exp\u00e9dition: 52 cm<\/li>\n<li>Poids net du colis d&#8217;exp\u00e9dition: 8,39 kg<\/li>\n<li>Quantit\u00e9 par carton d&#8217;exp\u00e9dition: 2 pi\u00e8ce(s)<\/li>\n<li>Poids brut de palette (air): 281,8 kg<\/li>\n<li>Nombre de cartons par palette (air): 30 pi\u00e8ce(s)<\/li>\n<li>Quantit\u00e9 par palette (air): 60 pi\u00e8ce(s)<\/li>\n<li>Longueur de palette: 110 cm<\/li>\n<li>Largeur de palette: 120 cm<\/li>\n<li>Hauteur de la palette (air): 136,5 cm<\/li>\n<li>Poids brut de palette (mer): 369,8 kg<\/li>\n<li>Nombre de cartons par palette (mer): 40 pi\u00e8ce(s)<\/li>\n<li>Quantit\u00e9 par palette (mer): 80 pi\u00e8ce(s)<\/li>\n<li>Hauteur de la palette (mer): 177,5 cm<\/li>\n<li>Poids du carton d&#8217;exp\u00e9dition: 8,79 kg<\/li>\n<li>Tension d&#8217;entr\u00e9e AC: 100 &#8211; 240 V<\/li>\n<li>Fr\u00e9quence d&#8217;entr\u00e9e AC: 50 &#8211; 60 Hz<\/li>\n<li>Consommation (max): 444,1 W<\/li>\n<li>Connexion Ethernet, supportant l&#8217;alimentation via ce port (PoE): Oui<\/li>\n<li>Power over Ethernet (PoE) Nombre de ports: 24<\/li>\n<li>Port par alimentation PoE (Power over Ethernet): 30 W<\/li>\n<li>Budget Total Power over Ethernet (PoE): 370 W<\/li>\n<li>Temp\u00e9rature d&#8217;op\u00e9ration: 0 &#8211; 50 \u00b0C<\/li>\n<li>Temp\u00e9rature hors fonctionnement: -40 &#8211; 70 \u00b0C<\/li>\n<li>Taux d&#8217;humidit\u00e9 de fonctionnement: 10 &#8211; 90%<\/li>\n<li>Taux d&#8217;humidit\u00e9 relative (stockage): 5 &#8211; 90%<\/li>\n<li>Dissipation thermique: 1515 BTU\/h<\/li>\n<li>Largeur: 440 mm<\/li>\n<li>Profondeur: 250,4 mm<\/li>\n<li>Hauteur: 44 mm<\/li>\n<li>Poids: 3,1 kg<\/li>\n<li>Largeur du colis: 388 mm<\/li>\n<li>Profondeur du colis: 506 mm<\/li>\n<li>Hauteur du colis: 90 mm<\/li>\n<li>Poids du paquet: 3,7 kg<\/li>\n<\/ul>","protected":false},"excerpt":{"rendered":"<p>Si vous \u00eates passionn\u00e9 d&#8217;informatique et d&#8217;\u00e9lectronique, si vous \u00eates \u00e0 la pointe de la technologie et qu&#8217;aucun d\u00e9tail ne vous \u00e9chappe, achetez Commutateur R\u00e9seau Armoire D-Link DGS-1026MP 24 x PoE 2 x SFP au meilleur prix. consommation d&#8217;\u00e9nergie: 444 W \u00d8 13 cm: x 2 Dimensions approx.: 44 x 25 x 4,4 cm Poids [&hellip;]<\/p>\n","protected":false},"featured_media":15236,"comment_status":"open","ping_status":"closed","template":"","meta":[],"product_brand":[640],"product_cat":[65,584,585],"product_tag":[106],"class_list":{"0":"post-15239","1":"product","2":"type-product","3":"status-publish","4":"has-post-thumbnail","6":"product_brand-brandp_543","7":"product_cat-informatique-electronique","8":"product_cat-informatique-reseaux-et-composants","9":"product_cat-switch","10":"product_tag-tag_1295","12":"first","13":"instock","14":"taxable","15":"shipping-taxable","16":"purchasable","17":"product-type-simple"},"_links":{"self":[{"href":"https:\/\/bigbuy.tupique.com\/pt\/wp-json\/wp\/v2\/product\/15239","targetHints":{"allow":["GET"]}}],"collection":[{"href":"https:\/\/bigbuy.tupique.com\/pt\/wp-json\/wp\/v2\/product"}],"about":[{"href":"https:\/\/bigbuy.tupique.com\/pt\/wp-json\/wp\/v2\/types\/product"}],"replies":[{"embeddable":true,"href":"https:\/\/bigbuy.tupique.com\/pt\/wp-json\/wp\/v2\/comments?post=15239"}],"wp:featuredmedia":[{"embeddable":true,"href":"https:\/\/bigbuy.tupique.com\/pt\/wp-json\/wp\/v2\/media\/15236"}],"wp:attachment":[{"href":"https:\/\/bigbuy.tupique.com\/pt\/wp-json\/wp\/v2\/media?parent=15239"}],"wp:term":[{"taxonomy":"product_brand","embeddable":true,"href":"https:\/\/bigbuy.tupique.com\/pt\/wp-json\/wp\/v2\/product_brand?post=15239"},{"taxonomy":"product_cat","embeddable":true,"href":"https:\/\/bigbuy.tupique.com\/pt\/wp-json\/wp\/v2\/product_cat?post=15239"},{"taxonomy":"product_tag","embeddable":true,"href":"https:\/\/bigbuy.tupique.com\/pt\/wp-json\/wp\/v2\/product_tag?post=15239"}],"curies":[{"name":"wp","href":"https:\/\/api.w.org\/{rel}","templated":true}]}}