{"id":152134,"date":"2026-04-09T02:05:31","date_gmt":"2026-04-09T01:05:31","guid":{"rendered":"https:\/\/bigbuy.tupique.com\/produto\/radio-fusion-marine-ms-ra70n-black\/"},"modified":"2026-05-11T20:02:28","modified_gmt":"2026-05-11T18:02:28","slug":"radio-fusion-marine-ms-ra70n-black","status":"publish","type":"product","link":"https:\/\/bigbuy.tupique.com\/pt\/produto\/radio-fusion-marine-ms-ra70n-black\/","title":{"rendered":"Radio Fusion Marine MS-RA70N Noir"},"content":{"rendered":"<p>Si vous \u00eates passionn\u00e9 d&#8217;<b>informatique et d&#8217;\u00e9lectronique<\/b>, si vous \u00eates \u00e0 la pointe de la technologie et qu&#8217;aucun d\u00e9tail ne vous \u00e9chappe, achetez <b>Radio Fusion Marine MS-RA70N Noir<\/b> au meilleur prix.<\/p>\n<ul>\n<li>Type: Radio<\/li>\n<li>Dimensions approx.: 18,8 x 6 x 12,4 cm<\/li>\n<li>Couleur: Noir<\/li>\n<li>Mati\u00e8re: Plastique<\/li>\n<li>Connexions: USB<\/li>\n<li>Connectivit\u00e9: Bluetooth<\/li>\n<li>puissance: 50 W<\/li>\n<\/ul>","protected":false},"excerpt":{"rendered":"<p>Si vous \u00eates passionn\u00e9 d&#8217;informatique et d&#8217;\u00e9lectronique, si vous \u00eates \u00e0 la pointe de la technologie et qu&#8217;aucun d\u00e9tail ne vous \u00e9chappe, achetez Radio Fusion Marine MS-RA70N Noir au meilleur prix. Type: Radio Dimensions approx.: 18,8 x 6 x 12,4 cm Couleur: Noir Mati\u00e8re: Plastique Connexions: USB Connectivit\u00e9: Bluetooth puissance: 50 W<\/p>","protected":false},"featured_media":179710,"comment_status":"open","ping_status":"closed","template":"","meta":[],"product_brand":[863],"product_cat":[755,65,782],"product_tag":[59],"class_list":{"0":"post-152134","1":"product","2":"type-product","3":"status-publish","4":"has-post-thumbnail","6":"product_brand-brandp_8506","7":"product_cat-electronique-son","8":"product_cat-informatique-electronique","9":"product_cat-radio-cd","10":"product_tag-tag_1304","12":"first","13":"instock","14":"taxable","15":"shipping-taxable","16":"purchasable","17":"product-type-simple"},"_links":{"self":[{"href":"https:\/\/bigbuy.tupique.com\/pt\/wp-json\/wp\/v2\/product\/152134","targetHints":{"allow":["GET"]}}],"collection":[{"href":"https:\/\/bigbuy.tupique.com\/pt\/wp-json\/wp\/v2\/product"}],"about":[{"href":"https:\/\/bigbuy.tupique.com\/pt\/wp-json\/wp\/v2\/types\/product"}],"replies":[{"embeddable":true,"href":"https:\/\/bigbuy.tupique.com\/pt\/wp-json\/wp\/v2\/comments?post=152134"}],"wp:featuredmedia":[{"embeddable":true,"href":"https:\/\/bigbuy.tupique.com\/pt\/wp-json\/wp\/v2\/media\/179710"}],"wp:attachment":[{"href":"https:\/\/bigbuy.tupique.com\/pt\/wp-json\/wp\/v2\/media?parent=152134"}],"wp:term":[{"taxonomy":"product_brand","embeddable":true,"href":"https:\/\/bigbuy.tupique.com\/pt\/wp-json\/wp\/v2\/product_brand?post=152134"},{"taxonomy":"product_cat","embeddable":true,"href":"https:\/\/bigbuy.tupique.com\/pt\/wp-json\/wp\/v2\/product_cat?post=152134"},{"taxonomy":"product_tag","embeddable":true,"href":"https:\/\/bigbuy.tupique.com\/pt\/wp-json\/wp\/v2\/product_tag?post=152134"}],"curies":[{"name":"wp","href":"https:\/\/api.w.org\/{rel}","templated":true}]}}