{"id":15160,"date":"2026-03-29T12:41:23","date_gmt":"2026-03-29T11:41:23","guid":{"rendered":"https:\/\/bigbuy.tupique.com\/produto\/video-conferencing-system-logitech-952-000094-1080-p-various-rooms\/"},"modified":"2026-04-16T09:11:50","modified_gmt":"2026-04-16T08:11:50","slug":"video-conferencing-system-logitech-952-000094-1080-p-various-rooms","status":"publish","type":"product","link":"https:\/\/bigbuy.tupique.com\/pt\/produto\/video-conferencing-system-logitech-952-000094-1080-p-various-rooms\/","title":{"rendered":"Syst\u00e8me de Vid\u00e9oconf\u00e9rence Logitech 952-000094 1080 p Salles multiples"},"content":{"rendered":"<p>Si vous \u00eates passionn\u00e9 d&#8217;<b>informatique et d&#8217;\u00e9lectronique<\/b>, si vous \u00eates \u00e0 la pointe de la technologie et qu&#8217;aucun d\u00e9tail ne vous \u00e9chappe, achetez <b>Syst\u00e8me de Vid\u00e9oconf\u00e9rence Logitech 952-000094 1080 p Salles multiples<\/b> au meilleur prix.<\/p>\n<p>Le <b>Syst\u00e8me de vid\u00e9oconf\u00e9rence Logitech 952-000094<\/b> est con\u00e7u pour faciliter la communication professionnelle dans les environnements collaboratifs, offrant une exp\u00e9rience utilisateur avanc\u00e9e et tr\u00e8s intuitive. Ce <b>syst\u00e8me de vid\u00e9oconf\u00e9rence<\/b> int\u00e8gre une <b>r\u00e9solution Full HD 1080p<\/b>, garantissant une image nette et d\u00e9taill\u00e9e lors des r\u00e9unions \u00e0 distance, permettant \u00e0 tous les participants d\u2019\u00eatre vus clairement, un aspect essentiel pour les pr\u00e9sentations et le travail \u00e0 distance. Son \u00e9cran tactile de <b>10,1 pouces<\/b> propose une interface interactive et efficace pour contr\u00f4ler les fonctions et g\u00e9rer plusieurs salles, donnant un acc\u00e8s rapide aux principaux outils collaboratifs sans p\u00e9riph\u00e9riques suppl\u00e9mentaires. Il dispose d\u2019une <b>connectivit\u00e9 USB et Ethernet LAN<\/b>, assurant compatibilit\u00e9 et flexibilit\u00e9 avec les infrastructures r\u00e9seau existantes, tandis que la prise en charge du <b>Bluetooth<\/b> facilite la connexion avec des appareils auxiliaires. Le syst\u00e8me comprend un <b>kit de montage<\/b> pratique pour une installation simple et s\u00e9curis\u00e9e dans divers espaces de bureau ou salles de r\u00e9union, ainsi qu\u2019un <b>guide d\u2019installation<\/b> pour acc\u00e9l\u00e9rer la mise en service et r\u00e9duire le temps de configuration. La couleur <b>blanche<\/b> conf\u00e8re \u00e0 l\u2019appareil une esth\u00e9tique moderne et \u00e9l\u00e9gante, s\u2019int\u00e9grant discr\u00e8tement dans tout environnement professionnel. Ce mod\u00e8le est sp\u00e9cialement con\u00e7u pour la gestion de salles multiples, ce qui le rend id\u00e9al pour les entreprises souhaitant optimiser l\u2019efficacit\u00e9 de leurs espaces collaboratifs gr\u00e2ce \u00e0 une technologie fiable et polyvalente. Dans l\u2019ensemble, le Logitech 952-000094 constitue une solution compl\u00e8te et professionnelle pour les vid\u00e9oconf\u00e9rences d\u2019entreprise, offrant simplicit\u00e9 d\u2019utilisation et connectivit\u00e9 avanc\u00e9e pour optimiser la communication \u00e0 distance.<\/p>\n<ul>\n<li>Caract\u00e9ristiques:\n<ul>\n<li>Salles multiples<\/li>\n<li>Ecran tactile<\/li>\n<li>Guide d&#8217;installation inclus<\/li>\n<\/ul>\n<\/li>\n<li>Connectivit\u00e9:\n<ul>\n<li>Wi-Fi<\/li>\n<li>Bluetooth<\/li>\n<li>Bluetooth 5.0<\/li>\n<\/ul>\n<\/li>\n<li>Technologie:\n<ul>\n<li>LCD<\/li>\n<li>IPS<\/li>\n<li>LED<\/li>\n<\/ul>\n<\/li>\n<li>Diagonale de l&#8217;\u00e9cran (cm):\n<ul>\n<li>25,7 cm<\/li>\n<li>10,2 cm<\/li>\n<\/ul>\n<\/li>\n<li>Connexions:\n<ul>\n<li>Ethernet LAN<\/li>\n<li>USB<\/li>\n<\/ul>\n<\/li>\n<li>Type: Syst\u00e8me de Vid\u00e9oconf\u00e9rence<\/li>\n<li>Couleur: Blanc<\/li>\n<li>Microphone int\u00e9gr\u00e9: Non<\/li>\n<li>Compatible: VESA 100 x 100 mm<\/li>\n<li>Bloc d\u2019Alimentation: AC,PoE<\/li>\n<li>vitesse:\n<ul>\n<li>10 Gbit\/s<\/li>\n<li>10\/100 Mbps<\/li>\n<\/ul>\n<\/li>\n<li>Ecran: 10,1&#8243;<\/li>\n<li>R\u00e9solution (px): 1280 x 800 px<\/li>\n<li>Ann\u00e9e:\n<ul>\n<li>2019<\/li>\n<li>2021<\/li>\n<\/ul>\n<\/li>\n<li>Inclut: Kit de Montage<\/li>\n<li>Piles incluses: Non<\/li>\n<li>R\u00e9solution: 1080 p<\/li>\n<li>Flux lumineux: 400 lm<\/li>\n<li>Temp\u00e9rature approximative: -40\u00ba \/ 70\u00ba<\/li>\n<li>Pr\u00e9cision (humidit\u00e9 relative): 10 % &#8211; 95 %<\/li>\n<li>Type de batterie: Litio Ion<\/li>\n<\/ul>","protected":false},"excerpt":{"rendered":"<p>Si vous \u00eates passionn\u00e9 d&#8217;informatique et d&#8217;\u00e9lectronique, si vous \u00eates \u00e0 la pointe de la technologie et qu&#8217;aucun d\u00e9tail ne vous \u00e9chappe, achetez Syst\u00e8me de Vid\u00e9oconf\u00e9rence Logitech 952-000094 1080 p Salles multiples au meilleur prix. Le Syst\u00e8me de vid\u00e9oconf\u00e9rence Logitech 952-000094 est con\u00e7u pour faciliter la communication professionnelle dans les environnements collaboratifs, offrant une exp\u00e9rience [&hellip;]<\/p>\n","protected":false},"featured_media":15155,"comment_status":"open","ping_status":"closed","template":"","meta":[],"product_brand":[647],"product_cat":[65,581,607],"product_tag":[213,106],"class_list":{"0":"post-15160","1":"product","2":"type-product","3":"status-publish","4":"has-post-thumbnail","6":"product_brand-brandp_561","7":"product_cat-informatique-electronique","8":"product_cat-informatique-peripheriques-et-consommables","9":"product_cat-webcam","10":"product_tag-tag_933","11":"product_tag-tag_1295","13":"first","14":"instock","15":"taxable","16":"shipping-taxable","17":"purchasable","18":"product-type-simple"},"_links":{"self":[{"href":"https:\/\/bigbuy.tupique.com\/pt\/wp-json\/wp\/v2\/product\/15160","targetHints":{"allow":["GET"]}}],"collection":[{"href":"https:\/\/bigbuy.tupique.com\/pt\/wp-json\/wp\/v2\/product"}],"about":[{"href":"https:\/\/bigbuy.tupique.com\/pt\/wp-json\/wp\/v2\/types\/product"}],"replies":[{"embeddable":true,"href":"https:\/\/bigbuy.tupique.com\/pt\/wp-json\/wp\/v2\/comments?post=15160"}],"wp:featuredmedia":[{"embeddable":true,"href":"https:\/\/bigbuy.tupique.com\/pt\/wp-json\/wp\/v2\/media\/15155"}],"wp:attachment":[{"href":"https:\/\/bigbuy.tupique.com\/pt\/wp-json\/wp\/v2\/media?parent=15160"}],"wp:term":[{"taxonomy":"product_brand","embeddable":true,"href":"https:\/\/bigbuy.tupique.com\/pt\/wp-json\/wp\/v2\/product_brand?post=15160"},{"taxonomy":"product_cat","embeddable":true,"href":"https:\/\/bigbuy.tupique.com\/pt\/wp-json\/wp\/v2\/product_cat?post=15160"},{"taxonomy":"product_tag","embeddable":true,"href":"https:\/\/bigbuy.tupique.com\/pt\/wp-json\/wp\/v2\/product_tag?post=15160"}],"curies":[{"name":"wp","href":"https:\/\/api.w.org\/{rel}","templated":true}]}}