{"id":15012,"date":"2026-03-29T12:37:58","date_gmt":"2026-03-29T11:37:58","guid":{"rendered":"https:\/\/bigbuy.tupique.com\/produto\/portable-scanner-brother-ads4900wre1\/"},"modified":"2026-05-11T19:59:16","modified_gmt":"2026-05-11T17:59:16","slug":"portable-scanner-brother-ads4900wre1","status":"publish","type":"product","link":"https:\/\/bigbuy.tupique.com\/pt\/produto\/portable-scanner-brother-ads4900wre1\/","title":{"rendered":"Scanner Portable Brother ADS4900WRE1"},"content":{"rendered":"<p>Si vous \u00eates passionn\u00e9 d&#8217;<b>informatique et d&#8217;\u00e9lectronique<\/b>, si vous \u00eates \u00e0 la pointe de la technologie et qu&#8217;aucun d\u00e9tail ne vous \u00e9chappe, achetez <b>Scanner Portable Brother ADS4900WRE1<\/b> au meilleur prix.<\/p>\n<p>Le <b>scanner Brother ADS4900WRE1<\/b> est un appareil professionnel con\u00e7u pour optimiser les flux de travail dans des environnements exigeants, se distinguant par sa polyvalence et ses hautes performances. Ce scanner de bureau dispose d\u2019un <b>chargeur automatique de documents (ADF) d\u2019une capacit\u00e9 de 100 feuilles<\/b>, permettant de traiter de gros volumes sans surveillance constante. Il peut num\u00e9riser \u00e0 une vitesse allant jusqu\u2019\u00e0 <b>120 pages par minute en recto verso<\/b>, facilitant la num\u00e9risation rapide et efficace de documents au format <b>A4<\/b> et jusqu\u2019\u00e0 des dimensions maximales de <b>215,9 x 355,6 mm<\/b>. Sa technologie de capteur Dual CIS et ses sources lumineuses LED garantissent une <b>r\u00e9solution optique de 600 x 600 DPI<\/b>, extensible \u00e0 <b>1200 x 1200 DPI<\/b> pour des images nettes et d\u00e9taill\u00e9es. Il est sp\u00e9cialement con\u00e7u pour supporter une large vari\u00e9t\u00e9 de types de documents, du papier ordinaire, recycl\u00e9 ou fin, aux cartes de visite ou plastique, avec des grammages de <b>25 \u00e0 413 g\/m\u00b2<\/b> et une \u00e9paisseur minimale de <b>0,08 mm<\/b>. C\u00f4t\u00e9 connectivit\u00e9, il offre des connexions <b>USB, r\u00e9seau filaire et Wi-Fi 4 (802.11n)<\/b>, s\u2019int\u00e9grant facilement aux r\u00e9seaux d\u2019entreprise et facilitant la mobilit\u00e9 en environnements multit\u00e2ches. Il dispose d\u2019un \u00e9cran tactile couleur intuitif permettant de configurer des raccourcis personnalis\u00e9s vers des destinations fr\u00e9quentes, am\u00e9liorant la productivit\u00e9 et simplifiant la num\u00e9risation directe vers PC, serveurs FTP\/SFTP, SharePoint On Premise, applications Brother, services cloud comme Box, Dropbox, Google Drive, OneDrive, etc., sans n\u00e9cessiter d\u2019ordinateur. Cet appareil est compatible avec les syst\u00e8mes Windows et Linux, \u00e9largissant sa polyvalence dans des environnements h\u00e9t\u00e9rog\u00e8nes. Il inclut un logiciel avanc\u00e9 tel que Brother ScanEssentials, int\u00e9grant des fonctions de protection des flux de travail par mot de passe et utilisant des m\u00e9tadonn\u00e9es pour classer les documents via codes-barres ou textes sp\u00e9cifiques. Les applications Kofax PaperPort SE et Kofax Power PDF Standard sont fournies pour organiser les documents et convertir les fichiers en PDF \u00e9ditables, ainsi que iPrint&amp;Scan pour faciliter la num\u00e9risation depuis divers appareils. Pour des op\u00e9rations plus sp\u00e9cialis\u00e9es, Brother propose des options comme Barcode Utility pour automatiser la s\u00e9paration et le stockage des documents par codes-barres, et Custom UI pour personnaliser l\u2019interface tactile, acc\u00e9l\u00e9rant les t\u00e2ches r\u00e9p\u00e9titives. Son design allie \u00e9l\u00e9gance et fonctionnalit\u00e9 avec des couleurs blanc et noir, s\u2019adaptant \u00e0 diff\u00e9rents styles de bureaux sans sacrifier robustesse ni capacit\u00e9. Avec un cycle de travail quotidien maximal de 9000 pages, ce scanner est pr\u00eat pour un usage intensif continu, offrant pr\u00e9cision, fiabilit\u00e9 et efficacit\u00e9 dans la num\u00e9risation de documents professionnels et d\u2019entreprise. En r\u00e9sum\u00e9, le Brother ADS4900WRE1 est une solution compl\u00e8te pour num\u00e9riser de gros volumes rapidement, avec qualit\u00e9 et large compatibilit\u00e9 technologique, se positionnant comme un outil indispensable pour la gestion documentaire avanc\u00e9e.<\/p>\n<ul>\n<li>Type:\n<ul>\n<li>Scanner<\/li>\n<li>Scanner Portable<\/li>\n<\/ul>\n<\/li>\n<li>Connectivit\u00e9:\n<ul>\n<li>Wi-Fi 4 (802.11n)<\/li>\n<li>Wi-Fi<\/li>\n<li>Ethernet LAN<\/li>\n<\/ul>\n<\/li>\n<li>Connexions:\n<ul>\n<li>Ethernet LAN<\/li>\n<li>USB 2.0<\/li>\n<li>USB<\/li>\n<\/ul>\n<\/li>\n<li>Produit \u00e0 brancher: Oui<\/li>\n<li>Type de prise: Prise EU<\/li>\n<li>Bloc d\u2019Alimentation:\n<ul>\n<li>r\u00e9seau \u00e9lectrique<\/li>\n<li>CA<\/li>\n<\/ul>\n<\/li>\n<li>Couleur:\n<ul>\n<li>Blanc<\/li>\n<li>Noir<\/li>\n<\/ul>\n<\/li>\n<li>Taille: A4<\/li>\n<li>Caract\u00e9ristiques:\n<ul>\n<li>Ecran tactile<\/li>\n<li>\u00c9cran integr\u00e9<\/li>\n<li>\u00c9cran couleur<\/li>\n<li>Scanner Double Face<\/li>\n<li>Tactile<\/li>\n<\/ul>\n<\/li>\n<li>R\u00e9solution d&#8217;image maximale: 600 x 600 dpi<\/li>\n<li>Ecran: 4,3&#8221;<\/li>\n<li>Technologie: LCD<\/li>\n<li>Capteur: Dual CIS<\/li>\n<li>Largeur: 30 cm<\/li>\n<li>Scanner: 600 x 600 dpi<\/li>\n<li>Compatible:\n<ul>\n<li>Windows<\/li>\n<li>Linux<\/li>\n<li>Mac OS<\/li>\n<li>PC<\/li>\n<\/ul>\n<\/li>\n<li>Papier: A4<\/li>\n<li>Type de commande: Tactile<\/li>\n<li>Niveau sonore: 62 dB<\/li>\n<li>Pr\u00e9cision (humidit\u00e9 relative): 20 % &#8211; 80 %<\/li>\n<\/ul>","protected":false},"excerpt":{"rendered":"<p>Si vous \u00eates passionn\u00e9 d&#8217;informatique et d&#8217;\u00e9lectronique, si vous \u00eates \u00e0 la pointe de la technologie et qu&#8217;aucun d\u00e9tail ne vous \u00e9chappe, achetez Scanner Portable Brother ADS4900WRE1 au meilleur prix. Le scanner Brother ADS4900WRE1 est un appareil professionnel con\u00e7u pour optimiser les flux de travail dans des environnements exigeants, se distinguant par sa polyvalence et [&hellip;]<\/p>\n","protected":false},"featured_media":15007,"comment_status":"open","ping_status":"closed","template":"","meta":[],"product_brand":[669],"product_cat":[65,581,587],"product_tag":[213,106],"class_list":{"0":"post-15012","1":"product","2":"type-product","3":"status-publish","4":"has-post-thumbnail","6":"product_brand-brandp_538","7":"product_cat-informatique-electronique","8":"product_cat-informatique-peripheriques-et-consommables","9":"product_cat-scanners","10":"product_tag-tag_933","11":"product_tag-tag_1295","13":"first","14":"instock","15":"taxable","16":"shipping-taxable","17":"purchasable","18":"product-type-simple"},"_links":{"self":[{"href":"https:\/\/bigbuy.tupique.com\/pt\/wp-json\/wp\/v2\/product\/15012","targetHints":{"allow":["GET"]}}],"collection":[{"href":"https:\/\/bigbuy.tupique.com\/pt\/wp-json\/wp\/v2\/product"}],"about":[{"href":"https:\/\/bigbuy.tupique.com\/pt\/wp-json\/wp\/v2\/types\/product"}],"replies":[{"embeddable":true,"href":"https:\/\/bigbuy.tupique.com\/pt\/wp-json\/wp\/v2\/comments?post=15012"}],"wp:featuredmedia":[{"embeddable":true,"href":"https:\/\/bigbuy.tupique.com\/pt\/wp-json\/wp\/v2\/media\/15007"}],"wp:attachment":[{"href":"https:\/\/bigbuy.tupique.com\/pt\/wp-json\/wp\/v2\/media?parent=15012"}],"wp:term":[{"taxonomy":"product_brand","embeddable":true,"href":"https:\/\/bigbuy.tupique.com\/pt\/wp-json\/wp\/v2\/product_brand?post=15012"},{"taxonomy":"product_cat","embeddable":true,"href":"https:\/\/bigbuy.tupique.com\/pt\/wp-json\/wp\/v2\/product_cat?post=15012"},{"taxonomy":"product_tag","embeddable":true,"href":"https:\/\/bigbuy.tupique.com\/pt\/wp-json\/wp\/v2\/product_tag?post=15012"}],"curies":[{"name":"wp","href":"https:\/\/api.w.org\/{rel}","templated":true}]}}