{"id":14996,"date":"2026-03-29T12:37:38","date_gmt":"2026-03-29T11:37:38","guid":{"rendered":"https:\/\/bigbuy.tupique.com\/produto\/multimode-sfp-fibre-module-netgear-axm761p10-10000s\/"},"modified":"2026-04-15T00:12:26","modified_gmt":"2026-04-14T23:12:26","slug":"multimode-sfp-fibre-module-netgear-axm761p10-10000s","status":"publish","type":"product","link":"https:\/\/bigbuy.tupique.com\/pt\/produto\/multimode-sfp-fibre-module-netgear-axm761p10-10000s\/","title":{"rendered":"Module SFP+ \u00e0 fibre optique multimode Netgear AXM761P10-10000S"},"content":{"rendered":"<p>Si vous \u00eates passionn\u00e9 d&#8217;<b>informatique et d&#8217;\u00e9lectronique<\/b>, si vous \u00eates \u00e0 la pointe de la technologie et qu&#8217;aucun d\u00e9tail ne vous \u00e9chappe, achetez <b>Module SFP+ \u00e0 fibre optique multimode Netgear AXM761P10-10000S<\/b> au meilleur prix.<\/p>\n<p>Le <b>module fibre SFP+ multimode AXM761P10-10000S<\/b> de <b>Netgear<\/b> est un composant de haute qualit\u00e9 con\u00e7u pour les r\u00e9seaux n\u00e9cessitant une transmission de donn\u00e9es rapide et stable. Ce transceiver optique supporte une <b>vitesse de transfert de 10 000 Mbit\/s<\/b>, id\u00e9al pour les environnements professionnels et les centres de donn\u00e9es exigeant des connexions \u00e0 haute capacit\u00e9 et faible latence. Son interface standard <b>SFP+<\/b> facilite l\u2019int\u00e9gration avec une large gamme d\u2019\u00e9quipements r\u00e9seau compatibles, garantissant polyvalence et compatibilit\u00e9. \u00c9quip\u00e9 de connecteurs fibre optique de type <b>LC<\/b>, il est optimis\u00e9 pour les liaisons fibre multimode, permettant une transmission efficace sur des distances courtes et moyennes, courantes dans les infrastructures r\u00e9seau internes. Ce module offre une solution robuste et l\u00e9g\u00e8re, avec un poids d\u2019environ 17,1 grammes, facilitant une gestion simple et flexible en rack. Son design compact et sa certification Netgear assurent une performance fiable et stable, maintenant une haute qualit\u00e9 de signal tout en r\u00e9duisant les interf\u00e9rences. Gr\u00e2ce \u00e0 ses caract\u00e9ristiques, l\u2019AXM761P10-10000S convient pour augmenter la capacit\u00e9 de transmission de donn\u00e9es dans les environnements n\u00e9cessitant des connexions optiques rapides et constantes, r\u00e9pondant aux besoins actuels de connectivit\u00e9 dans les r\u00e9seaux LAN et les syst\u00e8mes de stockage en r\u00e9seau. En r\u00e9sum\u00e9, ce module fibre SFP+ multimode de Netgear repr\u00e9sente une option technique efficace et compatible pour \u00e9tendre et optimiser les infrastructures r\u00e9seau avec une transmission \u00e0 10 Gb\/s.<\/p>\n<ul>\n<li>Type:\n<ul>\n<li>\u00c9metteur-r\u00e9cepteur<\/li>\n<li>Module SFP+ \u00e0 fibre optique multimode<\/li>\n<\/ul>\n<\/li>\n<li>Connexions:\n<ul>\n<li>SFP+<\/li>\n<li>LC<\/li>\n<\/ul>\n<\/li>\n<li>vitesse: 10000 Mbit\/s<\/li>\n<li>Port\u00e9e: 300 m<\/li>\n<li>Tension: 240 V<\/li>\n<\/ul>","protected":false},"excerpt":{"rendered":"<p>Si vous \u00eates passionn\u00e9 d&#8217;informatique et d&#8217;\u00e9lectronique, si vous \u00eates \u00e0 la pointe de la technologie et qu&#8217;aucun d\u00e9tail ne vous \u00e9chappe, achetez Module SFP+ \u00e0 fibre optique multimode Netgear AXM761P10-10000S au meilleur prix. Le module fibre SFP+ multimode AXM761P10-10000S de Netgear est un composant de haute qualit\u00e9 con\u00e7u pour les r\u00e9seaux n\u00e9cessitant une transmission [&hellip;]<\/p>\n","protected":false},"featured_media":14993,"comment_status":"open","ping_status":"closed","template":"","meta":[],"product_brand":[633],"product_cat":[65,584,597],"product_tag":[106],"class_list":{"0":"post-14996","1":"product","2":"type-product","3":"status-publish","4":"has-post-thumbnail","6":"product_brand-brandp_567","7":"product_cat-informatique-electronique","8":"product_cat-informatique-reseaux-et-composants","9":"product_cat-reseaux-cables","10":"product_tag-tag_1295","12":"first","13":"instock","14":"taxable","15":"shipping-taxable","16":"purchasable","17":"product-type-simple"},"_links":{"self":[{"href":"https:\/\/bigbuy.tupique.com\/pt\/wp-json\/wp\/v2\/product\/14996","targetHints":{"allow":["GET"]}}],"collection":[{"href":"https:\/\/bigbuy.tupique.com\/pt\/wp-json\/wp\/v2\/product"}],"about":[{"href":"https:\/\/bigbuy.tupique.com\/pt\/wp-json\/wp\/v2\/types\/product"}],"replies":[{"embeddable":true,"href":"https:\/\/bigbuy.tupique.com\/pt\/wp-json\/wp\/v2\/comments?post=14996"}],"wp:featuredmedia":[{"embeddable":true,"href":"https:\/\/bigbuy.tupique.com\/pt\/wp-json\/wp\/v2\/media\/14993"}],"wp:attachment":[{"href":"https:\/\/bigbuy.tupique.com\/pt\/wp-json\/wp\/v2\/media?parent=14996"}],"wp:term":[{"taxonomy":"product_brand","embeddable":true,"href":"https:\/\/bigbuy.tupique.com\/pt\/wp-json\/wp\/v2\/product_brand?post=14996"},{"taxonomy":"product_cat","embeddable":true,"href":"https:\/\/bigbuy.tupique.com\/pt\/wp-json\/wp\/v2\/product_cat?post=14996"},{"taxonomy":"product_tag","embeddable":true,"href":"https:\/\/bigbuy.tupique.com\/pt\/wp-json\/wp\/v2\/product_tag?post=14996"}],"curies":[{"name":"wp","href":"https:\/\/api.w.org\/{rel}","templated":true}]}}