{"id":14992,"date":"2026-03-29T12:37:33","date_gmt":"2026-03-29T11:37:33","guid":{"rendered":"https:\/\/bigbuy.tupique.com\/produto\/remote-control-logitech-952-000091-10-1\/"},"modified":"2026-04-15T12:42:05","modified_gmt":"2026-04-15T11:42:05","slug":"remote-control-logitech-952-000091-10-1","status":"publish","type":"product","link":"https:\/\/bigbuy.tupique.com\/pt\/produto\/remote-control-logitech-952-000091-10-1\/","title":{"rendered":"T\u00e9l\u00e9commande Logitech 952-000091 10.1&#8243;"},"content":{"rendered":"<p>Si vous \u00eates passionn\u00e9 d&#8217;<b>informatique et d&#8217;\u00e9lectronique<\/b>, si vous \u00eates \u00e0 la pointe de la technologie et qu&#8217;aucun d\u00e9tail ne vous \u00e9chappe, achetez <b>T\u00e9l\u00e9commande Logitech 952-000091 10.1&#8243;<\/b> au meilleur prix.<\/p>\n<ul>\n<li>Type:\n<ul>\n<li>T\u00e9l\u00e9commande<\/li>\n<li>Ambidextre<\/li>\n<\/ul>\n<\/li>\n<li>Couleur: Graphite<\/li>\n<li>Mati\u00e8re: Verre<\/li>\n<li>R\u00e9solution d&#8217;enregistrement de vid\u00e9o: Full HD<\/li>\n<li>Connectivit\u00e9:\n<ul>\n<li>Wi-Fi<\/li>\n<li>Bluetooth<\/li>\n<li>Bluetooth 5.0<\/li>\n<\/ul>\n<\/li>\n<li>Technologie:\n<ul>\n<li>LCD<\/li>\n<li>IPS<\/li>\n<li>LED<\/li>\n<\/ul>\n<\/li>\n<li>R\u00e9solution (px): 1280 x 800 px<\/li>\n<li>Connexions: Ethernet LAN<\/li>\n<li>Caract\u00e9ristiques:\n<ul>\n<li>Ecran tactile<\/li>\n<li>Guide d&#8217;installation inclus<\/li>\n<li>T\u00e9moin de fonctionnement LED<\/li>\n<\/ul>\n<\/li>\n<li>Microphone int\u00e9gr\u00e9: Non<\/li>\n<li>Compatible:\n<ul>\n<li>VESA 100 x 100 mm<\/li>\n<li>VESA 100 x 100<\/li>\n<\/ul>\n<\/li>\n<li>Bloc d\u2019Alimentation: AC,PoE<\/li>\n<li>vitesse:\n<ul>\n<li>10 Gbit\/s<\/li>\n<li>10\/100 Mbps<\/li>\n<\/ul>\n<\/li>\n<li>Ecran: 10,1&#8243;<\/li>\n<li>Inclut:\n<ul>\n<li>Kit de Montage<\/li>\n<li>Supports de montage<\/li>\n<\/ul>\n<\/li>\n<li>M\u00e9moire RAM: 8 GB RAM<\/li>\n<li>Flux lumineux: 400 lm<\/li>\n<li>Montage: VESA<\/li>\n<li>Temp\u00e9rature approximative: -40\u00ba \/ 70\u00ba<\/li>\n<li>Pr\u00e9cision (humidit\u00e9 relative): 10 % &#8211; 95 %<\/li>\n<\/ul>","protected":false},"excerpt":{"rendered":"<p>Si vous \u00eates passionn\u00e9 d&#8217;informatique et d&#8217;\u00e9lectronique, si vous \u00eates \u00e0 la pointe de la technologie et qu&#8217;aucun d\u00e9tail ne vous \u00e9chappe, achetez T\u00e9l\u00e9commande Logitech 952-000091 10.1&#8243; au meilleur prix. Type: T\u00e9l\u00e9commande Ambidextre Couleur: Graphite Mati\u00e8re: Verre R\u00e9solution d&#8217;enregistrement de vid\u00e9o: Full HD Connectivit\u00e9: Wi-Fi Bluetooth Bluetooth 5.0 Technologie: LCD IPS LED R\u00e9solution (px): 1280 [&hellip;]<\/p>\n","protected":false},"featured_media":14988,"comment_status":"open","ping_status":"closed","template":"","meta":[],"product_brand":[647],"product_cat":[65,581,607],"product_tag":[213,106],"class_list":{"0":"post-14992","1":"product","2":"type-product","3":"status-publish","4":"has-post-thumbnail","6":"product_brand-brandp_561","7":"product_cat-informatique-electronique","8":"product_cat-informatique-peripheriques-et-consommables","9":"product_cat-webcam","10":"product_tag-tag_933","11":"product_tag-tag_1295","13":"first","14":"instock","15":"taxable","16":"shipping-taxable","17":"purchasable","18":"product-type-simple"},"_links":{"self":[{"href":"https:\/\/bigbuy.tupique.com\/pt\/wp-json\/wp\/v2\/product\/14992","targetHints":{"allow":["GET"]}}],"collection":[{"href":"https:\/\/bigbuy.tupique.com\/pt\/wp-json\/wp\/v2\/product"}],"about":[{"href":"https:\/\/bigbuy.tupique.com\/pt\/wp-json\/wp\/v2\/types\/product"}],"replies":[{"embeddable":true,"href":"https:\/\/bigbuy.tupique.com\/pt\/wp-json\/wp\/v2\/comments?post=14992"}],"wp:featuredmedia":[{"embeddable":true,"href":"https:\/\/bigbuy.tupique.com\/pt\/wp-json\/wp\/v2\/media\/14988"}],"wp:attachment":[{"href":"https:\/\/bigbuy.tupique.com\/pt\/wp-json\/wp\/v2\/media?parent=14992"}],"wp:term":[{"taxonomy":"product_brand","embeddable":true,"href":"https:\/\/bigbuy.tupique.com\/pt\/wp-json\/wp\/v2\/product_brand?post=14992"},{"taxonomy":"product_cat","embeddable":true,"href":"https:\/\/bigbuy.tupique.com\/pt\/wp-json\/wp\/v2\/product_cat?post=14992"},{"taxonomy":"product_tag","embeddable":true,"href":"https:\/\/bigbuy.tupique.com\/pt\/wp-json\/wp\/v2\/product_tag?post=14992"}],"curies":[{"name":"wp","href":"https:\/\/api.w.org\/{rel}","templated":true}]}}