{"id":14954,"date":"2026-03-29T12:25:35","date_gmt":"2026-03-29T11:25:35","guid":{"rendered":"https:\/\/bigbuy.tupique.com\/produto\/access-point-aruba-r2h28a-white\/"},"modified":"2026-04-15T00:12:21","modified_gmt":"2026-04-14T23:12:21","slug":"access-point-aruba-r2h28a-white","status":"publish","type":"product","link":"https:\/\/bigbuy.tupique.com\/pt\/produto\/access-point-aruba-r2h28a-white\/","title":{"rendered":"Point d&#8217;Acc\u00e8s Aruba R2H28A Blanc"},"content":{"rendered":"<p>Si vous \u00eates passionn\u00e9 d&#8217;<b>informatique et d&#8217;\u00e9lectronique<\/b>, si vous \u00eates \u00e0 la pointe de la technologie et qu&#8217;aucun d\u00e9tail ne vous \u00e9chappe, achetez <b>Point d&#8217;Acc\u00e8s Aruba R2H28A Blanc<\/b> au meilleur prix.<\/p>\n<ul>\n<li>Type:\n<ul>\n<li>Sans fil<\/li>\n<li>Point d&#8217;Acc\u00e8s<\/li>\n<\/ul>\n<\/li>\n<li>Produit \u00e0 brancher: Oui<\/li>\n<li>Type de prise: Prise EU<\/li>\n<li>Bloc d\u2019Alimentation: r\u00e9seau \u00e9lectrique<\/li>\n<li>Couleur:\n<ul>\n<li>Blanc<\/li>\n<li>Noir<\/li>\n<\/ul>\n<\/li>\n<li>Connexions:\n<ul>\n<li>USB 2.0<\/li>\n<li>RJ45<\/li>\n<li>PoE x 1<\/li>\n<li>USB-A<\/li>\n<\/ul>\n<\/li>\n<li>Connectivit\u00e9:\n<ul>\n<li>LAN 10\/100\/1000Mbps<\/li>\n<li>Wi-Fi<\/li>\n<\/ul>\n<\/li>\n<li>vitesse: 1200 Mbit\/s<\/li>\n<li>Montage: Montage mural<\/li>\n<li>Syst\u00e8me d&#8217;exploitation: RouterOS<\/li>\n<li>Fr\u00e9quence:\n<ul>\n<li>5 GHz<\/li>\n<li>2,4 GHz<\/li>\n<\/ul>\n<\/li>\n<li>Connecteurs: Kensington<\/li>\n<li>Temp\u00e9rature approximative: -40\u00ba \/ 70\u00ba<\/li>\n<\/ul>","protected":false},"excerpt":{"rendered":"<p>Si vous \u00eates passionn\u00e9 d&#8217;informatique et d&#8217;\u00e9lectronique, si vous \u00eates \u00e0 la pointe de la technologie et qu&#8217;aucun d\u00e9tail ne vous \u00e9chappe, achetez Point d&#8217;Acc\u00e8s Aruba R2H28A Blanc au meilleur prix. Type: Sans fil Point d&#8217;Acc\u00e8s Produit \u00e0 brancher: Oui Type de prise: Prise EU Bloc d\u2019Alimentation: r\u00e9seau \u00e9lectrique Couleur: Blanc Noir Connexions: USB 2.0 [&hellip;]<\/p>\n","protected":false},"featured_media":14952,"comment_status":"open","ping_status":"closed","template":"","meta":[],"product_brand":[668],"product_cat":[65,584,591],"product_tag":[104,106],"class_list":{"0":"post-14954","1":"product","2":"type-product","3":"status-publish","4":"has-post-thumbnail","6":"product_brand-brandp_5032","7":"product_cat-informatique-electronique","8":"product_cat-informatique-reseaux-et-composants","9":"product_cat-points-d-acces","10":"product_tag-tag_1279","11":"product_tag-tag_1295","13":"first","14":"instock","15":"taxable","16":"shipping-taxable","17":"purchasable","18":"product-type-simple"},"_links":{"self":[{"href":"https:\/\/bigbuy.tupique.com\/pt\/wp-json\/wp\/v2\/product\/14954","targetHints":{"allow":["GET"]}}],"collection":[{"href":"https:\/\/bigbuy.tupique.com\/pt\/wp-json\/wp\/v2\/product"}],"about":[{"href":"https:\/\/bigbuy.tupique.com\/pt\/wp-json\/wp\/v2\/types\/product"}],"replies":[{"embeddable":true,"href":"https:\/\/bigbuy.tupique.com\/pt\/wp-json\/wp\/v2\/comments?post=14954"}],"wp:featuredmedia":[{"embeddable":true,"href":"https:\/\/bigbuy.tupique.com\/pt\/wp-json\/wp\/v2\/media\/14952"}],"wp:attachment":[{"href":"https:\/\/bigbuy.tupique.com\/pt\/wp-json\/wp\/v2\/media?parent=14954"}],"wp:term":[{"taxonomy":"product_brand","embeddable":true,"href":"https:\/\/bigbuy.tupique.com\/pt\/wp-json\/wp\/v2\/product_brand?post=14954"},{"taxonomy":"product_cat","embeddable":true,"href":"https:\/\/bigbuy.tupique.com\/pt\/wp-json\/wp\/v2\/product_cat?post=14954"},{"taxonomy":"product_tag","embeddable":true,"href":"https:\/\/bigbuy.tupique.com\/pt\/wp-json\/wp\/v2\/product_tag?post=14954"}],"curies":[{"name":"wp","href":"https:\/\/api.w.org\/{rel}","templated":true}]}}