{"id":148636,"date":"2026-04-08T18:16:35","date_gmt":"2026-04-08T17:16:35","guid":{"rendered":"https:\/\/bigbuy.tupique.com\/produto\/tablet-apple-3\/"},"modified":"2026-04-15T08:50:50","modified_gmt":"2026-04-15T07:50:50","slug":"tablet-apple-3","status":"publish","type":"product","link":"https:\/\/bigbuy.tupique.com\/pt\/produto\/tablet-apple-3\/","title":{"rendered":"Tablette Apple"},"content":{"rendered":"<p>Si vous \u00eates passionn\u00e9 d&#8217;<b>informatique et d&#8217;\u00e9lectronique<\/b>, si vous \u00eates \u00e0 la pointe de la technologie et qu&#8217;aucun d\u00e9tail ne vous \u00e9chappe, achetez <b>Tablette Apple iPad Air 2026 M4 128GB 13&#8243; Octa Core Apple M M4 12 GB 128 GB Gris<\/b> au meilleur prix.<\/p>\n<ul>\n<li>Type: Tablette<\/li>\n<li>Produit \u00e0 brancher: Oui<\/li>\n<li>Bloc d\u2019Alimentation:\n<ul>\n<li>Batterie<\/li>\n<li>r\u00e9seau \u00e9lectrique<\/li>\n<\/ul>\n<\/li>\n<li>Type de prise: Prise EU<\/li>\n<li>Type d\u2019\u00e9cran: Liquid Retina IPS LCD<\/li>\n<li>Technologie:\n<ul>\n<li>IPS LCD<\/li>\n<li>Retina LED<\/li>\n<li>LCD IPS<\/li>\n<\/ul>\n<\/li>\n<li>Syst\u00e8me d&#8217;exploitation: iPadOS<\/li>\n<li>Connectivit\u00e9:\n<ul>\n<li>Wi-Fi<\/li>\n<li>Glonass<\/li>\n<li>Fonction de GPS assist\u00e9e (A-GPS)<\/li>\n<\/ul>\n<\/li>\n<li>Cam\u00e9ra\/Appareil Photo: 12 mpx<\/li>\n<li>Connexions: USB-C<\/li>\n<li>Ecran: 13&#8243;<\/li>\n<li>Processeur:\n<ul>\n<li>Octa Core<\/li>\n<li>Apple M M4<\/li>\n<\/ul>\n<\/li>\n<li>M\u00e9moire RAM: 12 GB<\/li>\n<li>M\u00e9moire interne: 128 GB<\/li>\n<li>Couleur: Gris<\/li>\n<\/ul>","protected":false},"excerpt":{"rendered":"<p>Si vous \u00eates passionn\u00e9 d&#8217;informatique et d&#8217;\u00e9lectronique, si vous \u00eates \u00e0 la pointe de la technologie et qu&#8217;aucun d\u00e9tail ne vous \u00e9chappe, achetez Tablette Apple iPad Air 2026 M4 128GB 13&#8243; Octa Core Apple M M4 12 GB 128 GB Gris au meilleur prix. Type: Tablette Produit \u00e0 brancher: Oui Bloc d\u2019Alimentation: Batterie r\u00e9seau \u00e9lectrique [&hellip;]<\/p>\n","protected":false},"featured_media":148633,"comment_status":"open","ping_status":"closed","template":"","meta":[],"product_brand":[979],"product_cat":[575,65,1052],"product_tag":[566,106],"class_list":{"0":"post-148636","1":"product","2":"type-product","3":"status-publish","4":"has-post-thumbnail","6":"product_brand-brandp_533","7":"product_cat-electronique-telephonie-et-tablettes","8":"product_cat-informatique-electronique","9":"product_cat-tablettes","10":"product_tag-tag_547","11":"product_tag-tag_1295","13":"first","14":"instock","15":"taxable","16":"shipping-taxable","17":"purchasable","18":"product-type-simple"},"_links":{"self":[{"href":"https:\/\/bigbuy.tupique.com\/pt\/wp-json\/wp\/v2\/product\/148636","targetHints":{"allow":["GET"]}}],"collection":[{"href":"https:\/\/bigbuy.tupique.com\/pt\/wp-json\/wp\/v2\/product"}],"about":[{"href":"https:\/\/bigbuy.tupique.com\/pt\/wp-json\/wp\/v2\/types\/product"}],"replies":[{"embeddable":true,"href":"https:\/\/bigbuy.tupique.com\/pt\/wp-json\/wp\/v2\/comments?post=148636"}],"wp:featuredmedia":[{"embeddable":true,"href":"https:\/\/bigbuy.tupique.com\/pt\/wp-json\/wp\/v2\/media\/148633"}],"wp:attachment":[{"href":"https:\/\/bigbuy.tupique.com\/pt\/wp-json\/wp\/v2\/media?parent=148636"}],"wp:term":[{"taxonomy":"product_brand","embeddable":true,"href":"https:\/\/bigbuy.tupique.com\/pt\/wp-json\/wp\/v2\/product_brand?post=148636"},{"taxonomy":"product_cat","embeddable":true,"href":"https:\/\/bigbuy.tupique.com\/pt\/wp-json\/wp\/v2\/product_cat?post=148636"},{"taxonomy":"product_tag","embeddable":true,"href":"https:\/\/bigbuy.tupique.com\/pt\/wp-json\/wp\/v2\/product_tag?post=148636"}],"curies":[{"name":"wp","href":"https:\/\/api.w.org\/{rel}","templated":true}]}}