{"id":14861,"date":"2026-03-29T12:23:30","date_gmt":"2026-03-29T11:23:30","guid":{"rendered":"https:\/\/bigbuy.tupique.com\/produto\/network-storage-overland-tandberg-8920-rdx\/"},"modified":"2026-04-15T00:12:08","modified_gmt":"2026-04-14T23:12:08","slug":"network-storage-overland-tandberg-8920-rdx","status":"publish","type":"product","link":"https:\/\/bigbuy.tupique.com\/pt\/produto\/network-storage-overland-tandberg-8920-rdx\/","title":{"rendered":"Stockage r\u00e9seau Overland-Tandberg 8920-RDX"},"content":{"rendered":"<p>Si vous \u00eates passionn\u00e9 d&#8217;<b>informatique et d&#8217;\u00e9lectronique<\/b>, si vous \u00eates \u00e0 la pointe de la technologie et qu&#8217;aucun d\u00e9tail ne vous \u00e9chappe, achetez <b>Stockage r\u00e9seau Overland-Tandberg 8920-RDX<\/b> au meilleur prix.<\/p>\n<ul>\n<li>Type:\n<ul>\n<li>RDX<\/li>\n<li>HDD<\/li>\n<\/ul>\n<\/li>\n<li>Connexions:\n<ul>\n<li>Ethernet LAN<\/li>\n<li>HDMI<\/li>\n<li>USB<\/li>\n<li>USB 2.0 x 3<\/li>\n<li>USB 2.0 x 2<\/li>\n<\/ul>\n<\/li>\n<li>Couleur: Noir<\/li>\n<li>Compartiments 3,5&#8243;: 4<\/li>\n<li>Fr\u00e9quence: 50 &#8211; 60 Hz<\/li>\n<li>Syst\u00e8me d&#8217;exploitation: Windows 10 Pro<\/li>\n<li>Certificat: RoHS<\/li>\n<li>Pr\u00e9cision (humidit\u00e9 relative): 20 % &#8211; 80 %<\/li>\n<li>Tension d&#8217;entr\u00e9e AC: 100 &#8211; 240 V<\/li>\n<\/ul>","protected":false},"excerpt":{"rendered":"<p>Si vous \u00eates passionn\u00e9 d&#8217;informatique et d&#8217;\u00e9lectronique, si vous \u00eates \u00e0 la pointe de la technologie et qu&#8217;aucun d\u00e9tail ne vous \u00e9chappe, achetez Stockage r\u00e9seau Overland-Tandberg 8920-RDX au meilleur prix. Type: RDX HDD Connexions: Ethernet LAN HDMI USB USB 2.0 x 3 USB 2.0 x 2 Couleur: Noir Compartiments 3,5&#8243;: 4 Fr\u00e9quence: 50 &#8211; 60 [&hellip;]<\/p>\n","protected":false},"featured_media":14860,"comment_status":"open","ping_status":"closed","template":"","meta":[],"product_brand":[666],"product_cat":[588,65,584],"product_tag":[106],"class_list":{"0":"post-14861","1":"product","2":"type-product","3":"status-publish","4":"has-post-thumbnail","6":"product_brand-brandp_5424","7":"product_cat-disques-durs","8":"product_cat-informatique-electronique","9":"product_cat-informatique-reseaux-et-composants","10":"product_tag-tag_1295","12":"first","13":"instock","14":"taxable","15":"shipping-taxable","16":"purchasable","17":"product-type-simple"},"_links":{"self":[{"href":"https:\/\/bigbuy.tupique.com\/pt\/wp-json\/wp\/v2\/product\/14861","targetHints":{"allow":["GET"]}}],"collection":[{"href":"https:\/\/bigbuy.tupique.com\/pt\/wp-json\/wp\/v2\/product"}],"about":[{"href":"https:\/\/bigbuy.tupique.com\/pt\/wp-json\/wp\/v2\/types\/product"}],"replies":[{"embeddable":true,"href":"https:\/\/bigbuy.tupique.com\/pt\/wp-json\/wp\/v2\/comments?post=14861"}],"wp:featuredmedia":[{"embeddable":true,"href":"https:\/\/bigbuy.tupique.com\/pt\/wp-json\/wp\/v2\/media\/14860"}],"wp:attachment":[{"href":"https:\/\/bigbuy.tupique.com\/pt\/wp-json\/wp\/v2\/media?parent=14861"}],"wp:term":[{"taxonomy":"product_brand","embeddable":true,"href":"https:\/\/bigbuy.tupique.com\/pt\/wp-json\/wp\/v2\/product_brand?post=14861"},{"taxonomy":"product_cat","embeddable":true,"href":"https:\/\/bigbuy.tupique.com\/pt\/wp-json\/wp\/v2\/product_cat?post=14861"},{"taxonomy":"product_tag","embeddable":true,"href":"https:\/\/bigbuy.tupique.com\/pt\/wp-json\/wp\/v2\/product_tag?post=14861"}],"curies":[{"name":"wp","href":"https:\/\/api.w.org\/{rel}","templated":true}]}}