{"id":14859,"date":"2026-03-29T12:23:28","date_gmt":"2026-03-29T11:23:28","guid":{"rendered":"https:\/\/bigbuy.tupique.com\/produto\/switch-trendnet-tpe-3018ls\/"},"modified":"2026-04-16T10:19:51","modified_gmt":"2026-04-16T09:19:51","slug":"switch-trendnet-tpe-3018ls","status":"publish","type":"product","link":"https:\/\/bigbuy.tupique.com\/pt\/produto\/switch-trendnet-tpe-3018ls\/","title":{"rendered":"Switch Trendnet TPE-3018LS"},"content":{"rendered":"<p>Si vous \u00eates passionn\u00e9 d&#8217;<b>informatique et d&#8217;\u00e9lectronique<\/b>, si vous \u00eates \u00e0 la pointe de la technologie et qu&#8217;aucun d\u00e9tail ne vous \u00e9chappe, achetez <b>Switch Trendnet TPE-3018LS          <\/b> au meilleur prix.<\/p>\n<p>Le <b>Trendnet TPE-3018LS<\/b> est un <b>switch manageable<\/b> robuste sp\u00e9cialement con\u00e7u pour optimiser les r\u00e9seaux de vid\u00e9osurveillance IP avec la technologie avanc\u00e9e PoE+. Ce switch \u00e0 18 ports Gigabit Ethernet <b>(10\/100\/1000 Mbps)<\/b> offre une connectivit\u00e9 fiable et rapide, id\u00e9al pour les int\u00e9grateurs et installateurs recherchant une solution professionnelle et efficace pour les syst\u00e8mes de vid\u00e9osurveillance. Avec une <b>capacit\u00e9 de commutation de 36 Gbit\/s<\/b> et le support full duplex, il garantit un transfert simultan\u00e9 et stable des donn\u00e9es entre plusieurs cam\u00e9ras et appareils connect\u00e9s. Sa compatibilit\u00e9 avec la norme ONVIF permet une int\u00e9gration directe avec les cam\u00e9ras IP et les NVR pour des fonctions avanc\u00e9es telles que la configuration distante des IP et la visualisation vid\u00e9o depuis l\u2019interface graphique du switch, facilitant grandement la gestion et la supervision du r\u00e9seau de s\u00e9curit\u00e9. Il int\u00e8gre \u00e9galement des fonctions pratiques comme l\u2019auto-r\u00e9paration et la programmation de l\u2019alimentation, assurant la r\u00e9cup\u00e9ration automatique des appareils PoE, avec une puissance totale disponible de <b>30 W<\/b>, suffisante pour alimenter cam\u00e9ras et autres dispositifs compatibles sans sources externes. Sa conception en couleur <b>noir<\/b> et son format <b>1U pour montage en rack<\/b> le rendent adapt\u00e9 aux environnements professionnels et organis\u00e9s, tout en supportant les principaux standards r\u00e9seau (IEEE 802.1D, 802.1Q, 802.1X, entre autres), garantissant s\u00e9curit\u00e9 et qualit\u00e9 de service. Ce switch dispose d\u2019une table d\u2019adresses MAC pouvant contenir <b>8 000 entr\u00e9es<\/b>, facilitant une gestion d\u00e9taill\u00e9e et un contr\u00f4le efficace du trafic r\u00e9seau. Le Trendnet TPE-3018LS fonctionne avec une alimentation <b>220 V<\/b> via c\u00e2ble secteur, assurant une installation stable et durable. En r\u00e9sum\u00e9, ce switch Gigabit PoE+ manageable offre un \u00e9quilibre optimal entre puissance, performance et facilit\u00e9 d\u2019administration pour les environnements de vid\u00e9osurveillance professionnelle.<\/p>\n<ul>\n<li>Couleur: Noir<\/li>\n<li>Largeur: 44 cm<\/li>\n<li>Produit \u00e0 brancher: Oui<\/li>\n<li>Type de prise: Prise EU<\/li>\n<li>Ports: 18<\/li>\n<li>Type: Switch<\/li>\n<li>Bloc d\u2019Alimentation:\n<ul>\n<li>r\u00e9seau \u00e9lectrique<\/li>\n<li>Cordon d&#8217;alimentation CA<\/li>\n<li>Incluses<\/li>\n<\/ul>\n<\/li>\n<li>Connexions:\n<ul>\n<li>2<\/li>\n<li>PoE<\/li>\n<li>Ethernet LAN<\/li>\n<\/ul>\n<\/li>\n<li>Tension:\n<ul>\n<li>100-240 V<\/li>\n<li>220 V<\/li>\n<li>100 &#8211; 240 V<\/li>\n<\/ul>\n<\/li>\n<li>Ventillateur: 1<\/li>\n<li>Fr\u00e9quence: 50-60 Hz<\/li>\n<li>puissance: 30 W<\/li>\n<li>Caract\u00e9ristiques: T\u00e9moin de fonctionnement LED<\/li>\n<li>Fr\u00e9quence d&#8217;entr\u00e9e AC: 50-60 Hz<\/li>\n<li>Facteur de forme: 1U<\/li>\n<li>Pr\u00e9cision (humidit\u00e9 relative): 0 % &#8211; 90 %<\/li>\n<li>S\u00e9curit\u00e9: IGMP<\/li>\n<\/ul>","protected":false},"excerpt":{"rendered":"<p>Si vous \u00eates passionn\u00e9 d&#8217;informatique et d&#8217;\u00e9lectronique, si vous \u00eates \u00e0 la pointe de la technologie et qu&#8217;aucun d\u00e9tail ne vous \u00e9chappe, achetez Switch Trendnet TPE-3018LS au meilleur prix. Le Trendnet TPE-3018LS est un switch manageable robuste sp\u00e9cialement con\u00e7u pour optimiser les r\u00e9seaux de vid\u00e9osurveillance IP avec la technologie avanc\u00e9e PoE+. Ce switch \u00e0 18 [&hellip;]<\/p>\n","protected":false},"featured_media":14856,"comment_status":"open","ping_status":"closed","template":"","meta":[],"product_brand":[635],"product_cat":[65,584,585],"product_tag":[106],"class_list":{"0":"post-14859","1":"product","2":"type-product","3":"status-publish","4":"has-post-thumbnail","6":"product_brand-brandp_4777","7":"product_cat-informatique-electronique","8":"product_cat-informatique-reseaux-et-composants","9":"product_cat-switch","10":"product_tag-tag_1295","12":"first","13":"instock","14":"taxable","15":"shipping-taxable","16":"purchasable","17":"product-type-simple"},"_links":{"self":[{"href":"https:\/\/bigbuy.tupique.com\/pt\/wp-json\/wp\/v2\/product\/14859","targetHints":{"allow":["GET"]}}],"collection":[{"href":"https:\/\/bigbuy.tupique.com\/pt\/wp-json\/wp\/v2\/product"}],"about":[{"href":"https:\/\/bigbuy.tupique.com\/pt\/wp-json\/wp\/v2\/types\/product"}],"replies":[{"embeddable":true,"href":"https:\/\/bigbuy.tupique.com\/pt\/wp-json\/wp\/v2\/comments?post=14859"}],"wp:featuredmedia":[{"embeddable":true,"href":"https:\/\/bigbuy.tupique.com\/pt\/wp-json\/wp\/v2\/media\/14856"}],"wp:attachment":[{"href":"https:\/\/bigbuy.tupique.com\/pt\/wp-json\/wp\/v2\/media?parent=14859"}],"wp:term":[{"taxonomy":"product_brand","embeddable":true,"href":"https:\/\/bigbuy.tupique.com\/pt\/wp-json\/wp\/v2\/product_brand?post=14859"},{"taxonomy":"product_cat","embeddable":true,"href":"https:\/\/bigbuy.tupique.com\/pt\/wp-json\/wp\/v2\/product_cat?post=14859"},{"taxonomy":"product_tag","embeddable":true,"href":"https:\/\/bigbuy.tupique.com\/pt\/wp-json\/wp\/v2\/product_tag?post=14859"}],"curies":[{"name":"wp","href":"https:\/\/api.w.org\/{rel}","templated":true}]}}