{"id":148577,"date":"2026-04-08T18:14:42","date_gmt":"2026-04-08T17:14:42","guid":{"rendered":"https:\/\/bigbuy.tupique.com\/produto\/smart-tv-hisense-50a6s-3840-x-2160-px-50-dts-dvb-t2-dvb-s2\/"},"modified":"2026-04-15T08:50:45","modified_gmt":"2026-04-15T07:50:45","slug":"smart-tv-hisense-50a6s-3840-x-2160-px-50-dts-dvb-t2-dvb-s2","status":"publish","type":"product","link":"https:\/\/bigbuy.tupique.com\/pt\/produto\/smart-tv-hisense-50a6s-3840-x-2160-px-50-dts-dvb-t2-dvb-s2\/","title":{"rendered":"TV intelligente Hisense 50A6S 3840 x 2160 px 50&#8243; DTS DVB-T2 DVB-S2"},"content":{"rendered":"<p>Si vous \u00eates passionn\u00e9 d&#8217;<b>informatique et d&#8217;\u00e9lectronique<\/b>, si vous \u00eates \u00e0 la pointe de la technologie et qu&#8217;aucun d\u00e9tail ne vous \u00e9chappe, achetez <b>TV intelligente Hisense 50A6S 3840 x 2160 px 50&#8243; DTS DVB-T2 DVB-S2<\/b> au meilleur prix.<\/p>\n<ul>\n<li>Classification \u00e9nerg\u00e9tique: E<\/li>\n<li>Ecran: 50&#8243;<\/li>\n<li>Couleur: Noir<\/li>\n<li>Caract\u00e9ristiques:\n<ul>\n<li>TV intelligente<\/li>\n<li>Plate<\/li>\n<\/ul>\n<\/li>\n<li>Rapport d&#8217;aspect: 16:9<\/li>\n<li>Format: 16:9<\/li>\n<li>Connectivit\u00e9: Interface commune<\/li>\n<li>TV intelligente: Oui<\/li>\n<li>R\u00e9solution: 3840 x 2160 px<\/li>\n<li>Compatible: DVB-T2<\/li>\n<li>R\u00e9cepteur: DVB-T, DVB-C, DVB-S, DVB-T2, DVB-S2<\/li>\n<li>Technologie:\n<ul>\n<li>DTS<\/li>\n<li>DVB-T2<\/li>\n<li>DVB-S2<\/li>\n<\/ul>\n<\/li>\n<li>Montage: VESA<\/li>\n<li>R\u00e9solution (px): 3840 x 2160 px<\/li>\n<li>Diagonale de l&#8217;\u00e9cran (cm): 127 cm<\/li>\n<\/ul>","protected":false},"excerpt":{"rendered":"<p>Si vous \u00eates passionn\u00e9 d&#8217;informatique et d&#8217;\u00e9lectronique, si vous \u00eates \u00e0 la pointe de la technologie et qu&#8217;aucun d\u00e9tail ne vous \u00e9chappe, achetez TV intelligente Hisense 50A6S 3840 x 2160 px 50&#8243; DTS DVB-T2 DVB-S2 au meilleur prix. Classification \u00e9nerg\u00e9tique: E Ecran: 50&#8243; Couleur: Noir Caract\u00e9ristiques: TV intelligente Plate Rapport d&#8217;aspect: 16:9 Format: 16:9 Connectivit\u00e9: [&hellip;]<\/p>\n","protected":false},"featured_media":148575,"comment_status":"open","ping_status":"closed","template":"","meta":[],"product_brand":[1341],"product_cat":[589,65,957],"product_tag":[],"class_list":{"0":"post-148577","1":"product","2":"type-product","3":"status-publish","4":"has-post-thumbnail","6":"product_brand-brandp_612","7":"product_cat-electronique-television","8":"product_cat-informatique-electronique","9":"product_cat-televisions-et-smart-tv","11":"first","12":"instock","13":"taxable","14":"shipping-taxable","15":"purchasable","16":"product-type-simple"},"_links":{"self":[{"href":"https:\/\/bigbuy.tupique.com\/pt\/wp-json\/wp\/v2\/product\/148577","targetHints":{"allow":["GET"]}}],"collection":[{"href":"https:\/\/bigbuy.tupique.com\/pt\/wp-json\/wp\/v2\/product"}],"about":[{"href":"https:\/\/bigbuy.tupique.com\/pt\/wp-json\/wp\/v2\/types\/product"}],"replies":[{"embeddable":true,"href":"https:\/\/bigbuy.tupique.com\/pt\/wp-json\/wp\/v2\/comments?post=148577"}],"wp:featuredmedia":[{"embeddable":true,"href":"https:\/\/bigbuy.tupique.com\/pt\/wp-json\/wp\/v2\/media\/148575"}],"wp:attachment":[{"href":"https:\/\/bigbuy.tupique.com\/pt\/wp-json\/wp\/v2\/media?parent=148577"}],"wp:term":[{"taxonomy":"product_brand","embeddable":true,"href":"https:\/\/bigbuy.tupique.com\/pt\/wp-json\/wp\/v2\/product_brand?post=148577"},{"taxonomy":"product_cat","embeddable":true,"href":"https:\/\/bigbuy.tupique.com\/pt\/wp-json\/wp\/v2\/product_cat?post=148577"},{"taxonomy":"product_tag","embeddable":true,"href":"https:\/\/bigbuy.tupique.com\/pt\/wp-json\/wp\/v2\/product_tag?post=148577"}],"curies":[{"name":"wp","href":"https:\/\/api.w.org\/{rel}","templated":true}]}}