{"id":14835,"date":"2026-03-29T12:22:53","date_gmt":"2026-03-29T11:22:53","guid":{"rendered":"https:\/\/bigbuy.tupique.com\/produto\/battery-for-uninterruptible-power-supply-system-ups-apc-apcrbc157\/"},"modified":"2026-04-16T09:11:44","modified_gmt":"2026-04-16T08:11:44","slug":"battery-for-uninterruptible-power-supply-system-ups-apc-apcrbc157","status":"publish","type":"product","link":"https:\/\/bigbuy.tupique.com\/pt\/produto\/battery-for-uninterruptible-power-supply-system-ups-apc-apcrbc157\/","title":{"rendered":"Batterie pour Syst\u00e8me d&#8217;Alimentation Sans Interruption APC APCRBC157"},"content":{"rendered":"<p>Si vous \u00eates passionn\u00e9 d&#8217;<b>informatique et d&#8217;\u00e9lectronique<\/b>, si vous \u00eates \u00e0 la pointe de la technologie et qu&#8217;aucun d\u00e9tail ne vous \u00e9chappe, achetez <b>Batterie pour Syst\u00e8me d&#8217;Alimentation Sans Interruption APC APCRBC157<\/b> au meilleur prix.<\/p>\n<ul>\n<li>Couleur: Noir<\/li>\n<li>Technologie: VRLA<\/li>\n<li>Type: Batterie<\/li>\n<li>Compatible: APC<\/li>\n<li>Plage d&#8217;humidit\u00e9 de travail: 0 % &#8211; 95 %<\/li>\n<li>Nombre de pi\u00e8ces: 1 Pi\u00e8ce<\/li>\n<\/ul>","protected":false},"excerpt":{"rendered":"<p>Si vous \u00eates passionn\u00e9 d&#8217;informatique et d&#8217;\u00e9lectronique, si vous \u00eates \u00e0 la pointe de la technologie et qu&#8217;aucun d\u00e9tail ne vous \u00e9chappe, achetez Batterie pour Syst\u00e8me d&#8217;Alimentation Sans Interruption APC APCRBC157 au meilleur prix. Couleur: Noir Technologie: VRLA Type: Batterie Compatible: APC Plage d&#8217;humidit\u00e9 de travail: 0 % &#8211; 95 % Nombre de pi\u00e8ces: 1 [&hellip;]<\/p>\n","protected":false},"featured_media":14834,"comment_status":"open","ping_status":"closed","template":"","meta":[],"product_brand":[649],"product_cat":[65,581,603],"product_tag":[106],"class_list":{"0":"post-14835","1":"product","2":"type-product","3":"status-publish","4":"has-post-thumbnail","6":"product_brand-brandp_532","7":"product_cat-informatique-electronique","8":"product_cat-informatique-peripheriques-et-consommables","9":"product_cat-ups","10":"product_tag-tag_1295","12":"first","13":"instock","14":"taxable","15":"shipping-taxable","16":"purchasable","17":"product-type-simple"},"_links":{"self":[{"href":"https:\/\/bigbuy.tupique.com\/pt\/wp-json\/wp\/v2\/product\/14835","targetHints":{"allow":["GET"]}}],"collection":[{"href":"https:\/\/bigbuy.tupique.com\/pt\/wp-json\/wp\/v2\/product"}],"about":[{"href":"https:\/\/bigbuy.tupique.com\/pt\/wp-json\/wp\/v2\/types\/product"}],"replies":[{"embeddable":true,"href":"https:\/\/bigbuy.tupique.com\/pt\/wp-json\/wp\/v2\/comments?post=14835"}],"wp:featuredmedia":[{"embeddable":true,"href":"https:\/\/bigbuy.tupique.com\/pt\/wp-json\/wp\/v2\/media\/14834"}],"wp:attachment":[{"href":"https:\/\/bigbuy.tupique.com\/pt\/wp-json\/wp\/v2\/media?parent=14835"}],"wp:term":[{"taxonomy":"product_brand","embeddable":true,"href":"https:\/\/bigbuy.tupique.com\/pt\/wp-json\/wp\/v2\/product_brand?post=14835"},{"taxonomy":"product_cat","embeddable":true,"href":"https:\/\/bigbuy.tupique.com\/pt\/wp-json\/wp\/v2\/product_cat?post=14835"},{"taxonomy":"product_tag","embeddable":true,"href":"https:\/\/bigbuy.tupique.com\/pt\/wp-json\/wp\/v2\/product_tag?post=14835"}],"curies":[{"name":"wp","href":"https:\/\/api.w.org\/{rel}","templated":true}]}}