{"id":148260,"date":"2026-04-08T17:49:16","date_gmt":"2026-04-08T16:49:16","guid":{"rendered":"https:\/\/bigbuy.tupique.com\/produto\/processor-intel-i9-12900k-intel-core-i9-12900k-lga-1700\/"},"modified":"2026-04-16T22:30:36","modified_gmt":"2026-04-16T21:30:36","slug":"processor-intel-i9-12900k-intel-core-i9-12900k-lga-1700","status":"publish","type":"product","link":"https:\/\/bigbuy.tupique.com\/pt\/produto\/processor-intel-i9-12900k-intel-core-i9-12900k-lga-1700\/","title":{"rendered":"Processeur Intel i9-12900K Intel Core i9-12900K LGA 1700"},"content":{"rendered":"<p>Si vous \u00eates passionn\u00e9 d&#8217;<b>informatique et d&#8217;\u00e9lectronique<\/b>, si vous \u00eates \u00e0 la pointe de la technologie et qu&#8217;aucun d\u00e9tail ne vous \u00e9chappe, achetez <b>Processeur Intel i9-12900K Intel Core i9-12900K LGA 1700<\/b> au meilleur prix.<\/p>\n<p>Le <b>processeur<\/b> <b>Intel Core i9-12900K<\/b> de 12e g\u00e9n\u00e9ration est con\u00e7u pour les PC de bureau hautes performances, avec une architecture hybride avanc\u00e9e et <b>16 c\u0153urs physiques<\/b> r\u00e9partis en <b>8 Performance-cores (P-cores)<\/b> et <b>8 Efficient-cores (E-cores)<\/b>, ainsi que <b>24 threads<\/b> gr\u00e2ce \u00e0 Intel\u00ae Hyper-Threading, offrant une grande puissance de calcul en t\u00e2ches mono\u2011c\u0153ur et en charges multic\u0153urs exigeantes de <b>gaming<\/b> et de cr\u00e9ation de contenu. Il utilise le <b>socket LGA 1700<\/b> et est compatible avec les cartes m\u00e8res prenant en charge <b>PCI Express 5.0 et 4.0<\/b>, facilitant l\u2019int\u00e9gration avec les cartes graphiques et SSD de derni\u00e8re g\u00e9n\u00e9ration. Sa fr\u00e9quence turbo maximale atteint <b>5,2 GHz<\/b> via <b>Intel\u00ae Turbo Boost 2.0<\/b> et <b>Intel\u00ae Turbo Boost Max Technology 3.0<\/b>, tandis que les fr\u00e9quences sp\u00e9cifiques des P\u2011cores et E\u2011cores optimisent l\u2019\u00e9quilibre entre performances et efficacit\u00e9, avec un TDP de base de <b>125 W<\/b> et une puissance turbo maximale de 241 W, n\u00e9cessitant une solution de refroidissement adapt\u00e9e (non incluse). Il int\u00e8gre <b>30 Mo d\u2019Intel\u00ae Smart Cache<\/b>, r\u00e9duisant les latences d\u2019acc\u00e8s aux donn\u00e9es et am\u00e9liorant la r\u00e9activit\u00e9 dans les applications intensives. C\u00f4t\u00e9 m\u00e9moire, le i9-12900K prend en charge jusqu\u2019\u00e0 <b>128 Go<\/b> en <b>double canal<\/b> avec <b>DDR4-SDRAM et DDR5-SDRAM<\/b>, offrant une bande passante maximale de 76,8 Go\/s et la compatibilit\u00e9 avec des configurations avec ou sans ECC selon la carte m\u00e8re. Il inclut un GPU int\u00e9gr\u00e9 <b>Intel UHD Graphics 770<\/b> avec fr\u00e9quence dynamique jusqu\u2019\u00e0 <b>1550 MHz<\/b>, prise en charge de <b>4 \u00e9crans<\/b> et r\u00e9solutions jusqu\u2019\u00e0 <b>7680 x 4320 pixels<\/b> via DisplayPort, ainsi que la compatibilit\u00e9 <b>DirectX 12.0<\/b> et <b>OpenGL 4.5<\/b>, permettant l\u2019usage du PC sans carte graphique d\u00e9di\u00e9e et des sc\u00e9narios professionnels avec plusieurs moniteurs. Ce processeur embarque un vaste ensemble de technologies Intel d\u00e9di\u00e9es \u00e0 la s\u00e9curit\u00e9, \u00e0 la gestion et \u00e0 l\u2019optimisation des performances, comme <b>Intel\u00ae Thread Director<\/b> pour l\u2019affectation intelligente des t\u00e2ches entre c\u0153urs P et E, <b>Intel\u00ae Virtualization Technology (VT-x et VT-d)<\/b>, Intel\u00ae AES-NI, Intel\u00ae AMT, prise en charge d\u2019<b>Intel vPro\u00ae<\/b> sur plateformes \u00e9ligibles et compatibilit\u00e9 avec <b>Intel Optane<\/b>, renfor\u00e7ant performances et fiabilit\u00e9 en environnements de travail et usage intensif. Fourni en <b>bo\u00eete<\/b> pour la distribution, sans dissipateur inclus, l\u2019Intel Core i9-12900K s\u2019impose comme une solution de processeur de bureau tr\u00e8s compl\u00e8te pour les syst\u00e8mes orient\u00e9s jeux avanc\u00e9s, stations de travail et plateformes de productivit\u00e9 exigeantes.<\/p>\n<ul>\n<li>Type:\n<ul>\n<li>Processeur<\/li>\n<li>DDR4<\/li>\n<li>Jeux<\/li>\n<\/ul>\n<\/li>\n<li>Type de m\u00e9moire:\n<ul>\n<li>DDR5 SDRAM<\/li>\n<li>DDR4 SDRAM<\/li>\n<\/ul>\n<\/li>\n<li>Cha\u00eenes: 2<\/li>\n<li>Exigences: 64 bits<\/li>\n<li>Utilisation recommand\u00e9e:\n<ul>\n<li>PC de bureau<\/li>\n<li>Jeux<\/li>\n<\/ul>\n<\/li>\n<li>Fr\u00e9quence:\n<ul>\n<li>60 Hz<\/li>\n<li>120 Hz<\/li>\n<\/ul>\n<\/li>\n<li>Processeur:\n<ul>\n<li>Intel Core i9<\/li>\n<li>Intel Core I9-12900K<\/li>\n<li>Intel Core i9-12900K<\/li>\n<\/ul>\n<\/li>\n<li>Cache:\n<ul>\n<li>Smart Cache<\/li>\n<li>30 MB<\/li>\n<\/ul>\n<\/li>\n<li>vitesse:\n<ul>\n<li>2,4 GHz<\/li>\n<li>5,1 GHZ<\/li>\n<li>5,2 ghz<\/li>\n<li>3,9 ghz<\/li>\n<li>3,2 ghz<\/li>\n<li>2 GHz<\/li>\n<li>5.2 Ghz<\/li>\n<\/ul>\n<\/li>\n<li>Socket:\n<ul>\n<li>LGA1700<\/li>\n<li>LGA 1700<\/li>\n<\/ul>\n<\/li>\n<li>Noyaux:\n<ul>\n<li>8 Noyaux<\/li>\n<li>1 c\u0153ur<\/li>\n<li>16 Noyaux<\/li>\n<\/ul>\n<\/li>\n<li>Famille de processeurs:\n<ul>\n<li>Intel Core i9<\/li>\n<li>Intel<\/li>\n<\/ul>\n<\/li>\n<li>R\u00e9solution (px):\n<ul>\n<li>4096 x 2160 px<\/li>\n<li>7680 x 4320 px<\/li>\n<li>5120 x 3200 px<\/li>\n<\/ul>\n<\/li>\n<li>Caract\u00e9ristiques:\n<ul>\n<li>OpenGL 4.5<\/li>\n<li>Adaptateur graphique int\u00e9gr\u00e9<\/li>\n<\/ul>\n<\/li>\n<li>\u00c9crans support\u00e9s: x 4<\/li>\n<li>M\u00e9moire RAM maximale: 128 GB<\/li>\n<li>Nombre de fils: 24<\/li>\n<li>Technologie:\n<ul>\n<li>Intel Hyper-Threading<\/li>\n<li>VT-d<\/li>\n<li>VT-x<\/li>\n<\/ul>\n<\/li>\n<li>Compatible:\n<ul>\n<li>pci express 4.0<\/li>\n<li>pci express 5.0<\/li>\n<li>Intel\u00ae Turbo Boost Technology 2.0<\/li>\n<li>Intel Optane<\/li>\n<li>PC<\/li>\n<\/ul>\n<\/li>\n<li>Contr\u00f4leur graphique: INTEL UHD GRAPHICS 770<\/li>\n<li>Couleur: Blanc<\/li>\n<li>Plate-forme: Windows<\/li>\n<li>Emballage: Caisse<\/li>\n<li>Taille maximale de la carte m\u00e9moire: 128 GB<\/li>\n<li>puissance: 125 W<\/li>\n<li>M\u00e9moire RAM: 128 GB<\/li>\n<li>R\u00e9solution: 5120 x 3200 px<\/li>\n<li>Non Inclus: Adaptateur graphique discret<\/li>\n<li>Interface: DirectX 12.0<\/li>\n<li>PCI Express: X20<\/li>\n<\/ul>","protected":false},"excerpt":{"rendered":"<p>Si vous \u00eates passionn\u00e9 d&#8217;informatique et d&#8217;\u00e9lectronique, si vous \u00eates \u00e0 la pointe de la technologie et qu&#8217;aucun d\u00e9tail ne vous \u00e9chappe, achetez Processeur Intel i9-12900K Intel Core i9-12900K LGA 1700 au meilleur prix. Le processeur Intel Core i9-12900K de 12e g\u00e9n\u00e9ration est con\u00e7u pour les PC de bureau hautes performances, avec une architecture hybride [&hellip;]<\/p>\n","protected":false},"featured_media":148243,"comment_status":"open","ping_status":"closed","template":"","meta":[],"product_brand":[982],"product_cat":[65,584,743],"product_tag":[106],"class_list":{"0":"post-148260","1":"product","2":"type-product","3":"status-publish","4":"has-post-thumbnail","6":"product_brand-brandp_555","7":"product_cat-informatique-electronique","8":"product_cat-informatique-reseaux-et-composants","9":"product_cat-processeurs","10":"product_tag-tag_1295","12":"first","13":"instock","14":"taxable","15":"shipping-taxable","16":"purchasable","17":"product-type-simple"},"_links":{"self":[{"href":"https:\/\/bigbuy.tupique.com\/pt\/wp-json\/wp\/v2\/product\/148260","targetHints":{"allow":["GET"]}}],"collection":[{"href":"https:\/\/bigbuy.tupique.com\/pt\/wp-json\/wp\/v2\/product"}],"about":[{"href":"https:\/\/bigbuy.tupique.com\/pt\/wp-json\/wp\/v2\/types\/product"}],"replies":[{"embeddable":true,"href":"https:\/\/bigbuy.tupique.com\/pt\/wp-json\/wp\/v2\/comments?post=148260"}],"wp:featuredmedia":[{"embeddable":true,"href":"https:\/\/bigbuy.tupique.com\/pt\/wp-json\/wp\/v2\/media\/148243"}],"wp:attachment":[{"href":"https:\/\/bigbuy.tupique.com\/pt\/wp-json\/wp\/v2\/media?parent=148260"}],"wp:term":[{"taxonomy":"product_brand","embeddable":true,"href":"https:\/\/bigbuy.tupique.com\/pt\/wp-json\/wp\/v2\/product_brand?post=148260"},{"taxonomy":"product_cat","embeddable":true,"href":"https:\/\/bigbuy.tupique.com\/pt\/wp-json\/wp\/v2\/product_cat?post=148260"},{"taxonomy":"product_tag","embeddable":true,"href":"https:\/\/bigbuy.tupique.com\/pt\/wp-json\/wp\/v2\/product_tag?post=148260"}],"curies":[{"name":"wp","href":"https:\/\/api.w.org\/{rel}","templated":true}]}}