{"id":14825,"date":"2026-03-29T12:22:42","date_gmt":"2026-03-29T11:22:42","guid":{"rendered":"https:\/\/bigbuy.tupique.com\/produto\/monomode-sfp-fibre-module-startech-j4858c10pkst-10-uds\/"},"modified":"2026-04-15T00:12:03","modified_gmt":"2026-04-14T23:12:03","slug":"monomode-sfp-fibre-module-startech-j4858c10pkst-10-uds","status":"publish","type":"product","link":"https:\/\/bigbuy.tupique.com\/pt\/produto\/monomode-sfp-fibre-module-startech-j4858c10pkst-10-uds\/","title":{"rendered":"Module SFP \u00e0 fibre optique monomode Startech J4858C10PKST (10 uds)"},"content":{"rendered":"<p>Si vous \u00eates passionn\u00e9 d&#8217;<b>informatique et d&#8217;\u00e9lectronique<\/b>, si vous \u00eates \u00e0 la pointe de la technologie et qu&#8217;aucun d\u00e9tail ne vous \u00e9chappe, achetez <b>Module SFP \u00e0 fibre optique monomode Startech J4858C10PKST (10 uds)<\/b> au meilleur prix.<\/p>\n<ul>\n<li>Type:\n<ul>\n<li>\u00c9metteur-r\u00e9cepteur<\/li>\n<li>Module SFP \u00e0 fibre optique monomode<\/li>\n<li>Fibres optiques<\/li>\n<li>Module SFP+ \u00e0 fibre optique multimode<\/li>\n<\/ul>\n<\/li>\n<li>Couleur: Argent\u00e9<\/li>\n<li>Unit\u00e9s: 10 Unit\u00e9s<\/li>\n<li>Connexions:\n<ul>\n<li>SFP<\/li>\n<li>LC<\/li>\n<li>SATA<\/li>\n<\/ul>\n<\/li>\n<li>vitesse: 1250 Mbit\/s<\/li>\n<li>Mati\u00e8re: Aluminium<\/li>\n<li>Port\u00e9e: 550 m<\/li>\n<li>Longueur d&#8217;onde: 850 nm<\/li>\n<li>Ann\u00e9e: 2016<\/li>\n<li>Ports: 2<\/li>\n<li>Certificat: RoHS<\/li>\n<li>Plage de temp\u00e9ratures de travail: 0\u00ba \/ 70\u00ba<\/li>\n<\/ul>","protected":false},"excerpt":{"rendered":"<p><span class=\"unit-info\">37.0990 &euro; \/ 1 unit<\/span><\/p>","protected":false},"featured_media":14824,"comment_status":"open","ping_status":"closed","template":"","meta":[],"product_brand":[634],"product_cat":[65,584,597],"product_tag":[106],"class_list":{"0":"post-14825","1":"product","2":"type-product","3":"status-publish","4":"has-post-thumbnail","6":"product_brand-brandp_4771","7":"product_cat-informatique-electronique","8":"product_cat-informatique-reseaux-et-composants","9":"product_cat-reseaux-cables","10":"product_tag-tag_1295","12":"first","13":"instock","14":"taxable","15":"shipping-taxable","16":"purchasable","17":"product-type-simple"},"_links":{"self":[{"href":"https:\/\/bigbuy.tupique.com\/pt\/wp-json\/wp\/v2\/product\/14825","targetHints":{"allow":["GET"]}}],"collection":[{"href":"https:\/\/bigbuy.tupique.com\/pt\/wp-json\/wp\/v2\/product"}],"about":[{"href":"https:\/\/bigbuy.tupique.com\/pt\/wp-json\/wp\/v2\/types\/product"}],"replies":[{"embeddable":true,"href":"https:\/\/bigbuy.tupique.com\/pt\/wp-json\/wp\/v2\/comments?post=14825"}],"wp:featuredmedia":[{"embeddable":true,"href":"https:\/\/bigbuy.tupique.com\/pt\/wp-json\/wp\/v2\/media\/14824"}],"wp:attachment":[{"href":"https:\/\/bigbuy.tupique.com\/pt\/wp-json\/wp\/v2\/media?parent=14825"}],"wp:term":[{"taxonomy":"product_brand","embeddable":true,"href":"https:\/\/bigbuy.tupique.com\/pt\/wp-json\/wp\/v2\/product_brand?post=14825"},{"taxonomy":"product_cat","embeddable":true,"href":"https:\/\/bigbuy.tupique.com\/pt\/wp-json\/wp\/v2\/product_cat?post=14825"},{"taxonomy":"product_tag","embeddable":true,"href":"https:\/\/bigbuy.tupique.com\/pt\/wp-json\/wp\/v2\/product_tag?post=14825"}],"curies":[{"name":"wp","href":"https:\/\/api.w.org\/{rel}","templated":true}]}}