{"id":14812,"date":"2026-03-29T12:22:25","date_gmt":"2026-03-29T11:22:25","guid":{"rendered":"https:\/\/bigbuy.tupique.com\/produto\/microphone-logitech-989-000405-grey-black\/"},"modified":"2026-04-16T14:38:35","modified_gmt":"2026-04-16T13:38:35","slug":"microphone-logitech-989-000405-grey-black","status":"publish","type":"product","link":"https:\/\/bigbuy.tupique.com\/pt\/produto\/microphone-logitech-989-000405-grey-black\/","title":{"rendered":"Microphone Logitech 989-000405 Gris Noir"},"content":{"rendered":"<p>Si vous \u00eates passionn\u00e9 d&#8217;<b>informatique et d&#8217;\u00e9lectronique<\/b>, si vous \u00eates \u00e0 la pointe de la technologie et qu&#8217;aucun d\u00e9tail ne vous \u00e9chappe, achetez <b>Microphone Logitech 989-000405 Gris Noir<\/b> au meilleur prix.<\/p>\n<p>Le <b>microphone<\/b> d\u2019extension Logitech mod\u00e8le 989-000405 est un accessoire con\u00e7u pour \u00e9tendre la capacit\u00e9 de capture audio du syst\u00e8me Logitech MeetUp, id\u00e9al pour les espaces de r\u00e9union restreints. Ce microphone compl\u00e8te les microphones int\u00e9gr\u00e9s de MeetUp, qui ont une port\u00e9e allant jusqu\u2019\u00e0 2,4 m\u00e8tres, en l\u2019\u00e9tendant jusqu\u2019\u00e0 4,2 m\u00e8tres, permettant de capter clairement la voix des participants autour de la table, pr\u00e8s du mur ou m\u00eame debout. Il est con\u00e7u dans un sch\u00e9ma de couleurs <b>gris et noir<\/b>, s\u2019adaptant discr\u00e8tement aux environnements professionnels. Il offre une combinaison de connectivit\u00e9 <b>filaire et Bluetooth<\/b>, avec un c\u00e2ble de connexion de <b>6 m\u00e8tres<\/b> permettant une installation flexible sans perte de qualit\u00e9 sonore ni instabilit\u00e9 de transmission. Un bouton de mise en sourdine int\u00e9gr\u00e9 facilite le contr\u00f4le mains libres pendant les appels, avec un indicateur lumineux affichant l\u2019\u00e9tat du microphone, l\u2019activit\u00e9 de l\u2019appel ou l\u2019appairage Bluetooth, assurant une gestion intuitive et efficace des r\u00e9unions. Avec des dimensions compactes de <b>13,4 mm de hauteur et 8,3 cm de diam\u00e8tre<\/b>, ainsi qu\u2019un poids l\u00e9ger de <b>302 grammes<\/b>, ce microphone d\u2019extension ne compromet ni mobilit\u00e9 ni confort d\u2019utilisation. Son design refl\u00e8te l\u2019engagement de Logitech \u00e0 optimiser l\u2019exp\u00e9rience en visioconf\u00e9rence, garantissant une voix claire m\u00eame dans des espaces de taille variable. En r\u00e9sum\u00e9, le microphone Logitech 989-000405 est une solution technique pr\u00e9cise et polyvalente pour les professionnels recherchant une meilleure couverture sonore dans leurs espaces de travail collaboratif avec Logitech MeetUp.<\/p>\n<ul>\n<li>Connexions: C\u00e2bl\u00e9<\/li>\n<li>Son: Singe<\/li>\n<li>Longueur du c\u00e2ble: 6 m<\/li>\n<li>Couleur:\n<ul>\n<li>Gris<\/li>\n<li>Noir<\/li>\n<\/ul>\n<\/li>\n<li>Type:\n<ul>\n<li>Avec fil<\/li>\n<li>Microphone<\/li>\n<\/ul>\n<\/li>\n<li>Caract\u00e9ristiques:\n<ul>\n<li>Plug and play<\/li>\n<li>Sans fil<\/li>\n<\/ul>\n<\/li>\n<li>Connectivit\u00e9: Bluetooth<\/li>\n<li>Tension: 230 V<\/li>\n<li>Bloc d\u2019Alimentation:\n<ul>\n<li>Avec fil<\/li>\n<li>AC<\/li>\n<\/ul>\n<\/li>\n<li>Noyaux: 1 c\u0153ur<\/li>\n<\/ul>","protected":false},"excerpt":{"rendered":"<p>Si vous \u00eates passionn\u00e9 d&#8217;informatique et d&#8217;\u00e9lectronique, si vous \u00eates \u00e0 la pointe de la technologie et qu&#8217;aucun d\u00e9tail ne vous \u00e9chappe, achetez Microphone Logitech 989-000405 Gris Noir au meilleur prix. Le microphone d\u2019extension Logitech mod\u00e8le 989-000405 est un accessoire con\u00e7u pour \u00e9tendre la capacit\u00e9 de capture audio du syst\u00e8me Logitech MeetUp, id\u00e9al pour les [&hellip;]<\/p>\n","protected":false},"featured_media":14811,"comment_status":"open","ping_status":"closed","template":"","meta":[],"product_brand":[647],"product_cat":[65,581,594],"product_tag":[213,106],"class_list":{"0":"post-14812","1":"product","2":"type-product","3":"status-publish","4":"has-post-thumbnail","6":"product_brand-brandp_561","7":"product_cat-informatique-electronique","8":"product_cat-informatique-peripheriques-et-consommables","9":"product_cat-micros-et-ecouteurs","10":"product_tag-tag_933","11":"product_tag-tag_1295","13":"first","14":"instock","15":"taxable","16":"shipping-taxable","17":"purchasable","18":"product-type-simple"},"_links":{"self":[{"href":"https:\/\/bigbuy.tupique.com\/pt\/wp-json\/wp\/v2\/product\/14812","targetHints":{"allow":["GET"]}}],"collection":[{"href":"https:\/\/bigbuy.tupique.com\/pt\/wp-json\/wp\/v2\/product"}],"about":[{"href":"https:\/\/bigbuy.tupique.com\/pt\/wp-json\/wp\/v2\/types\/product"}],"replies":[{"embeddable":true,"href":"https:\/\/bigbuy.tupique.com\/pt\/wp-json\/wp\/v2\/comments?post=14812"}],"wp:featuredmedia":[{"embeddable":true,"href":"https:\/\/bigbuy.tupique.com\/pt\/wp-json\/wp\/v2\/media\/14811"}],"wp:attachment":[{"href":"https:\/\/bigbuy.tupique.com\/pt\/wp-json\/wp\/v2\/media?parent=14812"}],"wp:term":[{"taxonomy":"product_brand","embeddable":true,"href":"https:\/\/bigbuy.tupique.com\/pt\/wp-json\/wp\/v2\/product_brand?post=14812"},{"taxonomy":"product_cat","embeddable":true,"href":"https:\/\/bigbuy.tupique.com\/pt\/wp-json\/wp\/v2\/product_cat?post=14812"},{"taxonomy":"product_tag","embeddable":true,"href":"https:\/\/bigbuy.tupique.com\/pt\/wp-json\/wp\/v2\/product_tag?post=14812"}],"curies":[{"name":"wp","href":"https:\/\/api.w.org\/{rel}","templated":true}]}}